{"id":232971,"date":"2025-04-03T22:00:51","date_gmt":"2025-04-03T22:00:51","guid":{"rendered":"https:\/\/linkxa.es\/contratacion\/producto\/tablet-samsung-galaxy-tab-s9-5g\/"},"modified":"2025-08-02T01:04:47","modified_gmt":"2025-08-02T01:04:47","slug":"tablet-samsung-galaxy-tab-s9-5g","status":"publish","type":"product","link":"https:\/\/linkxa.es\/linkshop\/producto\/tablet-samsung-galaxy-tab-s9-5g\/","title":{"rendered":"Tablet samsung galaxy tab s9 5g"},"content":{"rendered":"<h3 style=\"text-align: center;\"><strong>Samsung\u00a0 |\u00a0 Tablets<\/strong><\/h3>\n<p>\u00a0<\/p>\n<p>Sobre el producto<\/p>\n<p>La pantalla Dynamic AMOLED 2X de 11&#8243; de Galaxy Tab S9 destaca por encima de cualquiera que hayas visto. Con colores m\u00e1s vivos y vibrantes que nunca, una sorprendente resoluci\u00f3n de 2560 x 1600 y una tasa de<br \/>refresco de 120 Hz, te ofrece una experiencia de uso fluida y una imagen con una calidad y un nivel de detalle inigualables.<br \/>Creada para durar y resistirlo todo<\/p>\n<p>Los modelos Galaxy Tab S9 Series son las primeras tablets premium en haber obtenido la certificaci\u00f3n IP 68, que garantiza su resistencia al polvo y al agua. As\u00ed, tu nueva tablet est\u00e1 perfectamente preparada para<br \/>acompa\u00f1arte en todas tus aventuras y actividades. Util\u00edzala donde quieras sin preocuparte de nada: \u00a1lo aguanta todo!<\/p>\n<p>Descubre un universo de beneficios Xtra<\/p>\n<p>Accede de forma sencilla a un mundo de entretenimiento y ahorra m\u00e1s que nunca. Gracias a tu Samsung Galaxy podr\u00e1s beneficiarte de un paquete de servicios valorado en m\u00e1s de 150 conYoutube Premium, Audible,<br \/>Spotify Premium, Adobe y Calm.<\/p>\n<p>Imagina disponer de la alta potencia, el eficiente rendimiento y la gran calidad de imagen propias de un ordenador port\u00e1til de \u00faltima generaci\u00f3n, pero con mucha m\u00e1s autonom\u00eda. Samsung Galaxy Tab S9 ofrece todo eso y<br \/>m\u00e1s. Con un dise\u00f1o ic\u00f3nico y compacto, fabricada con materiales de gran resistencia y sostenibles para el medio ambiente. Se trata de la primera Tablet de gama premium resistente al polvo y al agua, ya que dispone de<br \/>la certificaci\u00f3n IP68. Tanto si la utilizas para desarrollar tus proyectos profesionales como si la usas para pasar horas y horas disfrutando con tus videojuegos favoritos, Galaxy Tab S9 cuenta con los componentes m\u00e1s<br \/>avanzados para estar siempre a punto.<br \/>Caracter\u00edsticas<\/p>\n<p>Un potent\u00edsimo procesador creado especialmente para Galaxy. Galaxy Tab S9 incorpora un avanzado procesador Octa-Core Qualcomm Snapdragon 8 Gen 2 for Galaxy, el m\u00e1s potente disponible hasta la fecha en una<br \/>tablet Android. No esperes para poner a prueba su incre\u00edble chip, capaz de ofrecer un 34% m\u00e1s de potencia y un 41% de mejora en GPU.<br \/>Si t\u00fa no vas al cine, el cine viene a ti. Tener una Galaxy Tab S9 en tus manos es llevar siempre un cine encima. Empieza a disfrutar de im\u00e1genes sorprendentes en su pantalla HDR10+ y de un sonido Dolby Atmos sin<br \/>igual con sus altavoces AKG, un 20% m\u00e1s grandes que los del modelo previo. EL resultado? Tu tablet te transporta al centro de la acci\u00f3n en cada escena para que no vuelvas a echar de menos las salas de cine.<br \/>La Galaxy Tab con mayor autonom\u00eda hasta la fecha. No vuelvas a preocuparte por quedarte sin carga: Galaxy Tab S9 incorpora una bater\u00eda de gran capacidad de 8.400 mAh que te permite utilizarla durante hasta 15 horas<br \/>sin interrupciones. Adem\u00e1s, si te ves en apuros, podr\u00e1s transferir carga de tu Galaxy Tab S9 a tu smartphone Galaxy o viceversa en caso de emergencia.<br \/>Lo que tus ojos necesitan en cada momento. Tu nueva Galaxy Tab S9 incorpora la avanzada tecnolog\u00eda Eye Confort, m\u00e1s respetuosa con tus ojos, y la funci\u00f3n Vision Booster, que potencia y optimiza el nivel de brillo para<br \/>que puedas verlo todo a la perfecci\u00f3n, incluso si est\u00e1s a pleno sol.<br \/>La herramienta perfecta para tu lado m\u00e1s creativo. Galaxy Tab S9 incluye un S Pen m\u00e1s sofisticado y resistente, el primero con certificaci\u00f3n IP 68 de resistencia al polvo y al agua. Su uso es m\u00e1s fluido, lo aguanta todo y,<br \/>junto a una gran variedad de apps creativas (Samsung Notes, Good Notes, Clip Studio y m\u00e1s), est\u00e1 preparado para dar forma a tu creatividad.<br \/>Un ecosistema en perfecta armon\u00eda. Galaxy Tab S9 ha llegado para sumarse a tu Ecosistema Galaxy y aportar un equilibrio ideal. Se conecta de manera fluida e intuitiva al resto de dispositivos para que tengas a<br \/>disposici\u00f3n tus archivos y contenidos favoritos en todo momento o para que puedas localizarlos a trav\u00e9s de SmartThings Find. Todo est\u00e1 a punto para una experiencia irrepetible.<\/p>\n<p>Especificaciones Samsung Galaxy Tab S9 5G<\/p>\n<p>Exhibici\u00f3n<br \/>Diagonal de la pantalla: 27,9 cm (11&#8243;)<br \/>Resoluci\u00f3n de la pantalla: 2560 x 1600 Pixeles<br \/>Tipo de pantalla: Dynamic AMOLED 2X (120 Hz)<br \/>Brillo de pantalla: 600 cd \/ m<br \/>Tipo de cristal de pantalla: Gorilla Glass<br \/>Tipo HD: WQXGA<br \/>N\u00famero de colores de la pantalla: 16 millones de colores<\/p>\n<p>Procesador<br \/>Fabricante de procesador: Qualcomm<br \/>Familia de procesador: Qualcomm Snapdragon<br \/>Frecuencia del procesador turbo: 3,36 GHz<br \/>N\u00famero de n\u00facleos de procesador: 8<\/p>\n<p>Memoria<br \/>Memoria interna: 8 GB<\/p>\n<p>Medios de almacenaje<br \/>Capacidad de almacenamiento interno: 128 GB<br \/>Tarjeta de lectura integrada: Si<br \/>Tarjetas de memoria compatibles: MicroSD (TransFlash)<br \/>Tama\u00f1o m\u00e1ximo de tarjeta de memoria: 1 TB<\/p>\n<p>Audio<br \/>Fabricante de altavoces: AKG<br \/>Sistema de audio: Dolby Atmos<\/p>\n<p>C\u00e1mara fotogr\u00e1fica<br \/>Tipo de c\u00e1mara trasera: C\u00e1mara \u00fanica<br \/>Resoluci\u00f3n de la c\u00e1mara trasera (num\u00e9rica): 13 MP<br \/>N\u00famero de apertura de la c\u00e1mara trasera: 2<br \/>\u00c1ngulo del campo de visi\u00f3n (FOV) de la c\u00e1mara trasera: 80<br \/>Zoom digital: 8x<br \/>Autoenfoque: Si<br \/>Panor\u00e1mica: Si<br \/>Modo de lapso de tiempo: Si<br \/>C\u00e1mara trasera con flash: Si<br \/>Grabaci\u00f3n de v\u00eddeo: Si<br \/>M\u00e1xima resoluci\u00f3n de video: 3840 x 2160 Pixeles<br \/>Resoluci\u00f3n en velocidad de captura: 1280&#215;720@30fps, 1920&#215;1080@30fps, 3840&#215;2160@30fps<br \/>C\u00e1mara frontal: Si<br \/>Resoluci\u00f3n de la c\u00e1mara frontal (num\u00e9rica): 12 MP<br \/>N\u00famero de apertura de la c\u00e1mara frontal: 2,4<br \/>\u00c1ngulo del campo de visi\u00f3n (FOV) de la c\u00e1mara frontal: 120<\/p>\n<p>Conexi\u00f3n<br \/>Generaci\u00f3n de red m\u00f3vil: 5G<br \/>Conexi\u00f3n a red m\u00f3vil: Si<br \/>Bluetooth: Si<br \/>Versi\u00f3n de Bluetooth: 5.3<br \/>Est\u00e1ndar Wi-Fi: Wi-Fi 6 (802.11ax)<br \/>Wi-Fi est\u00e1ndares: 802.11a, 802.11b, 802.11g, Wi-Fi 4 (802.11n), Wi-Fi 5 (802.11ac), Wi-Fi 6 (802.11ax)<br \/>Wi-Fi Direct: Si<\/p>\n<p>Puertos e Interfaces<br \/>Cantidad de puertos tipo C USB 3.2 Gen 1 (3.1 Gen 1): 1<\/p>\n<p>Dise\u00f1o<br \/>Tipo de dispositivo: Tableta m\u00f3vil<br \/>Material de la carcasa: Aluminio<br \/>Factor de forma: Pizarra<br \/>Color del producto: Grafito<br \/>Funciones de protecci\u00f3n: Resistente al polvo, Resistente al agua<br \/>C\u00f3digo IP (International Protection): IP68<\/p>\n<p>Desempe\u00f1o<br \/>Funci\u00f3n de GPS asistida (A-GPS): Si<br \/>GLONASS: Si<br \/>BeiDou: Si<br \/>GPS (sat\u00e9lite): Si<br \/>Galileo: Si<br \/>Sistema por Sat\u00e9lite Quasi-Zenith (QZSS): Si<br \/>Aceler\u00f3metro: Si<br \/>Sensor de luz ambiental: Si<br \/>Giroscopio: Si<br \/>Sensor magnet\u00f3metro: Si<br \/>Apoyar a las aplicaciones de Google: Gmail, Google Chrome, Google Drive, Google Maps, Google Photos, Google Play, YouTube<br \/>GPS: Si<\/p>\n<p>Seguridad<br \/>Lector de huella digital: Si<\/p>\n<p>Software<br \/>Plataforma: Android<br \/>Sistema operativo instalado: Android 13<\/p>\n<p>Bater\u00eda<br \/>Bater\u00eda incluida: Si<br \/>Capacidad de bater\u00eda: 8400 mAh<br \/>Cargador inal\u00e1mbrico: No<br \/>Carga r\u00e1pida: Si<br \/>*Cargador no incluido<\/p>\n<p>Peso y dimensiones<br \/>Ancho: 254,3 mm<br \/>Profundidad: 5,9 mm<br \/>Altura: 165,8 mm<br \/>Peso: 500 g<\/p>\n<p>\u00a0<\/p>\n","protected":false},"excerpt":{"rendered":"<p>Tablet samsung galaxy tab s9 5g 11 pulgadas 8 &#8211; 128gb gris<\/p>\n","protected":false},"featured_media":232977,"comment_status":"closed","ping_status":"open","template":"","meta":{"_et_pb_use_builder":"","_et_pb_old_content":"","_et_gb_content_width":""},"product_brand":[2072],"product_cat":[2058,2519,2529],"product_tag":[2068,2523,2073,2632,2531],"class_list":{"0":"post-232971","1":"product","2":"type-product","3":"status-publish","4":"has-post-thumbnail","6":"product_brand-samsung","7":"product_cat-dispositivos","8":"product_cat-portatiles","9":"product_cat-tablets","10":"product_tag-dispositivos","11":"product_tag-portatiles","12":"product_tag-samsung","13":"product_tag-tablet-samsung-galaxy-tab-s9-5g","14":"product_tag-tablets","15":"product_shipping_class-2059","16":"pa_canon-digital-incluida-375-e-incluidos","18":"first","19":"instock","20":"taxable","21":"shipping-taxable","22":"purchasable","23":"product-type-simple"},"_links":{"self":[{"href":"https:\/\/linkxa.es\/linkshop\/wp-json\/wp\/v2\/product\/232971","targetHints":{"allow":["GET"]}}],"collection":[{"href":"https:\/\/linkxa.es\/linkshop\/wp-json\/wp\/v2\/product"}],"about":[{"href":"https:\/\/linkxa.es\/linkshop\/wp-json\/wp\/v2\/types\/product"}],"replies":[{"embeddable":true,"href":"https:\/\/linkxa.es\/linkshop\/wp-json\/wp\/v2\/comments?post=232971"}],"wp:featuredmedia":[{"embeddable":true,"href":"https:\/\/linkxa.es\/linkshop\/wp-json\/wp\/v2\/media\/232977"}],"wp:attachment":[{"href":"https:\/\/linkxa.es\/linkshop\/wp-json\/wp\/v2\/media?parent=232971"}],"wp:term":[{"taxonomy":"product_brand","embeddable":true,"href":"https:\/\/linkxa.es\/linkshop\/wp-json\/wp\/v2\/product_brand?post=232971"},{"taxonomy":"product_cat","embeddable":true,"href":"https:\/\/linkxa.es\/linkshop\/wp-json\/wp\/v2\/product_cat?post=232971"},{"taxonomy":"product_tag","embeddable":true,"href":"https:\/\/linkxa.es\/linkshop\/wp-json\/wp\/v2\/product_tag?post=232971"}],"curies":[{"name":"wp","href":"https:\/\/api.w.org\/{rel}","templated":true}]}}