{"id":232985,"date":"2025-06-25T20:19:27","date_gmt":"2025-06-25T20:19:27","guid":{"rendered":"https:\/\/linkxa.es\/contratacion\/producto\/tablet-spc-10-1-pulgadas-gravity-negro-quadcore\/"},"modified":"2025-08-02T01:05:36","modified_gmt":"2025-08-02T01:05:36","slug":"tablet-spc-10-1-pulgadas-gravity-negro-quadcore","status":"publish","type":"product","link":"https:\/\/linkxa.es\/linkshop\/producto\/tablet-spc-10-1-pulgadas-gravity-negro-quadcore\/","title":{"rendered":"Tablet spc 10.1 pulgadas gravity negro quadcore"},"content":{"rendered":"<h3 style=\"text-align: center;\"><strong>Spc\u00a0 |\u00a0 Tablets<\/strong><\/h3>\n<p>\u00a0<\/p>\n<p>VELOCIDAD EN CUALQUIER LUGAR<\/p>\n<p>Siente la velocidad del 4G. Con la conexi\u00f3n 4G LTE superr\u00e1pida de esta tablet,<br \/>sentir\u00e1s en primera persona la rapidez en cargar y descargar archivos de la nube a<br \/>alta velocidad y desde donde est\u00e9s.<\/p>\n<p>EL PODER DE LOS 8 N\u00daCLEOS<\/p>\n<p>El potente interior de SPC GRAVITY 4G est\u00e1 compuesto por un procesador de 8<br \/>n\u00facleos para proporcionar siempre la fuerza que necesita tu tablet con los trabajos<br \/>m\u00e1s exigentes. Este procesador octa-core garantiza, al mismo tiempo, un importante<br \/>ahorro energ\u00e9tico para conseguir una autonom\u00eda de 10 horas de su bater\u00eda de 6000<br \/>mAh.<\/p>\n<p>FLUIDEZ Y CAPACIDAD<\/p>\n<p>Guarda toda la documentaci\u00f3n, fotos, v\u00eddeos que necesites en su capacidad de<br \/>almacenamiento interno de 32GB. \u00a1Hay espacio para todo! Mu\u00e9vete con agilidad entre<br \/>carpetas y tareas abiertas con sus 3GB de RAM.<\/p>\n<p>VIDEOLLAMADAS DE ALTA DEFINICI\u00d3N<\/p>\n<p>SPC GRAVITY 4G se convertir\u00e1 en tu aliado favorito para videollamadas. Su c\u00e1mara<br \/>con resoluci\u00f3n HD te proporciona una imagen de gran calidad. Y si lo que quieres es<br \/>desarrollar tu talento como fot\u00f3grafo, tambi\u00e9n podr\u00e1s hacerlo con su c\u00e1mara trasera<br \/>de 5Mp con flash y autoenfoque, y grabador de v\u00eddeo en calidad FULL HD.<\/p>\n<p>General<br \/>Marca<br \/>SPC<br \/>Garant\u00eda<br \/>2<br \/>Part Number<br \/>9777332N<br \/>Categor\u00edas<br \/>TABLETS<br \/>Peso Volumetrico<br \/>0.76 Kg.<br \/>Exhibici\u00f3n<br \/>Pulgadas<br \/>10.1<br \/>Resoluci\u00f3n<br \/>1280 x 800 Pixeles<br \/>Pantalla t\u00e1ctil<br \/>Si<br \/>Tecnolog\u00eda de visualizaci\u00f3n<br \/>IPS<br \/>Tipo de pantalla t\u00e1ctil<br \/>Capacitiva<br \/>Procesador<br \/>Modelo del procesador<br \/>Unisoc SC9863A<br \/>N\u00famero n\u00facleos<br \/>8<br \/>Arquitectura del procesador<br \/>ARM Cortex-A55<br \/>Fabricante<br \/>Unisoc<br \/>Velocidad de reloj<br \/>1.2 GHz, 1.6 GHz<br \/>Medios de almacenaje<br \/>Capacidad de almacenamiento interno<br \/>32 GB<br \/>Tarjeta de memoria<br \/>Si<br \/>Memorias Compatibles<br \/>Micro SD<br \/>Tama\u00f1o m\u00e1ximo de tarjeta de memoria<br \/>512 GB<br \/>Audio<br \/>Altavoces incorporados<br \/>Si<br \/>Micr\u00f3fono incorporado<br \/>Si<br \/>C\u00e1mara fotogr\u00e1fica<br \/>C\u00e1mara trasera<br \/>Si<br \/>C\u00e1mara Trasera<br \/>5 MP<br \/>C\u00e1mara frontal<br \/>Si<br \/>Autoenfoque<br \/>Si<br \/>Grabaci\u00f3n de v\u00eddeo<br \/>Si<br \/>Modos de grabaci\u00f3n de v\u00eddeo<br \/>720p, 1080p<br \/>Flash integrado<br \/>Si<br \/>Resoluci\u00f3n de captura de video<br \/>1280 x 720 Pixeles, 1920 x 1080 Pixeles<br \/>Red<br \/>3G<br \/>Si<br \/>4G<br \/>Si<br \/>Bluetooth<br \/>Si<br \/>Wi-Fi est\u00e1ndares<br \/>IEEE 802.11b, IEEE 802.11g, IEEE 802.11n<br \/>Versi\u00f3n de Bluetooth<br \/>4.2<br \/>Wi-Fi<br \/>Si<br \/>Conectividad<br \/>Interfaz<br \/>USB 2.0<br \/>Cantidad de puertos USB 2.0<br \/>1<br \/>Navegaci\u00f3n<br \/>Funci\u00f3n de GPS asistida (A-GPS)<br \/>Si<br \/>Mensajer\u00eda<br \/>Correo electr\u00f3nico<br \/>Si<br \/>Seguridad<br \/>Lector de huella digital<br \/>No<br \/>Sensores<br \/>Sensor de orientac\u00edon<br \/>Si<br \/>Sistema operativo\/software<br \/>Sistema operativo instalado<br \/>Android 10<br \/>Bater\u00eda<br \/>Capacidad<br \/>6000 mAh<br \/>Peso y dimensiones<br \/>Altura<br \/>160 mm<br \/>Ancho<br \/>245 mm<br \/>Peso<br \/>550 g<br \/>Profundidad<br \/>9 mm<br \/>Contenido del embalaje<br \/>Adaptador AC incluido<br \/>Si<br \/>Material incluido<br \/>USB TIPO C<br \/>Gu\u00eda de configuraci\u00f3n r\u00e1pida<br \/>Si<br \/>Detalles t\u00e9cnicos<br \/>Color<br \/>Negro<br \/>Conector USB<br \/>USB C<br \/>Otras caracter\u00edsticas<br \/>Reproducci\u00f3n de v\u00eddeo<br \/>Si<br \/>Soporte de tarjeta SIM<br \/>Si<br \/>Control de energ\u00eda<br \/>Potencia de adaptador AC<br \/>10 W<br \/>Memoria<br \/>Memoria interna<br \/>3 GB<br \/>Tipo de memoria interna<br \/>LPDDR3-SDRAM<\/p>\n<p>\u00a0<\/p>\n","protected":false},"excerpt":{"rendered":"<p>Tablet spc 10.1 pulgadas gravity negro quadcore octacore 1.6ghz &#8211;  3gb &#8211;  32gb &#8211;  1280&#215;800 &#8211;  5mp &#8211;  5mp &#8211;  wifi &#8211;  4g<\/p>\n","protected":false},"featured_media":232986,"comment_status":"closed","ping_status":"open","template":"","meta":{"_et_pb_use_builder":"","_et_pb_old_content":"","_et_gb_content_width":""},"product_brand":[2127],"product_cat":[2058,2519,2529],"product_tag":[2068,2523,2128,2635,2531],"class_list":{"0":"post-232985","1":"product","2":"type-product","3":"status-publish","4":"has-post-thumbnail","6":"product_brand-spc","7":"product_cat-dispositivos","8":"product_cat-portatiles","9":"product_cat-tablets","10":"product_tag-dispositivos","11":"product_tag-portatiles","12":"product_tag-spc","13":"product_tag-tablet-spc-10-1-pulgadas-gravity-negro-quadcore","14":"product_tag-tablets","15":"product_shipping_class-2059","16":"pa_canon-digital-incluida-375-e-incluidos","18":"first","19":"instock","20":"taxable","21":"shipping-taxable","22":"purchasable","23":"product-type-simple"},"_links":{"self":[{"href":"https:\/\/linkxa.es\/linkshop\/wp-json\/wp\/v2\/product\/232985","targetHints":{"allow":["GET"]}}],"collection":[{"href":"https:\/\/linkxa.es\/linkshop\/wp-json\/wp\/v2\/product"}],"about":[{"href":"https:\/\/linkxa.es\/linkshop\/wp-json\/wp\/v2\/types\/product"}],"replies":[{"embeddable":true,"href":"https:\/\/linkxa.es\/linkshop\/wp-json\/wp\/v2\/comments?post=232985"}],"wp:featuredmedia":[{"embeddable":true,"href":"https:\/\/linkxa.es\/linkshop\/wp-json\/wp\/v2\/media\/232986"}],"wp:attachment":[{"href":"https:\/\/linkxa.es\/linkshop\/wp-json\/wp\/v2\/media?parent=232985"}],"wp:term":[{"taxonomy":"product_brand","embeddable":true,"href":"https:\/\/linkxa.es\/linkshop\/wp-json\/wp\/v2\/product_brand?post=232985"},{"taxonomy":"product_cat","embeddable":true,"href":"https:\/\/linkxa.es\/linkshop\/wp-json\/wp\/v2\/product_cat?post=232985"},{"taxonomy":"product_tag","embeddable":true,"href":"https:\/\/linkxa.es\/linkshop\/wp-json\/wp\/v2\/product_tag?post=232985"}],"curies":[{"name":"wp","href":"https:\/\/api.w.org\/{rel}","templated":true}]}}