{"id":233003,"date":"2025-05-10T10:55:44","date_gmt":"2025-05-10T10:55:44","guid":{"rendered":"https:\/\/linkxa.es\/contratacion\/producto\/tablet-samsung-galaxy-tab-s9-fe\/"},"modified":"2025-08-02T01:07:15","modified_gmt":"2025-08-02T01:07:15","slug":"tablet-samsung-galaxy-tab-s9-fe","status":"publish","type":"product","link":"https:\/\/linkxa.es\/linkshop\/producto\/tablet-samsung-galaxy-tab-s9-fe\/","title":{"rendered":"Tablet samsung galaxy tab s9 fe+"},"content":{"rendered":"<h3 style=\"text-align: center;\"><strong>Samsung\u00a0 |\u00a0 Tablets<\/strong><\/h3>\n<p>\u00a0<\/p>\n<p>Sobre el producto<\/p>\n<p>Alta resoluci\u00f3n para una mejor experiencia. Visualiza im\u00e1genes y v\u00eddeos sorprendentes en tu Galaxy Tab S9 FE+. La pantalla del dispositivo cuenta con el tama\u00f1o perfecto para que te diviertas con tus programas favoritos y,<br \/>al mismo tiempo, ofrece alta rapidez y fluidez para desempe\u00f1ar todo tipo de tareas de forma \u00e1gil y sencilla.<br \/>Caracter\u00edsticas<\/p>\n<p>Toda la autonom\u00eda que estabas buscando: Ya no tendr\u00e1s que preocuparte m\u00e1s por la carga. Gracias a la bater\u00eda de gran capacidad, tu nueva Galaxy Tab S9 FE+ dispone de energ\u00eda suficiente como para disfrutar durante<br \/>horas de temporadas enteras de series o de intensas partidas con los amigos. Si tu Smartphone necesita un empuj\u00f3n de bater\u00eda, puedes conectar ambos dispositivos a trav\u00e9s de un cable USB-C y aprovechar la carga<br \/>r\u00e1pida para que tu m\u00f3vil est\u00e9 siempre a punto.<br \/>Protecci\u00f3n ocular para seguir disfrutando: Galaxy Tab S9 FE+ reduce la emisi\u00f3n de luz azul de la pantalla para proteger tu vista mientras ves pel\u00edculas, juegas a los videojuegos m\u00e1s emocionantes o trabajas con<br \/>proyectos creativos.<br \/>Rompe los l\u00edmites de tu imaginaci\u00f3n: Libera al artista que llevas dentro con S Pen Creator Edition, la versi\u00f3n de S Pen m\u00e1s sofisticada y resistente, ideal para tomar apuntes con total comodidad y para lograr trazados<br \/>m\u00e1s precisos en tus dise\u00f1os. Tambi\u00e9n cuenta con la certificaci\u00f3n IP68 de resistencia al polvo y al agua y, adem\u00e1s, puede adherirse magn\u00e9ticamente a tu Tablet para que puedas llevarlo siempre encima.<br \/>La uni\u00f3n hace la fuerza: Conecta tu Galaxy Tab S9 FE+ a otros dispositivos de tu hogar gracias al Ecosistema Galaxy y accede a nuevas ventajas y funciones. De esta forma, tendr\u00e1s siempre a tu disposici\u00f3n todos tus<br \/>documentos importantes y tus contenidos favoritos.<\/p>\n<p>Especificaciones Samsung Galaxy Tab S9 FE+ WiFi<\/p>\n<p>Pantalla 12.4&#8243; TFT LCD WQXGA (2560 x 1600), 90 Hz<br \/>Sistema Operativo Android 13<br \/>Procesador Exynos1380 (S5E8835) Octa-Core (2.4, 2) GHz<br \/>Memoria<br \/>RAM: 12 GB<br \/>Almacenamiento interno: 256 GB (Ampliable con tarjeta microSD hasta 1 TB)<br \/>Bater\u00eda<br \/>10090 mAh<br \/>Carga r\u00e1pida 45W<br \/>Dimensiones y peso<br \/>Dimensiones: 185.4 x 285.4 x 6.5 mm<br \/>Peso: 628 g<br \/>Conectividad<br \/>WiFi 6E<br \/>Bluetooth v5.3<br \/>C\u00e1maras<br \/>8 MP Principal<br \/>8 MP Profundidad<br \/>12 MP Frontal<br \/>Biometr\u00eda Sensor de huella<br \/>Otros One UI 5.1.1, Knox, DeX, IP68<br \/>Contenido de la caja Cable USB C, S Pen *Cargador no incluido<\/p>\n<p>\u00a0<\/p>\n","protected":false},"excerpt":{"rendered":"<p>Tablet samsung galaxy tab s9 fe+ 12.4 pulgadas 12 &#8211; 256gb gris<\/p>\n","protected":false},"featured_media":233004,"comment_status":"closed","ping_status":"open","template":"","meta":{"_et_pb_use_builder":"","_et_pb_old_content":"","_et_gb_content_width":""},"product_brand":[2072],"product_cat":[2058,2519,2529],"product_tag":[2068,2523,2073,2638,2531],"class_list":{"0":"post-233003","1":"product","2":"type-product","3":"status-publish","4":"has-post-thumbnail","6":"product_brand-samsung","7":"product_cat-dispositivos","8":"product_cat-portatiles","9":"product_cat-tablets","10":"product_tag-dispositivos","11":"product_tag-portatiles","12":"product_tag-samsung","13":"product_tag-tablet-samsung-galaxy-tab-s9-fe","14":"product_tag-tablets","15":"product_shipping_class-2059","16":"pa_canon-digital-incluida-375-e-incluidos","18":"first","19":"instock","20":"taxable","21":"shipping-taxable","22":"purchasable","23":"product-type-simple"},"_links":{"self":[{"href":"https:\/\/linkxa.es\/linkshop\/wp-json\/wp\/v2\/product\/233003","targetHints":{"allow":["GET"]}}],"collection":[{"href":"https:\/\/linkxa.es\/linkshop\/wp-json\/wp\/v2\/product"}],"about":[{"href":"https:\/\/linkxa.es\/linkshop\/wp-json\/wp\/v2\/types\/product"}],"replies":[{"embeddable":true,"href":"https:\/\/linkxa.es\/linkshop\/wp-json\/wp\/v2\/comments?post=233003"}],"wp:featuredmedia":[{"embeddable":true,"href":"https:\/\/linkxa.es\/linkshop\/wp-json\/wp\/v2\/media\/233004"}],"wp:attachment":[{"href":"https:\/\/linkxa.es\/linkshop\/wp-json\/wp\/v2\/media?parent=233003"}],"wp:term":[{"taxonomy":"product_brand","embeddable":true,"href":"https:\/\/linkxa.es\/linkshop\/wp-json\/wp\/v2\/product_brand?post=233003"},{"taxonomy":"product_cat","embeddable":true,"href":"https:\/\/linkxa.es\/linkshop\/wp-json\/wp\/v2\/product_cat?post=233003"},{"taxonomy":"product_tag","embeddable":true,"href":"https:\/\/linkxa.es\/linkshop\/wp-json\/wp\/v2\/product_tag?post=233003"}],"curies":[{"name":"wp","href":"https:\/\/api.w.org\/{rel}","templated":true}]}}