{"id":233009,"date":"2025-05-26T22:36:09","date_gmt":"2025-05-26T22:36:09","guid":{"rendered":"https:\/\/linkxa.es\/contratacion\/producto\/apple-ipad-pro-11-pulgadas-8gb-256gb\/"},"modified":"2025-08-02T01:08:09","modified_gmt":"2025-08-02T01:08:09","slug":"apple-ipad-pro-11-pulgadas-8gb-256gb","status":"publish","type":"product","link":"https:\/\/linkxa.es\/linkshop\/producto\/apple-ipad-pro-11-pulgadas-8gb-256gb\/","title":{"rendered":"Apple ipad pro 11 pulgadas 8gb 256gb"},"content":{"rendered":"<h3 style=\"text-align: center;\"><strong>Apple\u00a0 |\u00a0 Tablets<\/strong><\/h3>\n<p>\u00a0<\/p>\n<p>Ficha T\u00e9cnica<br \/>General<br \/>Tipo de producto Tableta<br \/>Sistemas operativos Apple iPadOS 17<br \/>Display<br \/>Tipo 11&#8243; Tandem OLED<br \/>Resoluci\u00f3n 2420 x 1668 (264 ppi)<br \/>Pantalla t\u00e1ctil Multit\u00e1ctil<br \/>Brillo de imagen 1000 cd\/m<br \/>Funciones Antirreflejante, sin BFR\/PVC, Sin mercurio, Zoom, sin ars\u00e9nico, pantalla completamente laminada, pantalla True Tone, tecnolog\u00eda ProMotion, compatible con HGR10, revestimiento oleof\u00f3bico resistente a<br \/>marcas dactilares, gamma HLG, P3 Wide Color Gamut, Rango din\u00e1mico extremo (XDR), cristal est\u00e1ndar, Dolby Vision, brillo m\u00e1x. a pantalla completa de 1000 cd\/m, brillo pico de 1600 cd\/m (HDR), compatible con Apple<br \/>Pencil Pro, compatible con Apple Pencil (USB-C), pantalla Ultra Retina XDR, frecuencia de actualizaci\u00f3n de 10 Hz a 120 Hz<br \/>Procesador<br \/>Procesador Apple M4<br \/>N\u00famero de n\u00facleos 9 n\u00facleos<br \/>Memoria<br \/>Almacenamiento 256 GB<br \/>Memoria RAM 8 GB<br \/>Comunicaciones<br \/>Tecnolog\u00eda m\u00f3vil 3G, 4G, 5G<br \/>Protocolos para m\u00f3viles UMTS, HSPA, HSPA+, DC-HSDPA, FDD LTE, TDD LTE, 5G NR<br \/>Banda UMTS\/HSPA\/HSPA+\/DC-HSDPA 850\/900\/1700\/2100\/1900\/2100 \/ 5G NR n1\/2\/3\/5\/7\/8\/12\/14\/20\/25\/28\/29\/30\/38\/40\/41\/48\/66\/71\/75\/76\/77\/78\/79 \/ LTE FDD<br \/>B1\/2\/3\/4\/5\/7\/8\/11\/12\/13\/14\/17\/18\/19\/20\/21\/25\/26\/28\/29\/30\/32\/66\/71 \/ TD-LTE B34\/38\/39\/40\/41\/42\/48<br \/>Conectividad Inal\u00e1mbrica 802.11a\/b\/g\/n\/ac\/ax (Wi-Fi 6E), Bluetooth 5.3<br \/>Protocolos de seguridad y funciones Tecnolog\u00eda MIMO<br \/>C\u00e1mara trasera<br \/>Resoluci\u00f3n del sensor 12 megap\u00edxeles<br \/>Zoom de c\u00e1mara 5x zoom digital<br \/>Ajuste de enfoque Autom\u00e1tico<br \/>Apertura de la lente F\/1.8<br \/>N.\u00ba de elementos de lente 5 elementos<br \/>Modo HDR Smart HDR 4<br \/>Modos de c\u00e1mara Modo R\u00e1faga, Panor\u00e1mica, Modo de lapso de tiempo, modo C\u00e1mara lenta, captura a todo color y fotos en directo, ancho<br \/>Fuente de luz Flash Adaptive True Tone LED<br \/>Resoluciones de v\u00eddeo 1920 x 1080 (1080p) at 30 fps, 1920 x 1080 (1080p) a 60 fps, 1280 x 720 (720p) a 30 fps, v\u00eddeo a c\u00e1mara lenta 1920 x 1080 (1080p) a 120 fps, 3840 x 2160 (4K) at 30 fps, 3840 x 2160 (4K) a 60<br \/>fps, 3840 x 2160 (4K) a 24 fps, 1920 x 1080 (1080p) a 25 fps, v\u00eddeo a c\u00e1mara lenta 1920 x 1080 (1080p) a 240 fps, 3840 x 2160 (4K) a 25 fps, v\u00eddeo ProRes 3840 x 2160 (4K) a 30 fps<br \/>Caracter\u00edsticas Tapa de objetivo de cristal de zafiro, estabilizaci\u00f3n de v\u00eddeo Cinematic, Focus Pixels, Estabilizaci\u00f3n de imagen autom\u00e1tica, Zoom de reproducci\u00f3n, geoetiquetado, Grabaci\u00f3n en est\u00e9reo, V\u00eddeo con<br \/>enfoque autom\u00e1tico continuo, v\u00eddeo de tiempo transcurrido con estabilizaci\u00f3n, correcci\u00f3n de ojos rojos avanzada, Panorama (hasta 63 MP), captura de imagen en formato HEIF, zoom de audio, rango din\u00e1mico extendido<br \/>para v\u00eddeo a 30 fps, captura de imagen JPEG<br \/>C\u00e1mara frontal<br \/>Resoluci\u00f3n del sensor 12 Megap\u00edxeles<br \/>Apertura del objetivo F\/2.4<br \/>Modo HDR Smart HDR 4<br \/>Modos de c\u00e1mara Modo R\u00e1faga, Modo de lapso de tiempo, modo retrato, modo retrato con bokeh avanzado y control de profundidad, iluminaci\u00f3n para retrato, captura a todo color y fotos en directo, paisaje, modo ancho<br \/>ultra, Center Stage<br \/>Efectos especiales Natural, Studio, Contour, Etapa, Stage Mono, High-Key Mono<br \/>Fuente de luz Retina Flash with True Tone<br \/>Resoluciones de v\u00eddeo 1920 x 1080 (1080p) at 30 fps, 1920 x 1080 (1080p) a 60 fps, 1920 x 1080 (1080p) a 25 fps<br \/>Caracter\u00edsticas C\u00e1mara FaceTime HD, Estabilizaci\u00f3n de imagen autom\u00e1tica, Animoji, Memoji, c\u00e1mara TrueDepth, estabilizaci\u00f3n de v\u00eddeo Cinematic, rango din\u00e1mico ampliado para v\u00eddeos a 30 fps, v\u00eddeo a c\u00e1mara<br \/>r\u00e1pida con estabilizaci\u00f3n, correcci\u00f3n de lente<br \/>Sistema de navegaci\u00f3n<br \/>Receptor GPS\/GNSS<br \/>Multimedia<br \/>Gr\u00e1ficos Apple M4 de 10 n\u00facleos<br \/>Est\u00e1ndares de audio digital compatibles AAC, MP3, FLAC, Apple Lossless, Dolby Atmos, Dolby Digital, Dolby Digital Plus<br \/>Est\u00e1ndares de v\u00eddeo digital compatibles H.264, HEVC, ProRes, ProRes RAW<br \/>Audio Matriz de 4 micr\u00f3fonos, cuatro altavoces<br \/>Dispositivo de entrada<br \/>Dispositivos de seguridad Face ID (reconocimiento facial)<br \/>Software<br \/>Software precargado Clock, Mail, Notes, Calendar, Contacts, Messages, Camera, Files, FaceTime, Photo Booth, Safari, Photos, App Store, Maps, News, Bolsa, iMovie, Weather, Siri, Books, Recordatorios, Music,<br \/>Settings, Voice Memos, iTunes Store, Numbers, GarageBand, Pages, Keynote, Podcasts, Apple Pay, Apple TV App, Home, Measure, Tips, Find My, Shortcuts, Translate, Magnifier, Clips, Freeform<br \/>Requisitos del sistema para conexi\u00f3n a PC<br \/>Sistema operativo requerido Windows 10 o posterior, Apple macOS 10.13 High Sierra o posterior<br \/>Expansi\u00f3n y conectividad<br \/>Interfaces 1 x Thunderbolt 3\/DisplayPort\/USB4<br \/>1 x Smart Connector<br \/>1 x conector magn\u00e9tico<br \/>Bater\u00eda<br \/>Tecnolog\u00eda Litio-pol\u00edmero<br \/>Capacidad 31.29 Wh<br \/>Tiempo de funcionamiento Hasta 10 horas<br \/>Datos de tiempo de ejecuci\u00f3n Navegaci\u00f3n Web en Wi-Fi:hasta 10 hora(s)<br \/>Reproducci\u00f3n de v\u00eddeo:hasta 10 hora(s)<br \/>Nevegaci\u00f3n web a trav\u00e9s de red de datos m\u00f3vil:hasta 9 hora(s)<br \/>Diverso<br \/>Color Plata<br \/>Material de carcasa Aluminio<br \/>Sensores Aceler\u00f3metro, sensor de luz ambiental, sensor girosc\u00f3pico de 3 ejes, br\u00fajula digital, bar\u00f3metro, esc\u00e1ner LiDAR<br \/>Caracter\u00edsticas Lector de pantalla VoiceOver, Dictado, AssistiveTouch, microubicaci\u00f3n iBeacon, Voice Control, Switch Control, Neural Engine de 16 n\u00facleos, Spoken Content, motor de decodificaci\u00f3n de v\u00eddeo, motor de<br \/>codificaci\u00f3n de v\u00eddeo, motor de decodificaci\u00f3n y codificaci\u00f3n de v\u00eddeo ProRes, Texto en tiempo real (RTT), descripci\u00f3n de audio, Subt\u00edtulos en directo, trazado de rayos acelerado por hardware, ancho de banda de memoria<br \/>de 120 GB\/s, decodificaci\u00f3n AV1<br \/>Accesorios incluidos Adaptador de alimentaci\u00f3n USB-C de 20 W<br \/>Cables incluidos Cable de carga USB-C &#8211; 1 m<br \/>Dimensiones y peso<br \/>Anchura 17.75 cm<br \/>Profundidad 0.53 cm<br \/>Altura 24.97 cm<br \/>Peso 446 g<br \/>Informaci\u00f3n de sostenibilidad<br \/>Certificaci\u00f3n ENERGY STAR S\u00ed<br \/>Huella de carbono 93 kg de emisiones de carbono<br \/>Materiales de tierras raras 99 % elementos reciclados de tierras raras<br \/>Garant\u00eda del fabricante<br \/>Servicio y mantenimiento Garant\u00eda limitada &#8211; 1 a\u00f1o<br \/>Soporte t\u00e9cnico &#8211; asesoramiento telef\u00f3nico &#8211; 90 d\u00edas<br \/>Par\u00e1metros de entorno<br \/>Temperatura m\u00ednima de funcionamiento 0 C<br \/>Temperatura m\u00e1xima de funcionamiento 35 C<br \/>\u00c1mbito de humedad de funcionamiento 5 &#8211; 95% (sin condensaci\u00f3n)<br \/>Temperatura m\u00ednima de almacenamiento -20 C<br \/>Temperatura m\u00e1xima de almacenamiento 45 C<br \/>Altitud m\u00e1xima de funcionamiento 3 km<\/p>\n<p>\u00a0<\/p>\n","protected":false},"excerpt":{"rendered":"<p>Apple ipad pro 11 pulgadas 8gb 256gb wifi + cellular silver ips &#8211;  chip m4 &#8211;  12 + 12 mpx<\/p>\n","protected":false},"featured_media":233010,"comment_status":"closed","ping_status":"open","template":"","meta":{"_et_pb_use_builder":"","_et_pb_old_content":"","_et_gb_content_width":""},"product_brand":[2061],"product_cat":[2058,2519,2529],"product_tag":[2064,2639,2068,2523,2531],"class_list":{"0":"post-233009","1":"product","2":"type-product","3":"status-publish","4":"has-post-thumbnail","6":"product_brand-apple","7":"product_cat-dispositivos","8":"product_cat-portatiles","9":"product_cat-tablets","10":"product_tag-apple","11":"product_tag-apple-ipad-pro-11-pulgadas-8gb-256gb","12":"product_tag-dispositivos","13":"product_tag-portatiles","14":"product_tag-tablets","15":"product_shipping_class-2059","16":"pa_canon-digital-incluida-375-e-incluidos","18":"first","19":"instock","20":"taxable","21":"shipping-taxable","22":"purchasable","23":"product-type-simple"},"_links":{"self":[{"href":"https:\/\/linkxa.es\/linkshop\/wp-json\/wp\/v2\/product\/233009","targetHints":{"allow":["GET"]}}],"collection":[{"href":"https:\/\/linkxa.es\/linkshop\/wp-json\/wp\/v2\/product"}],"about":[{"href":"https:\/\/linkxa.es\/linkshop\/wp-json\/wp\/v2\/types\/product"}],"replies":[{"embeddable":true,"href":"https:\/\/linkxa.es\/linkshop\/wp-json\/wp\/v2\/comments?post=233009"}],"wp:featuredmedia":[{"embeddable":true,"href":"https:\/\/linkxa.es\/linkshop\/wp-json\/wp\/v2\/media\/233010"}],"wp:attachment":[{"href":"https:\/\/linkxa.es\/linkshop\/wp-json\/wp\/v2\/media?parent=233009"}],"wp:term":[{"taxonomy":"product_brand","embeddable":true,"href":"https:\/\/linkxa.es\/linkshop\/wp-json\/wp\/v2\/product_brand?post=233009"},{"taxonomy":"product_cat","embeddable":true,"href":"https:\/\/linkxa.es\/linkshop\/wp-json\/wp\/v2\/product_cat?post=233009"},{"taxonomy":"product_tag","embeddable":true,"href":"https:\/\/linkxa.es\/linkshop\/wp-json\/wp\/v2\/product_tag?post=233009"}],"curies":[{"name":"wp","href":"https:\/\/api.w.org\/{rel}","templated":true}]}}