{"id":233020,"date":"2025-06-16T02:43:33","date_gmt":"2025-06-16T02:43:33","guid":{"rendered":"https:\/\/linkxa.es\/contratacion\/producto\/apple-ipad-mini-8-3-pulgadas-256gb-wifi\/"},"modified":"2025-08-02T01:10:30","modified_gmt":"2025-08-02T01:10:30","slug":"apple-ipad-mini-8-3-pulgadas-256gb-wifi","status":"publish","type":"product","link":"https:\/\/linkxa.es\/linkshop\/producto\/apple-ipad-mini-8-3-pulgadas-256gb-wifi\/","title":{"rendered":"Apple ipad mini 8.3 pulgadas 256gb wifi"},"content":{"rendered":"<h3 style=\"text-align: center;\"><strong>Apple\u00a0 |\u00a0 Tablets<\/strong><\/h3>\n<p>\u00a0<\/p>\n<p>-GENERAL\u00a0<br \/>Tipo de producto: Tableta\u00a0<br \/>Sistemas operativos: Apple iPadOS 18\u00a0<\/p>\n<p>-MEMORIA\u00a0<br \/>Almacenamiento: 256 GB\u00a0<\/p>\n<p>-GARANT\u00cdA DEL FABRICANTE\u00a0<br \/>Servicio y mantenimiento: Garant\u00eda limitada &#8211; 1 a\u00f1o\u00a0<br \/>Soporte t\u00e9cnico: Asesoramiento telef\u00f3nico &#8211; 90 d\u00edas\u00a0<\/p>\n<p>-DIVERSO\u00a0<br \/>Color: Azul\u00a0<br \/>Material de carcasa: Aluminio\u00a0<br \/>Cables incluidos: Cable de carga USB-C &#8211; 1 m\u00a0<br \/>Sensores: Aceler\u00f3metro, sensor de luz ambiental, sensor girosc\u00f3pico de 3 ejes, br\u00fajula digital, bar\u00f3metro, sensor t\u00e1ctil con ID\u00a0<br \/>Tasa de absorci\u00f3n espec\u00edfica (SAR): 1.46 W\/kg (body), 1.46 W\/kg (extremidad)\u00a0<br \/>Caracter\u00edsticas: Trazado de rayos acelerado por hardware, microubicaci\u00f3n iBeacon, lector de pantalla VoiceOver, Magnifier, Spoken Content, Voice Control, Switch Control, AssistiveTouch, Dictado, Closed Captions, Subt\u00edtulos en directo, Spatial Audio, AirPlay\u00a0<\/p>\n<p>-PROCESADOR\u00a0<br \/>N\u00famero de n\u00facleos: 6 n\u00facleos\u00a0<br \/>Procesador: Apple A17 Pro\u00a0<\/p>\n<p>-PAR\u00c1METROS DE ENTORNO\u00a0<br \/>Temperatura m\u00ednima de funcionamiento: 0 \u00b0C\u00a0<br \/>Temperatura m\u00e1xima de funcionamiento: 35 \u00b0C\u00a0<br \/>Temperatura m\u00e1xima de almacenamiento: 45 \u00b0C\u00a0<br \/>Altitud m\u00e1xima de funcionamiento: 3 km\u00a0<br \/>Temperatura m\u00ednima de almacenamiento: -20 \u00b0C\u00a0<br \/>\u00c1mbito de humedad de funcionamiento: 5 &#8211; 95% (sin condensaci\u00f3n)\u00a0<\/p>\n<p>-SOFTWARE\u00a0<br \/>Software precargado: App Store, Apple TV App, Books, Calculator, Calendar, Camera, Clock, Contacts, FaceTime, Files, Find My, Freeform, Health, Home, iTunes Store, Magnifier, Mail, Maps, Measure, Messages, Music, News, Notes, Photo Booth, Photos, Podcasts, Recordatorios, Safari, Settings, Shortcuts, Siri, Bolsa, Tips, Translate, Voice Memos, Weather, Passwords, Apple Pay\u00a0<\/p>\n<p>-DISPLAY\u00a0<br \/>Pantalla t\u00e1ctil: Multit\u00e1ctil\u00a0<br \/>Brillo de imagen: 500 cd\/m\u00b2\u00a0<br \/>Tipo: 8.3&#8243; IPS &#8211; retroiluminaci\u00f3n LED\u00a0<br \/>Resoluci\u00f3n: 2266 x 1488 (326 ppi)\u00a0<br \/>Funciones: Antirreflejante, sin BFR\/PVC, Sin mercurio, Zoom, sin ars\u00e9nico, pantalla completamente laminada, pantalla True Tone, compatible con HGR10, revestimiento oleof\u00f3bico resistente a marcas dactilares, pantalla de retina l\u00edquida, P3 Wide Color Gamut, Dolby Vision, compatible con Apple Pencil Pro, compatible con Apple Pencil (USB?C), Apple Pencil en modo hover\u00a0<\/p>\n<p>-BATER\u00cdA\u00a0<br \/>Tecnolog\u00eda: Litio-pol\u00edmero\u00a0<br \/>Capacidad: 19.3 Wh\u00a0<br \/>Tiempo de funcionamiento: Hasta 10 horas\u00a0<br \/>Datos de tiempo de ejecuci\u00f3n: Navegaci\u00f3n Web en Wi-Fi hasta 10 horas, Reproducci\u00f3n de v\u00eddeo hasta 10 horas, Navegaci\u00f3n web a trav\u00e9s de red de datos m\u00f3vil hasta 9 horas\u00a0<\/p>\n<p>-DISPOSITIVO DE ENTRADA\u00a0<br \/>Dispositivos de seguridad: Lector de huellas dactilares\u00a0<\/p>\n<p>-COMUNICACIONES\u00a0<br \/>Tecnolog\u00eda m\u00f3vil: 3G, 4G, 5G\u00a0<br \/>Conectividad inal\u00e1mbrica: 802.11a\/b\/g\/n\/ac\/ax (Wi-Fi 6E), Bluetooth 5.3\u00a0<br \/>Protocolos para m\u00f3viles: UMTS, HSPA, HSPA+, DC-HSDPA, FDD LTE, TDD LTE, 5G NR\u00a0<br \/>Banda: UMTS\/HSPA\/HSPA+\/DC-HSDPA 850\/900\/1700\/2100\/1900\/2100, 5G NR n1\/2\/3\/5\/7\/8\/12\/14\/20\/25\/26\/28\/29\/30\/38\/40\/41\/48\/66\/70\/71\/75\/76\/77\/78\/79, LTE FDD B1\/2\/3\/4\/5\/7\/8\/11\/12\/13\/14\/17\/18\/19\/20\/21\/25\/26\/28\/29\/30\/32\/66\/71, TD-LTE B34\/38\/39\/40\/41\/42\/48\u00a0<br \/>Protocolos de seguridad y funciones: Tecnolog\u00eda 2&#215;2 MIMO\u00a0<\/p>\n<p>-REQUISITOS DEL SISTEMA PARA CONEXI\u00d3N A PC\u00a0<br \/>Sistema operativo requerido: Windows 10 o posterior, Apple macOS Catalina 10.15 o superior, Apple macOS High Sierra 10.13 &#8211; Apple macOS Mojave 10.14.6\u00a0<\/p>\n<p>-DIMENSIONES Y PESO\u00a0<br \/>Profundidad: 0.63 cm\u00a0<br \/>Peso: 297 g\u00a0<br \/>Altura: 19.54 cm\u00a0<br \/>Anchura: 13.48 cm\u00a0<\/p>\n<p>-MULTIMEDIA\u00a0<br \/>Resoluci\u00f3n externa m\u00e1xima: 4K\u00a0<br \/>Audio: Dos micr\u00f3fonos, dos altavoces est\u00e9reo\u00a0<br \/>Est\u00e1ndares de audio digital compatibles: AAC, MP3, FLAC, Apple Lossless, Dolby Atmos, Dolby Digital, Dolby Digital Plus\u00a0<br \/>Est\u00e1ndares de v\u00eddeo digital compatibles: H.264, HEVC, ProRes, AV1\u00a0<br \/>Gr\u00e1ficos: Apple A17 Pro de 5 n\u00facleos\u00a0<\/p>\n<p>-EXPANSI\u00d3N Y CONECTIVIDAD\u00a0<br \/>Interfaces: 1 x USB-C\/DisplayPort, 1 x conector magn\u00e9tico\u00a0<\/p>\n<p>-SISTEMA DE NAVEGACI\u00d3N\u00a0<br \/>Receptor: GPS\/GNSS\u00a0<\/p>\n<p>-C\u00c1MARA FRONTAL\u00a0<br \/>Apertura del objetivo: F\/2.4\u00a0<br \/>Modo HDR: Smart HDR 4\u00a0<br \/>Caracter\u00edsticas: C\u00e1mara FaceTime HD, Estabilizaci\u00f3n de imagen autom\u00e1tica, estabilizaci\u00f3n de v\u00eddeo Cinematic, rango din\u00e1mico ampliado para v\u00eddeos a 30 fps, v\u00eddeo a c\u00e1mara r\u00e1pida con estabilizaci\u00f3n, correcci\u00f3n de lente\u00a0<br \/>Modos de c\u00e1mara: Modo R\u00e1faga, Modo de lapso de tiempo, Live Photos, captura a todo color y fotos en directo, modo ancho ultra, Center Stage\u00a0<br \/>Resoluci\u00f3n del sensor: 12 Megap\u00edxeles\u00a0<br \/>Resoluciones de v\u00eddeo: 1920 x 1080 (1080p) at 30 fps, 1920 x 1080 (1080p) a 60 fps, 1920 x 1080 (1080p) a 25 fps\u00a0<br \/>Fuente de luz: Retina Flash with True Tone\u00a0<\/p>\n<p>-C\u00c1MARA TRASERA\u00a0<br \/>Ajuste de enfoque: Autom\u00e1tico\u00a0<br \/>Apertura de la lente: F\/1.8\u00a0<br \/>Resoluci\u00f3n del sensor: 12 megap\u00edxeles\u00a0<br \/>N.\u00ba de elementos de lente: 5 elementos\u00a0<br \/>Fuente de luz: Flash LED True Tone\u00a0<br \/>Zoom de c\u00e1mara: 5x zoom digital\u00a0<br \/>Modos de c\u00e1mara: Modo R\u00e1faga, Panor\u00e1mica, Modo de lapso de tiempo, modo C\u00e1mara lenta, captura a todo color y fotos en directo, ancho\u00a0<br \/>Modo HDR: Smart HDR 4\u00a0<br \/>Caracter\u00edsticas: Estabilizaci\u00f3n de v\u00eddeo Cinematic, Focus Pixels, Estabilizaci\u00f3n de imagen autom\u00e1tica, Zoom de reproducci\u00f3n, geoetiquetado, V\u00eddeo con enfoque autom\u00e1tico continuo, v\u00eddeo de tiempo transcurrido con estabilizaci\u00f3n, correcci\u00f3n de ojos rojos avanzada, Panorama (hasta 63 MP), captura de imagen en formato HEIF, rango din\u00e1mico extendido para v\u00eddeo a 30 fps, captura de imagen JPEG\u00a0<br \/>Resoluciones de v\u00eddeo: 1920 x 1080 (1080p) at 30 fps, 1920 x 1080 (1080p) a 60 fps, 1280 x 720 (720p) a 30 fps, v\u00eddeo a c\u00e1mara lenta 1920 x 1080 (1080p) a 120 fps, 3840 x 2160 (4K) at 30 fps, 3840 x 2160 (4K) a 60 fps, 3840 x 2160 (4K) a 24 fps, 1920 x 1080 (1080p) a 25 fps, v\u00eddeo a c\u00e1mara lenta 1920 x 1080 (1080p) a 240 fps, 3840 x 2160 (4K) a 25 fps\u00a0<\/p>\n<p>-INFORMACI\u00d3N DE SOSTENIBILIDAD\u00a0<br \/>Certificaci\u00f3n ENERGY STAR: S\u00ed\u00a0<br \/>Conforme con EPEAT: EPEAT Gold\u00a0<br \/>Huella de carbono: 71 kg de emisiones de carbono\u00a0<br \/>Materiales de tierras raras: 96 % elementos reciclados de tierras raras\u00a0<\/p>\n<p>\u00a0<\/p>\n","protected":false},"excerpt":{"rendered":"<p>Apple ipad mini 8.3 pulgadas 256gb wifi + cell blue<\/p>\n","protected":false},"featured_media":233021,"comment_status":"closed","ping_status":"open","template":"","meta":{"_et_pb_use_builder":"","_et_pb_old_content":"","_et_gb_content_width":""},"product_brand":[2061],"product_cat":[2058,2519,2529],"product_tag":[2064,2640,2068,2523,2531],"class_list":{"0":"post-233020","1":"product","2":"type-product","3":"status-publish","4":"has-post-thumbnail","6":"product_brand-apple","7":"product_cat-dispositivos","8":"product_cat-portatiles","9":"product_cat-tablets","10":"product_tag-apple","11":"product_tag-apple-ipad-mini-8-3-pulgadas-256gb-wifi","12":"product_tag-dispositivos","13":"product_tag-portatiles","14":"product_tag-tablets","15":"product_shipping_class-2059","16":"pa_canon-digital-incluida-375-e-incluidos","18":"first","19":"instock","20":"taxable","21":"shipping-taxable","22":"purchasable","23":"product-type-simple"},"_links":{"self":[{"href":"https:\/\/linkxa.es\/linkshop\/wp-json\/wp\/v2\/product\/233020","targetHints":{"allow":["GET"]}}],"collection":[{"href":"https:\/\/linkxa.es\/linkshop\/wp-json\/wp\/v2\/product"}],"about":[{"href":"https:\/\/linkxa.es\/linkshop\/wp-json\/wp\/v2\/types\/product"}],"replies":[{"embeddable":true,"href":"https:\/\/linkxa.es\/linkshop\/wp-json\/wp\/v2\/comments?post=233020"}],"wp:featuredmedia":[{"embeddable":true,"href":"https:\/\/linkxa.es\/linkshop\/wp-json\/wp\/v2\/media\/233021"}],"wp:attachment":[{"href":"https:\/\/linkxa.es\/linkshop\/wp-json\/wp\/v2\/media?parent=233020"}],"wp:term":[{"taxonomy":"product_brand","embeddable":true,"href":"https:\/\/linkxa.es\/linkshop\/wp-json\/wp\/v2\/product_brand?post=233020"},{"taxonomy":"product_cat","embeddable":true,"href":"https:\/\/linkxa.es\/linkshop\/wp-json\/wp\/v2\/product_cat?post=233020"},{"taxonomy":"product_tag","embeddable":true,"href":"https:\/\/linkxa.es\/linkshop\/wp-json\/wp\/v2\/product_tag?post=233020"}],"curies":[{"name":"wp","href":"https:\/\/api.w.org\/{rel}","templated":true}]}}