{"id":233055,"date":"2025-05-13T20:47:57","date_gmt":"2025-05-13T20:47:57","guid":{"rendered":"https:\/\/linkxa.es\/contratacion\/producto\/ips-lg-24bp75cp-23-8-pulgadas-5ms-1920x1080\/"},"modified":"2025-08-02T01:14:36","modified_gmt":"2025-08-02T01:14:36","slug":"ips-lg-24bp75cp-23-8-pulgadas-5ms-1920x1080","status":"publish","type":"product","link":"https:\/\/linkxa.es\/linkshop\/producto\/ips-lg-24bp75cp-23-8-pulgadas-5ms-1920x1080\/","title":{"rendered":"Ips lg 24bp75cp 23.8 pulgadas 5ms 1920&#215;1080"},"content":{"rendered":"<h3 style=\"text-align: center;\"><strong>Lg\u00a0 |\u00a0 Monitores<\/strong><\/h3>\n<p>\u00a0<\/p>\n<p>LG 24BP75CP-B. Diagonal de la pantalla: 60,5 cm (23.8&#8243;), Resoluci\u00f3n de la pantalla: 1920 x 1080 Pixeles, Tipo HD: Full HD, Tecnolog\u00eda de visualizaci\u00f3n: LED, Tiempo de respuesta: 5 ms, Relaci\u00f3n de aspecto nativa: 16:9, \u00c1ngulo de visi\u00f3n, horizontal: 178, \u00c1ngulo de visi\u00f3n, vertical: 178. Altavoces incorporados. montaje VESA, Ajustes de altura. Color del producto: Negro<\/p>\n<p>\u00a0<\/p>\n","protected":false},"excerpt":{"rendered":"<p>Ips lg 24bp75cp 23.8 pulgadas 5ms 1920&#215;1080 hdmi usb &#8211; c displayport altavoces reg. altura cam<\/p>\n","protected":false},"featured_media":233056,"comment_status":"closed","ping_status":"open","template":"","meta":{"_et_pb_use_builder":"","_et_pb_old_content":"","_et_gb_content_width":""},"product_brand":[2648],"product_cat":[2058,2644,2643],"product_tag":[2068,2650,2649,2647,2646],"class_list":{"0":"post-233055","1":"product","2":"type-product","3":"status-publish","4":"has-post-thumbnail","6":"product_brand-lg","7":"product_cat-dispositivos","8":"product_cat-monitores","9":"product_cat-monitores-y-tv","10":"product_tag-dispositivos","11":"product_tag-ips-lg-24bp75cp-23-8-pulgadas-5ms-1920x1080","12":"product_tag-lg","13":"product_tag-monitores","14":"product_tag-monitores-y-tv","15":"product_shipping_class-2088","16":"pa_canon-digital-incluida-0-e-incluidos","18":"first","19":"instock","20":"taxable","21":"shipping-taxable","22":"purchasable","23":"product-type-simple"},"_links":{"self":[{"href":"https:\/\/linkxa.es\/linkshop\/wp-json\/wp\/v2\/product\/233055","targetHints":{"allow":["GET"]}}],"collection":[{"href":"https:\/\/linkxa.es\/linkshop\/wp-json\/wp\/v2\/product"}],"about":[{"href":"https:\/\/linkxa.es\/linkshop\/wp-json\/wp\/v2\/types\/product"}],"replies":[{"embeddable":true,"href":"https:\/\/linkxa.es\/linkshop\/wp-json\/wp\/v2\/comments?post=233055"}],"wp:featuredmedia":[{"embeddable":true,"href":"https:\/\/linkxa.es\/linkshop\/wp-json\/wp\/v2\/media\/233056"}],"wp:attachment":[{"href":"https:\/\/linkxa.es\/linkshop\/wp-json\/wp\/v2\/media?parent=233055"}],"wp:term":[{"taxonomy":"product_brand","embeddable":true,"href":"https:\/\/linkxa.es\/linkshop\/wp-json\/wp\/v2\/product_brand?post=233055"},{"taxonomy":"product_cat","embeddable":true,"href":"https:\/\/linkxa.es\/linkshop\/wp-json\/wp\/v2\/product_cat?post=233055"},{"taxonomy":"product_tag","embeddable":true,"href":"https:\/\/linkxa.es\/linkshop\/wp-json\/wp\/v2\/product_tag?post=233055"}],"curies":[{"name":"wp","href":"https:\/\/api.w.org\/{rel}","templated":true}]}}