{"id":233261,"date":"2025-07-05T03:41:17","date_gmt":"2025-07-05T03:41:17","guid":{"rendered":"https:\/\/linkxa.es\/contratacion\/producto\/monitor-ips-hp-v27i-g5-27-pulgadas\/"},"modified":"2025-08-02T01:30:32","modified_gmt":"2025-08-02T01:30:32","slug":"monitor-ips-hp-v27i-g5-27-pulgadas","status":"publish","type":"product","link":"https:\/\/linkxa.es\/linkshop\/producto\/monitor-ips-hp-v27i-g5-27-pulgadas\/","title":{"rendered":"Monitor ips hp v27i g5 27 pulgadas"},"content":{"rendered":"<h3 style=\"text-align: center;\"><strong>Hp\u00a0 |\u00a0 Monitores<\/strong><\/h3>\n<p>\u00a0<\/p>\n<p>Productividad diaria<br \/>Ampl\u00eda tu visi\u00f3n y productividad mientras trabajas o estudias con este monitor FHD de 68,6 cm (27 pulgadas). Este monitor elegante y<br \/>de gran tama\u00f1o simplifica y completa tus tareas inform\u00e1ticas gracias a la suavidad y definici\u00f3n de sus im\u00e1genes, adem\u00e1s de su<br \/>sencillo dise\u00f1o, para que puedas mejorar tu rendimiento diariamente.<\/p>\n<p>Disfruta de una excelente visualizaci\u00f3n de tus proyectos o tareas gracias a las vistas<br \/>frontales de esta pantalla. La resoluci\u00f3n FHD y el uso de la tecnolog\u00eda AMD FreeSync, con<br \/>una frecuencia de actualizaci\u00f3n de 75 Hz[1], permite ofrecer unas im\u00e1genes definidas y<br \/>un movimiento fluido.<\/p>\n<p>Despeja tu mente y tu escritorio gracias a un monitor dise\u00f1ado para adaptarse a cualquier<br \/>espacio. Con su elegante bisel de 3 lados y microborde, la pr\u00e1ctica gesti\u00f3n de cables y el<br \/>compacto soporte con inclinaci\u00f3n ajustable, nada distraer\u00e1 tu atenci\u00f3n.<\/p>\n<p>Disfruta de unos v\u00eddeos fluidos y realistas, as\u00ed como de unos detalles claros, gracias a la frecuencia de<br \/>actualizaci\u00f3n de 75 Hz que proporciona un movimiento fluido de fotograma a fotograma.<\/p>\n<p>Independientemente de d\u00f3nde te encuentres, la tecnolog\u00eda IPS garantiza la precisi\u00f3n y uniformidad de<br \/>la imagen desde amplios \u00e1ngulos de visi\u00f3n horizontales y verticales de 178 grados.<\/p>\n<p>Especificaciones<br \/>Tecnolog\u00eda del panel IPS<br \/>Tama\u00f1o de la pantalla (diagonal) 68,6 cm (27 )<br \/>Relaci\u00f3n de aspecto 16:9<br \/>[1]<br \/>Resoluci\u00f3n nativa FHD (1920 x 1080)<br \/>[1,2]<br \/>Resoluciones compatibles<br \/>640 x 480 720 x 400 800 x 600 1024 x 768 1280 x 720 1280 x 800<br \/>1280 x 1024 1440 x 900 1600 x 900 1680 x 1050 1920 x 1080<br \/>Distancia entre p\u00edxeles 0,31 x 0,31 mm<br \/>Brillo 250 nits<br \/>[1]<br \/>Relaci\u00f3n de contraste 1000:1<br \/>[1]<br \/>Tiempo de respuesta (t\u00edpico) GtG de 5 ms (con Overdrive)<br \/>[1]<br \/>Dimensiones m\u00ednimas (ancho x<br \/>fondo x alto)<br \/>61,1 x 5,71 x 36,55 cm<br \/>(Sin soporte.)<br \/>Dimensiones con pie (ancho x<br \/>fondo x alto)<br \/>61,1 x 19,03 x 43,84 cm<br \/>Peso<br \/>5,08 kg<br \/>(Con soporte.)<br \/>Funciones de la pantalla<br \/>Controles en pantalla AMD FreeSync Modo Low Blue Light<br \/>Antirreectante<br \/>Controles en pantalla<br \/>Control de alimentaci\u00f3n Brillo Salida Control de men\u00fa Control de<br \/>entrada Informaci\u00f3n Control del color Control de imagen Gesti\u00f3n<br \/>Colores de la pantalla Hasta 16,7 millones de colores<br \/>[3]<br \/>Frecuencia de escaneo de la<br \/>pantalla (horizontal)<br \/>30-86 kHz<br \/>Frecuencia de escaneo de la<br \/>pantalla (vertical)<br \/>48-75 Hz<br \/>Potencia 100 &#8211; 240 V AC 50\/60 Hz<br \/>Consumo energ\u00e9tico 35 W (m\u00e1ximo), 25 W (t\u00edpico), 0,5 W (en espera)<br \/>Rango de temperaturas operativas De 5 a 35 C<br \/>Rango de humedades operativas HR del 20 al 80%<br \/>Especicaciones de impacto<br \/>sostenible<br \/>El material de embalaje de celulosa de papel moldeada dentro de la caja es<br \/>100 % de origen sostenible y reciclable 85 % de pl\u00e1stico reciclado<br \/>posconsumo 100 % de pl\u00e1stico de ciclo cerrado derivado de ITE Bajo<br \/>contenido en hal\u00f3genos<br \/>Certicados y conformidades<br \/>Marca S de Argentina MEPS de Australia Bauart CB CE CEL CCC de<br \/>China C-Tick cTUVus EAC ENERGY STAR EUP Lote 5 EUP Lote 6 FCC<br \/>ISO 9241-307 requisitos KC (coreanos) Requisitos KCC (coreanos) e standby de Corea Certicaci\u00f3n Microsoft WHQL NOM (M\u00e9xico) PSB para<br \/>Singapur RCM BSMI de Taiw\u00e1n Certicaci\u00f3n TCO Certicaci\u00f3n TCO Edge<br \/>VCCI MEPS de Vietnam Etiqueta energ\u00e9tica de China (CEL) nivel 2<br \/>Etiqueta energ\u00e9tica de Ucrania Comisi\u00f3n de Energ\u00eda de California (CEC)<br \/>Energ\u00eda de Sud\u00e1frica EUP Lote 26 Energ\u00eda de M\u00e9xico Aplicaci\u00f3n<br \/>internacional Emiratos \u00c1rabes Unidos Certicados de Ucrania NRCS de<br \/>Sud\u00e1frica BIS de India ISC de Camboya<br \/>Seguridad f\u00edsica Preparado para bloqueo de seguridad<br \/>[10]<br \/>Software de gesti\u00f3n HP Display Center<br \/>N\u00famero UPC (A2N) 196548194858 (ABB) 196548194872 (UUZ) 196548194889<br \/>Garant\u00eda del fabricante Garant\u00eda limitada de 2 a\u00f1os<br \/>Contenido de la caja<br \/>Monitor Cable HDMI Tarjeta de garant\u00eda P\u00f3ster de conguraci\u00f3n r\u00e1pida<br \/>Kit de documentos Cable de alimentaci\u00f3n de CA<\/p>\n<p>\u00a0<\/p>\n","protected":false},"excerpt":{"rendered":"<p>Monitor ips hp v27i g5 27 pulgadas fhd 5ms hdmi &#8211;  display port &#8211;  vga &#8211;  1920&#215;1080 &#8211;  cable hdmi incluido<\/p>\n","protected":false},"featured_media":233262,"comment_status":"closed","ping_status":"open","template":"","meta":{"_et_pb_use_builder":"","_et_pb_old_content":"","_et_gb_content_width":""},"product_brand":[2536],"product_cat":[2058,2644,2643],"product_tag":[2068,2537,2686,2647,2646],"class_list":{"0":"post-233261","1":"product","2":"type-product","3":"status-publish","4":"has-post-thumbnail","6":"product_brand-hp","7":"product_cat-dispositivos","8":"product_cat-monitores","9":"product_cat-monitores-y-tv","10":"product_tag-dispositivos","11":"product_tag-hp","12":"product_tag-monitor-ips-hp-v27i-g5-27-pulgadas","13":"product_tag-monitores","14":"product_tag-monitores-y-tv","15":"product_shipping_class-2088","16":"pa_canon-digital-incluida-0-e-incluidos","18":"first","19":"instock","20":"taxable","21":"shipping-taxable","22":"purchasable","23":"product-type-simple"},"_links":{"self":[{"href":"https:\/\/linkxa.es\/linkshop\/wp-json\/wp\/v2\/product\/233261","targetHints":{"allow":["GET"]}}],"collection":[{"href":"https:\/\/linkxa.es\/linkshop\/wp-json\/wp\/v2\/product"}],"about":[{"href":"https:\/\/linkxa.es\/linkshop\/wp-json\/wp\/v2\/types\/product"}],"replies":[{"embeddable":true,"href":"https:\/\/linkxa.es\/linkshop\/wp-json\/wp\/v2\/comments?post=233261"}],"wp:featuredmedia":[{"embeddable":true,"href":"https:\/\/linkxa.es\/linkshop\/wp-json\/wp\/v2\/media\/233262"}],"wp:attachment":[{"href":"https:\/\/linkxa.es\/linkshop\/wp-json\/wp\/v2\/media?parent=233261"}],"wp:term":[{"taxonomy":"product_brand","embeddable":true,"href":"https:\/\/linkxa.es\/linkshop\/wp-json\/wp\/v2\/product_brand?post=233261"},{"taxonomy":"product_cat","embeddable":true,"href":"https:\/\/linkxa.es\/linkshop\/wp-json\/wp\/v2\/product_cat?post=233261"},{"taxonomy":"product_tag","embeddable":true,"href":"https:\/\/linkxa.es\/linkshop\/wp-json\/wp\/v2\/product_tag?post=233261"}],"curies":[{"name":"wp","href":"https:\/\/api.w.org\/{rel}","templated":true}]}}