{"id":233291,"date":"2025-04-09T09:04:09","date_gmt":"2025-04-09T09:04:09","guid":{"rendered":"https:\/\/linkxa.es\/contratacion\/producto\/monitor-ips-hp-v24i-g5-23-8-pulgadas\/"},"modified":"2025-08-02T01:32:11","modified_gmt":"2025-08-02T01:32:11","slug":"monitor-ips-hp-v24i-g5-23-8-pulgadas","status":"publish","type":"product","link":"https:\/\/linkxa.es\/linkshop\/producto\/monitor-ips-hp-v24i-g5-23-8-pulgadas\/","title":{"rendered":"Monitor ips hp v24i g5 23.8 pulgadas"},"content":{"rendered":"<h3 style=\"text-align: center;\"><strong>Hp\u00a0 |\u00a0 Monitores<\/strong><\/h3>\n<p>\u00a0<\/p>\n<p>Monitor HP V24i G5 FHD (65P58E9)<br \/>Especificaciones T\u00e9cnicas<\/p>\n<p>Tecnolog\u00eda del Panel: IPS<br \/>Tama\u00f1o de Pantalla (Diagonal): 60,5 cm (23,8&#8243;)<br \/>Relaci\u00f3n de Aspecto: 16:9<br \/>Resoluci\u00f3n Nativa: FHD (1920 x 1080)<\/p>\n<p>Resoluciones Compatibles:<\/p>\n<p>640 x 480, 720 x 400, 800 x 600, 1024 x 768, 1280 x 720, 1280 x 800,<br \/>1280 x 1024, 1440 x 900, 1600 x 900, 1680 x 1050, 1920 x 1080<br \/>Distancia entre P\u00edxeles: 0,27 x 0,27 mm<br \/>Brillo: 250 nits<br \/>Relaci\u00f3n de Contraste: 1000:1<br \/>Tiempo de Respuesta (t\u00edpico): GtG de 5 ms (con Overdrive)<\/p>\n<p>Dimensiones:<\/p>\n<p>Sin Soporte: 53,89 x 5,14 x 32,36 cm<br \/>Con Soporte: 53,89 x 18,05 x 39,79 cm<br \/>Peso: 3,78 kg (Con soporte)<\/p>\n<p>Funciones de la Pantalla:<\/p>\n<p>Controles en pantalla<br \/>AMD FreeSync<br \/>Modo Low Blue Light<br \/>Antirrefractante<\/p>\n<p>Controles en Pantalla:<\/p>\n<p>Control de alimentaci\u00f3n<br \/>Brillo<br \/>Men\u00fa de entrada<br \/>Control del color<br \/>Gesti\u00f3n de im\u00e1genes<\/p>\n<p>Colores de la Pantalla: Hasta 16,7 millones de colores<br \/>Frecuencia de Escaneo:<\/p>\n<p>Horizontal: 30-86 kHz<br \/>Vertical: 48-75 Hz<\/p>\n<p>Potencia y Consumo Energ\u00e9tico:<\/p>\n<p>Entrada: 100 &#8211; 240 V AC, 50\/60 Hz<br \/>Consumo: 30 W (m\u00e1ximo), 20 W (t\u00edpico), 0,5 W (en espera)<\/p>\n<p>Rango de Temperaturas Operativas:<\/p>\n<p>De 5\u00b0C a 35\u00b0C<\/p>\n<p>Rango de Humedad Operativa:<\/p>\n<p>HR del 20 al 80%<\/p>\n<p>Impacto Sostenible:<\/p>\n<p>Material de embalaje 100% sostenible y reciclable<br \/>85% de pl\u00e1stico reciclado posconsumo<br \/>100% de pl\u00e1stico de ciclo cerrado derivado de ITE<\/p>\n<p>Certificados y Conformidades:<\/p>\n<p>ENERGY STAR, ISO 9241-307, Microsoft WHQL, TCO, FCC<br \/>Certificaci\u00f3n NOM (M\u00e9xico), MEPS de Australia, CE, CB<br \/>Cumplimiento de Requisitos KC (Corea), BSMI (Taiw\u00e1n)<br \/>Etiqueta energ\u00e9tica de China (CEL) nivel 2, RCM, FCC<\/p>\n<p>Seguridad F\u00edsica:<\/p>\n<p>Preparado para bloqueo de seguridad<\/p>\n<p>Software de Gesti\u00f3n:<\/p>\n<p>HP Display Center<\/p>\n<p>Contenido de la Caja:<\/p>\n<p>Cable HDMI<br \/>Tarjeta de garant\u00eda<br \/>P\u00f3ster de configuraci\u00f3n r\u00e1pida<br \/>Kit de documentos<br \/>Cable de alimentaci\u00f3n de CA<\/p>\n<p>Garant\u00eda del Fabricante:<\/p>\n<p>Garant\u00eda limitada de 2 a\u00f1os<\/p>\n<p>\u00a0<\/p>\n","protected":false},"excerpt":{"rendered":"<p>Monitor ips hp v24i g5 23.8 pulgadas fhd 5ms vga &#8211;  hdmi &#8211;  displayport &#8211;  1920&#215;1080 &#8211;  cable hdmi incluido<\/p>\n","protected":false},"featured_media":233292,"comment_status":"closed","ping_status":"open","template":"","meta":{"_et_pb_use_builder":"","_et_pb_old_content":"","_et_gb_content_width":""},"product_brand":[2536],"product_cat":[2058,2644,2643],"product_tag":[2068,2537,2690,2647,2646],"class_list":{"0":"post-233291","1":"product","2":"type-product","3":"status-publish","4":"has-post-thumbnail","6":"product_brand-hp","7":"product_cat-dispositivos","8":"product_cat-monitores","9":"product_cat-monitores-y-tv","10":"product_tag-dispositivos","11":"product_tag-hp","12":"product_tag-monitor-ips-hp-v24i-g5-23-8-pulgadas","13":"product_tag-monitores","14":"product_tag-monitores-y-tv","15":"product_shipping_class-2088","16":"pa_canon-digital-incluida-0-e-incluidos","18":"first","19":"instock","20":"taxable","21":"shipping-taxable","22":"purchasable","23":"product-type-simple"},"_links":{"self":[{"href":"https:\/\/linkxa.es\/linkshop\/wp-json\/wp\/v2\/product\/233291","targetHints":{"allow":["GET"]}}],"collection":[{"href":"https:\/\/linkxa.es\/linkshop\/wp-json\/wp\/v2\/product"}],"about":[{"href":"https:\/\/linkxa.es\/linkshop\/wp-json\/wp\/v2\/types\/product"}],"replies":[{"embeddable":true,"href":"https:\/\/linkxa.es\/linkshop\/wp-json\/wp\/v2\/comments?post=233291"}],"wp:featuredmedia":[{"embeddable":true,"href":"https:\/\/linkxa.es\/linkshop\/wp-json\/wp\/v2\/media\/233292"}],"wp:attachment":[{"href":"https:\/\/linkxa.es\/linkshop\/wp-json\/wp\/v2\/media?parent=233291"}],"wp:term":[{"taxonomy":"product_brand","embeddable":true,"href":"https:\/\/linkxa.es\/linkshop\/wp-json\/wp\/v2\/product_brand?post=233291"},{"taxonomy":"product_cat","embeddable":true,"href":"https:\/\/linkxa.es\/linkshop\/wp-json\/wp\/v2\/product_cat?post=233291"},{"taxonomy":"product_tag","embeddable":true,"href":"https:\/\/linkxa.es\/linkshop\/wp-json\/wp\/v2\/product_tag?post=233291"}],"curies":[{"name":"wp","href":"https:\/\/api.w.org\/{rel}","templated":true}]}}