{"id":233303,"date":"2025-03-12T10:45:37","date_gmt":"2025-03-12T10:45:37","guid":{"rendered":"https:\/\/linkxa.es\/contratacion\/producto\/monitor-led-ips-lg-24ba750-23-8-pulgadas\/"},"modified":"2025-08-02T01:32:56","modified_gmt":"2025-08-02T01:32:56","slug":"monitor-led-ips-lg-24ba750-23-8-pulgadas","status":"publish","type":"product","link":"https:\/\/linkxa.es\/linkshop\/producto\/monitor-led-ips-lg-24ba750-23-8-pulgadas\/","title":{"rendered":"Monitor led ips lg 24ba750 23.8 pulgadas"},"content":{"rendered":"<h3 style=\"text-align: center;\"><strong>Lg\u00a0 |\u00a0 Monitores<\/strong><\/h3>\n<p>\u00a0<\/p>\n<p>Tama\u00f1o (pulgadas) 23.8Tama\u00f1o (cm) 60.4<br \/>Resoluci\u00f3n 1920 x 1080Tipo de panel IPS<br \/>Relaci\u00f3n de aspecto 16:9Paso de p\u00edxeles [mm] 0,2745 x 0,2745<br \/>Brillo (m\u00edn.) [cd\/m] 200Brillo (t\u00edpico) [cd\/m] 250<br \/>Gama de colores (m\u00edn.) sRGB 90%Gama de colores (t\u00edp.) sRGB 99 % (CIE1931)<br \/>Profundidad de color (n\u00famero de colores) 16,7 millonesBit de color 8 bits (6 bits + FRC)<br \/>Relaci\u00f3n de contraste (m\u00edn.) 910:1Relaci\u00f3n de contraste (t\u00edp.) 1300:1<br \/>Tiempo de respuesta 5 ms (GtG en Faster)Frecuencia de actualizaci\u00f3n (m\u00e1x.) [Hz] 100<\/p>\n<p>\u00a0<\/p>\n","protected":false},"excerpt":{"rendered":"<p>Monitor led ips lg 24ba750 23.8 pulgadas 1920 x 1080 5ms hdmi displayport usb &#8211; c altavoces reg. altura<\/p>\n","protected":false},"featured_media":233304,"comment_status":"closed","ping_status":"open","template":"","meta":{"_et_pb_use_builder":"","_et_pb_old_content":"","_et_gb_content_width":""},"product_brand":[2648],"product_cat":[2058,2644,2643],"product_tag":[2068,2649,2692,2647,2646],"class_list":{"0":"post-233303","1":"product","2":"type-product","3":"status-publish","4":"has-post-thumbnail","6":"product_brand-lg","7":"product_cat-dispositivos","8":"product_cat-monitores","9":"product_cat-monitores-y-tv","10":"product_tag-dispositivos","11":"product_tag-lg","12":"product_tag-monitor-led-ips-lg-24ba750-23-8-pulgadas","13":"product_tag-monitores","14":"product_tag-monitores-y-tv","15":"product_shipping_class-2088","16":"pa_canon-digital-incluida-0-e-incluidos","18":"first","19":"instock","20":"taxable","21":"shipping-taxable","22":"purchasable","23":"product-type-simple"},"_links":{"self":[{"href":"https:\/\/linkxa.es\/linkshop\/wp-json\/wp\/v2\/product\/233303","targetHints":{"allow":["GET"]}}],"collection":[{"href":"https:\/\/linkxa.es\/linkshop\/wp-json\/wp\/v2\/product"}],"about":[{"href":"https:\/\/linkxa.es\/linkshop\/wp-json\/wp\/v2\/types\/product"}],"replies":[{"embeddable":true,"href":"https:\/\/linkxa.es\/linkshop\/wp-json\/wp\/v2\/comments?post=233303"}],"wp:featuredmedia":[{"embeddable":true,"href":"https:\/\/linkxa.es\/linkshop\/wp-json\/wp\/v2\/media\/233304"}],"wp:attachment":[{"href":"https:\/\/linkxa.es\/linkshop\/wp-json\/wp\/v2\/media?parent=233303"}],"wp:term":[{"taxonomy":"product_brand","embeddable":true,"href":"https:\/\/linkxa.es\/linkshop\/wp-json\/wp\/v2\/product_brand?post=233303"},{"taxonomy":"product_cat","embeddable":true,"href":"https:\/\/linkxa.es\/linkshop\/wp-json\/wp\/v2\/product_cat?post=233303"},{"taxonomy":"product_tag","embeddable":true,"href":"https:\/\/linkxa.es\/linkshop\/wp-json\/wp\/v2\/product_tag?post=233303"}],"curies":[{"name":"wp","href":"https:\/\/api.w.org\/{rel}","templated":true}]}}