{"id":233382,"date":"2025-07-20T22:08:48","date_gmt":"2025-07-20T22:08:48","guid":{"rendered":"https:\/\/linkxa.es\/contratacion\/producto\/monitor-led-curvo-asus-tuf-gaming\/"},"modified":"2025-08-02T01:40:04","modified_gmt":"2025-08-02T01:40:04","slug":"monitor-led-curvo-asus-tuf-gaming","status":"publish","type":"product","link":"https:\/\/linkxa.es\/linkshop\/producto\/monitor-led-curvo-asus-tuf-gaming\/","title":{"rendered":"Monitor led curvo asus tuf gaming"},"content":{"rendered":"<h3 style=\"text-align: center;\"><strong>Asus\u00a0 |\u00a0 Monitores<\/strong><\/h3>\n<p>\u00a0<\/p>\n<p>ASUS TUF Gaming VG34VQL3A. Diagonal de la pantalla: 86,4 cm (34&#8243;), Resoluci\u00f3n de la pantalla: 3440 x 1440 Pixeles, Tipo HD: UltraWide Quad HD, Tecnolog\u00eda de visualizaci\u00f3n: LCD, Tiempo de respuesta: 1 ms, Relaci\u00f3n de aspecto nativa: 21:9, \u00c1ngulo de visi\u00f3n, horizontal: 178\u00b0, \u00c1ngulo de visi\u00f3n, vertical: 178\u00b0. Altavoces incorporados. Conector USB incorporado, Versi\u00f3n de conector USB: 3.2 Gen 2 (3.1 Gen 2). montaje VESA, Ajustes de altura. Color del producto: Negro\u00a0<\/p>\n<p>\u00a0<\/p>\n","protected":false},"excerpt":{"rendered":"<p>Monitor led curvo asus tuf  gaming vg34vql3a 34 pulgadas 3440&#215;1440 1ms hdmi displayport usb altavoces reg. altura<\/p>\n","protected":false},"featured_media":233383,"comment_status":"closed","ping_status":"open","template":"","meta":{"_et_pb_use_builder":"","_et_pb_old_content":"","_et_gb_content_width":""},"product_brand":[2566],"product_cat":[2058,2644,2643],"product_tag":[2567,2068,2715,2647,2646],"class_list":{"0":"post-233382","1":"product","2":"type-product","3":"status-publish","4":"has-post-thumbnail","6":"product_brand-asus","7":"product_cat-dispositivos","8":"product_cat-monitores","9":"product_cat-monitores-y-tv","10":"product_tag-asus","11":"product_tag-dispositivos","12":"product_tag-monitor-led-curvo-asus-tuf-gaming","13":"product_tag-monitores","14":"product_tag-monitores-y-tv","15":"product_shipping_class-2088","16":"pa_canon-digital-incluida-0-e-incluidos","18":"first","19":"instock","20":"taxable","21":"shipping-taxable","22":"purchasable","23":"product-type-simple"},"_links":{"self":[{"href":"https:\/\/linkxa.es\/linkshop\/wp-json\/wp\/v2\/product\/233382","targetHints":{"allow":["GET"]}}],"collection":[{"href":"https:\/\/linkxa.es\/linkshop\/wp-json\/wp\/v2\/product"}],"about":[{"href":"https:\/\/linkxa.es\/linkshop\/wp-json\/wp\/v2\/types\/product"}],"replies":[{"embeddable":true,"href":"https:\/\/linkxa.es\/linkshop\/wp-json\/wp\/v2\/comments?post=233382"}],"wp:featuredmedia":[{"embeddable":true,"href":"https:\/\/linkxa.es\/linkshop\/wp-json\/wp\/v2\/media\/233383"}],"wp:attachment":[{"href":"https:\/\/linkxa.es\/linkshop\/wp-json\/wp\/v2\/media?parent=233382"}],"wp:term":[{"taxonomy":"product_brand","embeddable":true,"href":"https:\/\/linkxa.es\/linkshop\/wp-json\/wp\/v2\/product_brand?post=233382"},{"taxonomy":"product_cat","embeddable":true,"href":"https:\/\/linkxa.es\/linkshop\/wp-json\/wp\/v2\/product_cat?post=233382"},{"taxonomy":"product_tag","embeddable":true,"href":"https:\/\/linkxa.es\/linkshop\/wp-json\/wp\/v2\/product_tag?post=233382"}],"curies":[{"name":"wp","href":"https:\/\/api.w.org\/{rel}","templated":true}]}}