{"id":233434,"date":"2025-02-28T09:01:59","date_gmt":"2025-02-28T09:01:59","guid":{"rendered":"https:\/\/linkxa.es\/contratacion\/producto\/lg-ultragear-27gs60f-27-pulgadas-fhd-1ms\/"},"modified":"2025-08-02T01:42:15","modified_gmt":"2025-08-02T01:42:15","slug":"lg-ultragear-27gs60f-27-pulgadas-fhd-1ms","status":"publish","type":"product","link":"https:\/\/linkxa.es\/linkshop\/producto\/lg-ultragear-27gs60f-27-pulgadas-fhd-1ms\/","title":{"rendered":"Lg ultragear 27gs60f 27 pulgadas fhd 1ms"},"content":{"rendered":"<h3 style=\"text-align: center;\"><strong>Lg\u00a0 |\u00a0 Monitores<\/strong><\/h3>\n<p>\u00a0<\/p>\n<p>LG 27GS60F-B. Diagonal de la pantalla: 68,6 cm (27&#8243;), Resoluci\u00f3n de la pantalla: 1920 x 1080 Pixeles, Tipo HD: Full HD, Tiempo de respuesta: 1 ms, Relaci\u00f3n de aspecto nativa: 16:9, \u00c1ngulo de visi\u00f3n,<br \/>horizontal: 178, \u00c1ngulo de visi\u00f3n, vertical: 178. montaje VESA. Color del producto: Negro<\/p>\n<p>Exhibici\u00f3n<br \/>Diagonal de la pantalla<br \/>Size of the display for this product<br \/>68,6 cm (27&#8243;)<br \/>Resoluci\u00f3n de la pantalla<br \/>Resolution of the display for the system<br \/>1920 x 1080 Pixeles<br \/>Tipo HD<br \/>Type of supported High Definition (e.g. Full HD, 4K Ultra HD).<br \/>Full HD<br \/>Relaci\u00f3n de aspecto nativa<br \/>The aspect ratio is the ratio of the width of an image to its height. The native aspect ratio is the one which the projector\/display is particularly designed for. Images shown in native aspect ratio will utilize the<br \/>entire resolution of the display and achieve maximum brightness. Images shown in other than native aspect ratio will always have less resolution and less brightness than images shown in native aspect<br \/>ratio.<br \/>16:9<br \/>Tipo de pantalla IPS<br \/>Brillo de la pantalla (t\u00edpico)<br \/>Display brightness, measured by its Luminance, presented as a figure in nits. Typical brightness ratings for monitors range from 250 to 350 nits with a target value of between 80 to 120 nits being suitable for<br \/>most displays in a normal viewing environment.<br \/>300 cd \/ m<br \/>Tiempo de respuesta<br \/>The response time is the time difference between the moment that a source (for example a video card) sends a signal and that equipment (for example a monitor) receives or display the signal. (Used<br \/>abbreviations: R\/F = Rise and Fall.)<br \/>1 ms<br \/>Forma de la pantalla Plana<br \/>Raz\u00f3n de contraste (t\u00edpica)<br \/>The difference in light intensity between the brightest white and the darkest black.<br \/>1000:1<br \/>M\u00e1xima velocidad de actualizaci\u00f3n 180 Hz<br \/>\u00c1ngulo de visi\u00f3n, horizontal<br \/>Maximum horizontal angle at which a display can be viewed with acceptable visual performance.<br \/>178<br \/>\u00c1ngulo de visi\u00f3n, vertical<br \/>Maximum vertical angle at which a display can be viewed with acceptable visual performance.<br \/>178<br \/>N\u00famero de colores de la pantalla 16,7 millones de colores<br \/>Tama\u00f1o de pixel<br \/>This is the parameter of a picture tube<br \/>0,3108 x 0,3108 mm<br \/>Densidad del pixel 82 ppp<br \/>Diagonal de pantalla<br \/>This is the size of the display screen<br \/>68,5 cm<br \/>Alto Rango Din\u00e1mico (HDR)<br \/>Tecnolog\u00eda HDR (High Dynamic Range, Alto rango din\u00e1mico) HDR Effect, High Dynamic Range 10 (HDR10)<br \/>Cobertura sRGB (t\u00edpica) 99%<br \/>Desempe\u00f1o<br \/>NVIDIA G-SYNC<br \/>Tipo de G-SYNC de NVIDIA G-SYNC Compatible<br \/>AMD FreeSync<br \/>The product includes AMD Freesync Technology for the dynamic synchronization of the graphic card and the monitor in order to avoid screen tearing.<br \/>Tipo de FreeSync de AMD FreeSync<br \/>Tecnolog\u00eda Flicker free (reduce el parpadeo de la pantalla)<br \/>Modos inteligentes Ahorro energ\u00e9tico<br \/>Dise\u00f1o<br \/>Color del producto<br \/>The colour e.g. red<br \/>Negro<br \/>Color de pies<br \/>The colour of the feet<br \/>Negro<br \/>Puertos e Interfaces<br \/>HDMI<br \/>HDMI (High-Definition Multimedia Interface) is a compact audio\/video interface for transferring uncompressed video data and compressed\/uncompressed digital audio data from a HDMI-compliant device (\u00abthe<br \/>source device\u00bb) to a compatible computer monitor<br \/>N\u00famero de puertos HDMI<br \/>The number of sockets (ports) for HDMI connections. HDMI (High-Definition Multimedia Interface) is a compact audio\/video interface for transferring uncompressed video data and compressed\/uncompressed<br \/>digital audio data from a HDMI-compliant device (\u00abthe source device\u00bb) to a compatible computer monitor<br \/>1<br \/>Versi\u00f3n HDMI 2.0<br \/>Cantidad de DisplayPorts<br \/>Number of DisplayPorts. A DisplayPort is a digital display interface developed by the Video Electronics Standards Association (VESA). The interface is primarily used to connect a video source to a display<br \/>device such as a computer monitor<br \/>1<br \/>Versi\u00f3n de DisplayPort 1.4<br \/>Salida de auriculares<br \/>The socket for connecting headphones to the device.<br \/>HDCP<br \/>High-bandwidth Digital Content Protection (HDCP) is a form of digital copy protection to prevent copying of digital audio and video content as it travels across connections.<br \/>HDCP versi\u00f3n 2.2<br \/>Enchufe de entrada de CC<br \/>The socket\/plug where the DC electricity supply connects to the device.<br \/>Ergonom\u00eda<br \/>montaje VESA<br \/>Interfaz de panel de montaje<br \/>The product can be used wih VESA mounting interfaces.<br \/>100 x 100 mm<br \/>Ajuste de la inclinaci\u00f3n<br \/>The tilt<br \/>Exhibici\u00f3n en pantalla (OSD)<br \/>Conectar y usar (Plug and Play)<br \/>Indicates whether this product supports is \u00abplug and play\u00bb. Plug and play is hardware or software that, after being installed (\u00abplugged in\u00bb), can immediately be used (\u00abplayed with\u00bb), as opposed to hardware or<br \/>software which requires configuration.<br \/>Control de energ\u00eda<br \/>Clase de eficiencia energ\u00e9tica (SDR) E<br \/>Clase de eficiencia energ\u00e9tica (HDR) F<br \/>Consumo de energ\u00eda (SDR) por 1000 horas 22 kWh<br \/>Consumo de energ\u00eda (HDR) por 1000 horas 25 kWh<br \/>Consumo energ\u00e9tico<br \/>Amount of power used by this model, expressed in watts<br \/>27 W<br \/>Consumo de energ\u00eda (inactivo)<br \/>The amount of electricity that is consumed when the product is on standby.<br \/>0,5 W<br \/>Consumo de energ\u00eda (apagado) 0,3 W<br \/>Voltaje de entrada AC<br \/>The voltage of the AC electricity that is inputted into the product.<br \/>100 &#8211; 240 V<br \/>Frecuencia de entrada AC 50\/60 Hz<br \/>Escala de eficiencia energ\u00e9tica De la A a la G<br \/>C\u00f3digo EPREL (Registro europeo de productos para el etiquetado energ\u00e9tico) 1859707<br \/>Peso y dimensiones<br \/>Ancho del dispositivo (con soporte) 614,2 mm<br \/>Profundidad dispositivo (con soporte) 224,8 mm<br \/>Altura del dispositivo (con soporte) 454,2 mm<br \/>Peso (con soporte) 5,8 kg<br \/>Ancho (sin base) 614,2 mm<br \/>Profundidad (sin base) 51,7 mm<br \/>Altura (sin base) 364,8 mm<br \/>Peso (sin base) 5,1 kg<br \/>Empaquetado<br \/>Ancho del paquete<br \/>The distance from one side of the packaging to the other.<br \/>707 mm<br \/>Profundidad del paquete<br \/>The distance from the front to the back of the packaging.<br \/>453 mm<br \/>Altura del paquete<br \/>The distance from the top to the bottom of the packaging.<br \/>164 mm<br \/>Peso del paquete<br \/>Weight of the packaged product.<br \/>7,9 kg<br \/>Tipo de embalaje<br \/>The type of product package e.g. box.<br \/>Caja<br \/>Contenido del embalaje<br \/>Stand incluido<br \/>Cables incluidos DisplayPort<br \/>Otras caracter\u00edsticas<br \/>Tecnolog\u00edas espec\u00edficas Black Stabilizer, Crosshair<br \/>Contador de FPS<\/p>\n<p>\u00a0<\/p>\n","protected":false},"excerpt":{"rendered":"<p>Lg ultragear 27gs60f 27 pulgadas fhd 1ms hdmi displayport<\/p>\n","protected":false},"featured_media":233435,"comment_status":"closed","ping_status":"open","template":"","meta":{"_et_pb_use_builder":"","_et_pb_old_content":"","_et_gb_content_width":""},"product_brand":[2648],"product_cat":[2058,2644,2643],"product_tag":[2068,2649,2722,2647,2646],"class_list":{"0":"post-233434","1":"product","2":"type-product","3":"status-publish","4":"has-post-thumbnail","6":"product_brand-lg","7":"product_cat-dispositivos","8":"product_cat-monitores","9":"product_cat-monitores-y-tv","10":"product_tag-dispositivos","11":"product_tag-lg","12":"product_tag-lg-ultragear-27gs60f-27-pulgadas-fhd-1ms","13":"product_tag-monitores","14":"product_tag-monitores-y-tv","15":"product_shipping_class-2088","16":"pa_canon-digital-incluida-0-e-incluidos","18":"first","19":"instock","20":"taxable","21":"shipping-taxable","22":"purchasable","23":"product-type-simple"},"_links":{"self":[{"href":"https:\/\/linkxa.es\/linkshop\/wp-json\/wp\/v2\/product\/233434","targetHints":{"allow":["GET"]}}],"collection":[{"href":"https:\/\/linkxa.es\/linkshop\/wp-json\/wp\/v2\/product"}],"about":[{"href":"https:\/\/linkxa.es\/linkshop\/wp-json\/wp\/v2\/types\/product"}],"replies":[{"embeddable":true,"href":"https:\/\/linkxa.es\/linkshop\/wp-json\/wp\/v2\/comments?post=233434"}],"wp:featuredmedia":[{"embeddable":true,"href":"https:\/\/linkxa.es\/linkshop\/wp-json\/wp\/v2\/media\/233435"}],"wp:attachment":[{"href":"https:\/\/linkxa.es\/linkshop\/wp-json\/wp\/v2\/media?parent=233434"}],"wp:term":[{"taxonomy":"product_brand","embeddable":true,"href":"https:\/\/linkxa.es\/linkshop\/wp-json\/wp\/v2\/product_brand?post=233434"},{"taxonomy":"product_cat","embeddable":true,"href":"https:\/\/linkxa.es\/linkshop\/wp-json\/wp\/v2\/product_cat?post=233434"},{"taxonomy":"product_tag","embeddable":true,"href":"https:\/\/linkxa.es\/linkshop\/wp-json\/wp\/v2\/product_tag?post=233434"}],"curies":[{"name":"wp","href":"https:\/\/api.w.org\/{rel}","templated":true}]}}