{"id":233574,"date":"2025-07-02T05:49:44","date_gmt":"2025-07-02T05:49:44","guid":{"rendered":"https:\/\/linkxa.es\/contratacion\/producto\/android-tv-xiaomi-tv-box-s\/"},"modified":"2025-08-02T01:51:34","modified_gmt":"2025-08-02T01:51:34","slug":"android-tv-xiaomi-tv-box-s","status":"publish","type":"product","link":"https:\/\/linkxa.es\/linkshop\/producto\/android-tv-xiaomi-tv-box-s\/","title":{"rendered":"Android tv xiaomi tv box s"},"content":{"rendered":"<h3 style=\"text-align: center;\"><strong>Xiaomi\u00a0 |\u00a0 Android tv<\/strong><\/h3>\n<p>\u00a0<\/p>\n<p>Xiaomi lanza la TV Box S 2nd Gen, la versi\u00f3n mejorada de su predecesora, con streaming 4K Ultra HD para reproducir una imagen llena de detalles y viva, llev\u00e1ndote en el centro de la aventura.<\/p>\n<p>Con Dolby Vision y HDR10+ las im\u00e1genes ahora tienen un rango din\u00e1mico, con un brillo asombrarte y un contraste de colores como nunca antes. Las im\u00e1genes en HDR tambi\u00e9n tienen un sombreado m\u00e1s<br \/>detallado y realista.<br \/>Caracter\u00edsticas<\/p>\n<p>Calidad de imagen 4K Ultra HD: Una imagen m\u00e1s detallada y vibrante. 4K Ultra HD ofrece una imagen m\u00e1s detallada y v\u00edvida en la que puedes sumergirte.<br \/>Dolby Vision y HDR10+: Una imagen m\u00e1s n\u00edtida en cualquier condici\u00f3n de iluminaci\u00f3n. Con Dolby Vision y HDR10+, las im\u00e1genes ahora cuentan con un rango din\u00e1mico m\u00e1s alto y tienen un brillo, contraste<br \/>y color m\u00e1s asombrosos que antes. Las im\u00e1genes HDR tambi\u00e9n tienen sombras y luces m\u00e1s detalladas.<br \/>Dolby Atmos y DTS-HD: Experiencia de audio extraordinaria. Como tecnolog\u00eda revolucionaria de audio espacial, Dolby Atmos trae la mejor experiencia cinematogr\u00e1fica a su sala de estar al rodearlo con<br \/>poderosos efectos de sonido y, adem\u00e1s, DTS-HD ofrece un sonido de extraordinaria calidad.<br \/>Potente procesador: Experiencia acelerada. La CPU de cuatro n\u00facleos ofrece un rendimiento eficiente. Con GPU de alto rendimiento, el televisor ahora puede convertirse en su nueva plataforma de<br \/>entretenimiento. La combinaci\u00f3n de 2 GB de RAM + 8 GB de ROM ofrece una experiencia de visualizaci\u00f3n m\u00e1s fluida.<br \/>Entretenimiento que te encanta, con un poco de ayuda de Google. Google TV re\u00fane pel\u00edculas, programas y m\u00e1s de todas tus aplicaciones y suscripciones y los organiza solo para ti. Descubra cosas nuevas<br \/>para ver con recomendaciones basadas en lo que ve y lo que le interesa, de todas sus suscripciones y contenido disponible para usted.<br \/>Haz m\u00e1s en tu TV con tu voz. Su televisor es m\u00e1s \u00fatil que nunca. P\u00eddale a Google que busque pel\u00edculas, transmita aplicaciones, reproduzca m\u00fasica y controle el televisor, todo con su voz. Incluso obtenga<br \/>respuestas, controle dispositivos dom\u00e9sticos inteligentes y m\u00e1s. Simplemente diga \u00abOk Google\u00bb o presione el bot\u00f3n Asistente de Google en el control remoto para comenzar.<br \/>Mando a distancia por infrarrojos y Bluetooth de 360. El dise\u00f1o intuitivo de los botones y el Bluetooth le permiten acceder a su contenido favorito mucho m\u00e1s r\u00e1pido desde cualquier \u00e1ngulo. Con el IR<br \/>incorporado, tambi\u00e9n puede controlar la potencia y el volumen de su televisor o barra de sonido, todo con un solo control remoto.<br \/>Proyecci\u00f3n inal\u00e1mbrica: \u00c1ngulo de visi\u00f3n mejorado. Chromecast Built-in facilita la proyecci\u00f3n de contenido desde dispositivos inteligentes en el televisor, lo que permite un \u00e1ngulo de visi\u00f3n m\u00e1s amplio.<br \/>Puertos principales: Habilitar m\u00e1s posibilidades. Abundantes opciones de puertos principales que permiten una f\u00e1cil expansi\u00f3n sin restricciones.<\/p>\n<p>Especificaciones Xiaomi TV Box S 2nd Gen<\/p>\n<p>Procesador<br \/>N\u00famero de n\u00facleos de procesador: 4<br \/>Arquitectura del procesador: Cortex-A55<\/p>\n<p>Memoria<br \/>Memoria interna: 2048 MB<\/p>\n<p>Medios de almacenaje<br \/>Capacidad de almacenamiento interno: 8 GB<\/p>\n<p>Software<br \/>Sistema operativo instalado: Android<br \/>Versi\u00f3n de sistema operativo: Google TV<\/p>\n<p>Puertos e Interfaces<br \/>Wifi: Si<br \/>Ethernet: No<br \/>HDMI: Si<br \/>Versi\u00f3n HDMI: 2.1<br \/>Cantidad de puertos USB: 1<br \/>Versi\u00f3n USB: 2.0<br \/>Bluetooth: Si<br \/>Versi\u00f3n de Bluetooth: 5.2<\/p>\n<p>Desempe\u00f1o<br \/>Color del producto: Negro<br \/>Tipo HD: 4K Ultra HD<br \/>M\u00e1xima resoluci\u00f3n de video: 3840 x 2160 Pixeles<br \/>Velocidad de cuadro: 60 pps<br \/>Formato de v\u00eddeo soportado: 2160p<br \/>Tecnolog\u00eda HDR (High Dynamic Range, Alto rango din\u00e1mico): Dolby Vision, High Dynamic Range 10+ (HDR10 Plus)<\/p>\n<p>Peso y dimensiones<br \/>Ancho: 95,2 mm<br \/>Profundidad: 95,2 mm<br \/>Altura: 16,7 mm<br \/>Peso: 142 g<\/p>\n<p>Contenido del embalaje<br \/>Mando a distancia incluido: Si<br \/>Adaptador AC incluido: Si<br \/>Cables incluidos: HDMI<br \/>Manual de usuario: Si<\/p>\n<p>\u00a0<\/p>\n","protected":false},"excerpt":{"rendered":"<p>Android tv xiaomi tv box s 2nd gen 8gb &#8211;  4k<\/p>\n","protected":false},"featured_media":233575,"comment_status":"closed","ping_status":"open","template":"","meta":{"_et_pb_use_builder":"","_et_pb_old_content":"","_et_gb_content_width":""},"product_brand":[2092],"product_cat":[2748,2058,2643],"product_tag":[2750,2749,2068,2646,2093],"class_list":{"0":"post-233574","1":"product","2":"type-product","3":"status-publish","4":"has-post-thumbnail","6":"product_brand-xiaomi","7":"product_cat-android-tv","8":"product_cat-dispositivos","9":"product_cat-monitores-y-tv","10":"product_tag-android-tv","11":"product_tag-android-tv-xiaomi-tv-box-s","12":"product_tag-dispositivos","13":"product_tag-monitores-y-tv","14":"product_tag-xiaomi","15":"product_shipping_class-2059","16":"pa_canon-digital-incluida-0-e-incluidos","18":"first","19":"instock","20":"taxable","21":"shipping-taxable","22":"purchasable","23":"product-type-simple"},"_links":{"self":[{"href":"https:\/\/linkxa.es\/linkshop\/wp-json\/wp\/v2\/product\/233574","targetHints":{"allow":["GET"]}}],"collection":[{"href":"https:\/\/linkxa.es\/linkshop\/wp-json\/wp\/v2\/product"}],"about":[{"href":"https:\/\/linkxa.es\/linkshop\/wp-json\/wp\/v2\/types\/product"}],"replies":[{"embeddable":true,"href":"https:\/\/linkxa.es\/linkshop\/wp-json\/wp\/v2\/comments?post=233574"}],"wp:featuredmedia":[{"embeddable":true,"href":"https:\/\/linkxa.es\/linkshop\/wp-json\/wp\/v2\/media\/233575"}],"wp:attachment":[{"href":"https:\/\/linkxa.es\/linkshop\/wp-json\/wp\/v2\/media?parent=233574"}],"wp:term":[{"taxonomy":"product_brand","embeddable":true,"href":"https:\/\/linkxa.es\/linkshop\/wp-json\/wp\/v2\/product_brand?post=233574"},{"taxonomy":"product_cat","embeddable":true,"href":"https:\/\/linkxa.es\/linkshop\/wp-json\/wp\/v2\/product_cat?post=233574"},{"taxonomy":"product_tag","embeddable":true,"href":"https:\/\/linkxa.es\/linkshop\/wp-json\/wp\/v2\/product_tag?post=233574"}],"curies":[{"name":"wp","href":"https:\/\/api.w.org\/{rel}","templated":true}]}}