{"id":233614,"date":"2024-12-04T12:34:04","date_gmt":"2024-12-04T12:34:04","guid":{"rendered":"https:\/\/linkxa.es\/contratacion\/producto\/android-tv-xiaomi-tv-stick-4k\/"},"modified":"2025-08-02T01:54:10","modified_gmt":"2025-08-02T01:54:10","slug":"android-tv-xiaomi-tv-stick-4k","status":"publish","type":"product","link":"https:\/\/linkxa.es\/linkshop\/producto\/android-tv-xiaomi-tv-stick-4k\/","title":{"rendered":"Android tv xiaomi tv stick 4k"},"content":{"rendered":"<h3 style=\"text-align: center;\"><strong>Xiaomi\u00a0 |\u00a0 Android tv<\/strong><\/h3>\n<p>\u00a0<\/p>\n<p>Destacado<\/p>\n<p>4K Ultra HD<br \/>Sistema operativo instalado: Android 11<br \/>3840 x 2160 Pixeles 60 pps<br \/>Formato de v\u00eddeo soportado: 2160p<br \/>Interfaz del dispositivo: HDMI<br \/>HDMI Cantidad de puertos Micro-USB: 1 Bluetooth Wifi<br \/>Fuente de energ\u00eda: USB<br \/>Memoria interna: 2000 MB Capacidad de almacenamiento interno: 8 GB<br \/>Negro<\/p>\n<p>Xiaomi TV Stick 4K. Tipo HD: 4K Ultra HD, Sistema operativo instalado: Android, M\u00e1xima resoluci\u00f3n de video: 3840 x 2160 Pixeles. Interfaz del dispositivo: HDMI, Wi-Fi est\u00e1ndares: 802.11a, 802.11b, 802.11g, Wi-Fi 4<br \/>(802.11n), Wi-Fi 5 (802.11ac). Fuente de energ\u00eda: USB. Color del producto: Negro. Capacidad de almacenamiento interno: 8 GB<\/p>\n<p>Peso y dimensiones<br \/>Altura<br \/>106,8 mm<br \/>Ancho<br \/>29,4 mm<br \/>Peso<br \/>42,8 g<br \/>Profundidad<br \/>15,4 mm<br \/>Puertos e Interfaces<br \/>Bluetooth<br \/>Si<br \/>Versi\u00f3n de Bluetooth<br \/>5.2<br \/>Cantidad de puertos Micro-USB<br \/>1<br \/>Wi-Fi est\u00e1ndares<br \/>802.11a, 802.11b, 802.11g, Wi-Fi 4 (802.11n), Wi-Fi 5 (802.11ac)<br \/>HDMI<br \/>Si<br \/>Interfaz del dispositivo<br \/>HDMI<br \/>Wifi<br \/>Si<br \/>Dise\u00f1o<br \/>Color del producto<br \/>Negro<br \/>Desempe\u00f1o<br \/>Adaptador gr\u00e1fico<br \/>Mali-G31 MP2<br \/>Aplicaciones de v\u00eddeo<br \/>Amazon Prime Video, NetFlix, YouTube<br \/>Arquitectura del procesador<br \/>ARM Cortex-A35<br \/>Funciona con el Asistente de Google<br \/>Si<br \/>Control por voz<br \/>Si<br \/>Decodificadores incorporados<br \/>DTS-HD, Dolby Atmos<br \/>Formato de v\u00eddeo soportado<br \/>2160p<br \/>Formatos de v\u00eddeo compatibles<br \/>AVI, DAT, ISO, MKV, MOV, MP4, MPEG, MPG, RM<br \/>Formatos de audio soportados<br \/>AAC, FLAC, MP3<br \/>Formatos de imagen soportados<br \/>BMP, GIF, JPG, PNG<br \/>Tipo HD<br \/>4K Ultra HD<br \/>M\u00e1xima resoluci\u00f3n de video<br \/>3840 x 2160 Pixeles<br \/>N\u00famero de n\u00facleos de procesador<br \/>4<br \/>Sistema operativo instalado<br \/>Android<br \/>Tarjeta de lectura integrada<br \/>No<br \/>Velocidad de cuadro<br \/>60 pps<br \/>Versi\u00f3n de sistema operativo<br \/>11<\/p>\n<p>Contenido del embalaje<br \/>Adaptador AC incluido<br \/>Si<br \/>Mando a distancia incluido<br \/>Si<br \/>Manual de usuario<br \/>Si<br \/>Control de energ\u00eda<br \/>Fuente de energ\u00eda<br \/>USB<br \/>Medios de almacenaje<br \/>Capacidad de almacenamiento interno<br \/>8 GB<br \/>Memoria<br \/>Memoria interna<br \/>2000 MB<\/p>\n<p>\u00a0<\/p>\n","protected":false},"excerpt":{"rendered":"<p>Android tv xiaomi tv stick 4k &#8211;  8gb &#8211;  android 11<\/p>\n","protected":false},"featured_media":233615,"comment_status":"closed","ping_status":"open","template":"","meta":{"_et_pb_use_builder":"","_et_pb_old_content":"","_et_gb_content_width":""},"product_brand":[2092],"product_cat":[2748,2058,2643],"product_tag":[2750,2757,2068,2646,2093],"class_list":{"0":"post-233614","1":"product","2":"type-product","3":"status-publish","4":"has-post-thumbnail","6":"product_brand-xiaomi","7":"product_cat-android-tv","8":"product_cat-dispositivos","9":"product_cat-monitores-y-tv","10":"product_tag-android-tv","11":"product_tag-android-tv-xiaomi-tv-stick-4k","12":"product_tag-dispositivos","13":"product_tag-monitores-y-tv","14":"product_tag-xiaomi","15":"product_shipping_class-2059","16":"pa_canon-digital-incluida-0-e-incluidos","18":"first","19":"instock","20":"taxable","21":"shipping-taxable","22":"purchasable","23":"product-type-simple"},"_links":{"self":[{"href":"https:\/\/linkxa.es\/linkshop\/wp-json\/wp\/v2\/product\/233614","targetHints":{"allow":["GET"]}}],"collection":[{"href":"https:\/\/linkxa.es\/linkshop\/wp-json\/wp\/v2\/product"}],"about":[{"href":"https:\/\/linkxa.es\/linkshop\/wp-json\/wp\/v2\/types\/product"}],"replies":[{"embeddable":true,"href":"https:\/\/linkxa.es\/linkshop\/wp-json\/wp\/v2\/comments?post=233614"}],"wp:featuredmedia":[{"embeddable":true,"href":"https:\/\/linkxa.es\/linkshop\/wp-json\/wp\/v2\/media\/233615"}],"wp:attachment":[{"href":"https:\/\/linkxa.es\/linkshop\/wp-json\/wp\/v2\/media?parent=233614"}],"wp:term":[{"taxonomy":"product_brand","embeddable":true,"href":"https:\/\/linkxa.es\/linkshop\/wp-json\/wp\/v2\/product_brand?post=233614"},{"taxonomy":"product_cat","embeddable":true,"href":"https:\/\/linkxa.es\/linkshop\/wp-json\/wp\/v2\/product_cat?post=233614"},{"taxonomy":"product_tag","embeddable":true,"href":"https:\/\/linkxa.es\/linkshop\/wp-json\/wp\/v2\/product_tag?post=233614"}],"curies":[{"name":"wp","href":"https:\/\/api.w.org\/{rel}","templated":true}]}}