{"id":233630,"date":"2025-07-21T01:17:28","date_gmt":"2025-07-21T01:17:28","guid":{"rendered":"https:\/\/linkxa.es\/contratacion\/producto\/led-ips-asus-tuf-gaming-vg27aq3a\/"},"modified":"2025-08-02T01:55:20","modified_gmt":"2025-08-02T01:55:20","slug":"led-ips-asus-tuf-gaming-vg27aq3a","status":"publish","type":"product","link":"https:\/\/linkxa.es\/linkshop\/producto\/led-ips-asus-tuf-gaming-vg27aq3a\/","title":{"rendered":"Led ips asus tuf gaming vg27aq3a"},"content":{"rendered":"<h3 style=\"text-align: center;\"><strong>Asus\u00a0 |\u00a0 Monitores<\/strong><\/h3>\n<p>\u00a0<\/p>\n<p>ASUS TUF Gaming VG27AQ3A. Diagonal de la pantalla: 68,6 cm (27&#8243;), Resoluci\u00f3n de la pantalla: 2560 x 1440 Pixeles, Tipo HD: Quad HD, Tecnolog\u00eda de visualizaci\u00f3n: LCD, Tiempo de respuesta: 1 ms, Relaci\u00f3n de aspecto nativa: 16:9, \u00c1ngulo de visi\u00f3n, horizontal: 178, \u00c1ngulo de visi\u00f3n, vertical: 178. Altavoces incorporados. montaje VESA. Color del producto: Negro<\/p>\n<p>\u00a0<\/p>\n","protected":false},"excerpt":{"rendered":"<p>Led ips asus tuf gaming vg27aq3a 27 pulgadas 2560 x 1440 1ms hdmi displayport altavoces<\/p>\n","protected":false},"featured_media":233631,"comment_status":"closed","ping_status":"open","template":"","meta":{"_et_pb_use_builder":"","_et_pb_old_content":"","_et_gb_content_width":""},"product_brand":[2566],"product_cat":[2058,2644,2643],"product_tag":[2567,2068,2760,2647,2646],"class_list":{"0":"post-233630","1":"product","2":"type-product","3":"status-publish","4":"has-post-thumbnail","6":"product_brand-asus","7":"product_cat-dispositivos","8":"product_cat-monitores","9":"product_cat-monitores-y-tv","10":"product_tag-asus","11":"product_tag-dispositivos","12":"product_tag-led-ips-asus-tuf-gaming-vg27aq3a","13":"product_tag-monitores","14":"product_tag-monitores-y-tv","15":"product_shipping_class-2088","16":"pa_canon-digital-incluida-0-e-incluidos","18":"first","19":"instock","20":"taxable","21":"shipping-taxable","22":"purchasable","23":"product-type-simple"},"_links":{"self":[{"href":"https:\/\/linkxa.es\/linkshop\/wp-json\/wp\/v2\/product\/233630","targetHints":{"allow":["GET"]}}],"collection":[{"href":"https:\/\/linkxa.es\/linkshop\/wp-json\/wp\/v2\/product"}],"about":[{"href":"https:\/\/linkxa.es\/linkshop\/wp-json\/wp\/v2\/types\/product"}],"replies":[{"embeddable":true,"href":"https:\/\/linkxa.es\/linkshop\/wp-json\/wp\/v2\/comments?post=233630"}],"wp:featuredmedia":[{"embeddable":true,"href":"https:\/\/linkxa.es\/linkshop\/wp-json\/wp\/v2\/media\/233631"}],"wp:attachment":[{"href":"https:\/\/linkxa.es\/linkshop\/wp-json\/wp\/v2\/media?parent=233630"}],"wp:term":[{"taxonomy":"product_brand","embeddable":true,"href":"https:\/\/linkxa.es\/linkshop\/wp-json\/wp\/v2\/product_brand?post=233630"},{"taxonomy":"product_cat","embeddable":true,"href":"https:\/\/linkxa.es\/linkshop\/wp-json\/wp\/v2\/product_cat?post=233630"},{"taxonomy":"product_tag","embeddable":true,"href":"https:\/\/linkxa.es\/linkshop\/wp-json\/wp\/v2\/product_tag?post=233630"}],"curies":[{"name":"wp","href":"https:\/\/api.w.org\/{rel}","templated":true}]}}