{"id":233664,"date":"2025-06-07T00:45:45","date_gmt":"2025-06-07T00:45:45","guid":{"rendered":"https:\/\/linkxa.es\/contratacion\/producto\/lg-ultragear-24gs60f-24-pulgadas-1ms\/"},"modified":"2025-08-02T01:57:38","modified_gmt":"2025-08-02T01:57:38","slug":"lg-ultragear-24gs60f-24-pulgadas-1ms","status":"publish","type":"product","link":"https:\/\/linkxa.es\/linkshop\/producto\/lg-ultragear-24gs60f-24-pulgadas-1ms\/","title":{"rendered":"Lg ultragear 24gs60f 24 pulgadas 1ms"},"content":{"rendered":"<h3 style=\"text-align: center;\"><strong>Lg\u00a0 |\u00a0 Monitores<\/strong><\/h3>\n<p>\u00a0<\/p>\n<p>LG 24GS60F-B. Diagonal de la pantalla: 61 cm (24&#8243;), Resoluci\u00f3n de la pantalla: 1920 x 1080 Pixeles, Tipo HD: Full HD, Tiempo de respuesta: 1 ms, Relaci\u00f3n de aspecto nativa: 16:9, \u00c1ngulo de visi\u00f3n,<br \/>horizontal: 178, \u00c1ngulo de visi\u00f3n, vertical: 178. montaje VESA. Color del producto: Negro<\/p>\n<p>Exhibici\u00f3n<br \/>Diagonal de la pantalla *61 cm (24&#8243;)<br \/>Resoluci\u00f3n de la pantalla *1920 x 1080 Pixeles<br \/>Tipo HD *Full HD<br \/>Relaci\u00f3n de aspecto nativa *16:9<br \/>Tipo de pantalla *IPS<br \/>Pantalla t\u00e1ctil *No<br \/>Brillo de la pantalla (t\u00edpico)300 cd \/ m<br \/>Tiempo de respuesta *1 ms<br \/>Forma de la pantalla *Plana<br \/>Raz\u00f3n de contraste (t\u00edpica) *1000:1<br \/>M\u00e1xima velocidad de actualizaci\u00f3n *180 Hz<br \/>\u00c1ngulo de visi\u00f3n, horizontal178<br \/>\u00c1ngulo de visi\u00f3n, vertical178<br \/>N\u00famero de colores de la pantalla *16,7 millones de colores<br \/>Tama\u00f1o de pixel0,2745 x 0,2745 mm<br \/>Densidad del pixel93 ppp<br \/>Diagonal de pantalla60,9 cm<br \/>Alto Rango Din\u00e1mico (HDR)Yes<br \/>Tecnolog\u00eda HDR (High Dynamic Range, Alto rango din\u00e1mico)HDR Effect, High Dynamic Range 10 (HDR10)<br \/>Cobertura sRGB (t\u00edpica)99%<br \/>Desempe\u00f1o<br \/>NVIDIA G-SYNC *Yes<br \/>Tipo de G-SYNC de NVIDIAG-SYNC Compatible<br \/>AMD FreeSync *Yes<br \/>Tipo de FreeSync de AMDFreeSync<br \/>Tecnolog\u00eda Flicker free (reduce el parpadeo de la pantalla)Yes<br \/>Modos inteligentesAhorro energ\u00e9tico<br \/>Multimedia<br \/>Altavoces incorporados *No<br \/>C\u00e1mara incorporada *No<br \/>Dise\u00f1o<br \/>Color del producto *Negro<br \/>Color de piesNegro<br \/>Puertos e Interfaces<br \/>Conector USB incorporado *No<br \/>HDMI *Yes<br \/>N\u00famero de puertos HDMI1<br \/>Versi\u00f3n HDMI2.0<br \/>Cantidad de DisplayPorts1<br \/>Puertos e Interfaces<br \/>Versi\u00f3n de DisplayPort1.4<br \/>Salida de auriculares *Yes<br \/>HDCPYes<br \/>HDCP versi\u00f3n2.2<br \/>Enchufe de entrada de CCYes<br \/>Ergonom\u00eda<br \/>montaje VESA *Yes<br \/>Interfaz de panel de montaje100 x 100 mm<br \/>Ajustes de altura *No<br \/>Ajuste de la inclinaci\u00f3nYes<br \/>Exhibici\u00f3n en pantalla (OSD)Yes<br \/>Conectar y usar (Plug and Play)Yes<br \/>Control de energ\u00eda<br \/>Consumo energ\u00e9tico *27 W<br \/>Consumo de energ\u00eda (inactivo) *0,5 W<br \/>Consumo de energ\u00eda (apagado)0,3 W<br \/>Voltaje de entrada AC100 &#8211; 240 V<br \/>Frecuencia de entrada AC50\/60 Hz<br \/>Peso y dimensiones<br \/>Ancho del dispositivo (con soporte)540,8 mm<br \/>Profundidad dispositivo (con soporte)180,5 mm<br \/>Altura del dispositivo (con soporte)408,9 mm<br \/>Peso (con soporte)4 kg<br \/>Ancho (sin base)540,8 mm<br \/>Profundidad (sin base)42,8 mm<br \/>Altura (sin base)323,8 mm<br \/>Peso (sin base)3,5 kg<br \/>Empaquetado<br \/>Ancho del paquete613 mm<br \/>Profundidad del paquete396 mm<br \/>Altura del paquete149 mm<br \/>Peso del paquete5,2 kg<br \/>Tipo de embalajeCaja<br \/>Contenido del embalaje<br \/>Stand incluidoYes<br \/>Cables incluidosDisplayPort<br \/>Otras caracter\u00edsticas<br \/>Tecnolog\u00edas espec\u00edficasBlack Stabilizer, Crosshair<br \/>Contador de FPSYes<\/p>\n<p>\u00a0<\/p>\n","protected":false},"excerpt":{"rendered":"<p>Lg ultragear 24gs60f 24 pulgadas 1ms fhd hdmi displayport<\/p>\n","protected":false},"featured_media":233665,"comment_status":"closed","ping_status":"open","template":"","meta":{"_et_pb_use_builder":"","_et_pb_old_content":"","_et_gb_content_width":""},"product_brand":[2648],"product_cat":[2058,2644,2643],"product_tag":[2068,2649,2768,2647,2646],"class_list":{"0":"post-233664","1":"product","2":"type-product","3":"status-publish","4":"has-post-thumbnail","6":"product_brand-lg","7":"product_cat-dispositivos","8":"product_cat-monitores","9":"product_cat-monitores-y-tv","10":"product_tag-dispositivos","11":"product_tag-lg","12":"product_tag-lg-ultragear-24gs60f-24-pulgadas-1ms","13":"product_tag-monitores","14":"product_tag-monitores-y-tv","15":"product_shipping_class-2088","16":"pa_canon-digital-incluida-0-e-incluidos","18":"first","19":"instock","20":"taxable","21":"shipping-taxable","22":"purchasable","23":"product-type-simple"},"_links":{"self":[{"href":"https:\/\/linkxa.es\/linkshop\/wp-json\/wp\/v2\/product\/233664","targetHints":{"allow":["GET"]}}],"collection":[{"href":"https:\/\/linkxa.es\/linkshop\/wp-json\/wp\/v2\/product"}],"about":[{"href":"https:\/\/linkxa.es\/linkshop\/wp-json\/wp\/v2\/types\/product"}],"replies":[{"embeddable":true,"href":"https:\/\/linkxa.es\/linkshop\/wp-json\/wp\/v2\/comments?post=233664"}],"wp:featuredmedia":[{"embeddable":true,"href":"https:\/\/linkxa.es\/linkshop\/wp-json\/wp\/v2\/media\/233665"}],"wp:attachment":[{"href":"https:\/\/linkxa.es\/linkshop\/wp-json\/wp\/v2\/media?parent=233664"}],"wp:term":[{"taxonomy":"product_brand","embeddable":true,"href":"https:\/\/linkxa.es\/linkshop\/wp-json\/wp\/v2\/product_brand?post=233664"},{"taxonomy":"product_cat","embeddable":true,"href":"https:\/\/linkxa.es\/linkshop\/wp-json\/wp\/v2\/product_cat?post=233664"},{"taxonomy":"product_tag","embeddable":true,"href":"https:\/\/linkxa.es\/linkshop\/wp-json\/wp\/v2\/product_tag?post=233664"}],"curies":[{"name":"wp","href":"https:\/\/api.w.org\/{rel}","templated":true}]}}