{"id":233681,"date":"2025-03-23T12:20:54","date_gmt":"2025-03-23T12:20:54","guid":{"rendered":"https:\/\/linkxa.es\/contratacion\/producto\/monitor-led-ips-asus-vy249hgr-23-8-pulgadas\/"},"modified":"2025-08-02T01:58:47","modified_gmt":"2025-08-02T01:58:47","slug":"monitor-led-ips-asus-vy249hgr-23-8-pulgadas","status":"publish","type":"product","link":"https:\/\/linkxa.es\/linkshop\/producto\/monitor-led-ips-asus-vy249hgr-23-8-pulgadas\/","title":{"rendered":"Monitor led ips asus vy249hgr 23.8 pulgadas"},"content":{"rendered":"<h3 style=\"text-align: center;\"><strong>Asus\u00a0 |\u00a0 Monitores<\/strong><\/h3>\n<p>\u00a0<\/p>\n<p>ASUS EyeCare VY249HGR. Diagonal de la pantalla: 60,5 cm (23.8&#8243;), Resoluci\u00f3n de la pantalla: 1920 x 1080 Pixeles, Tipo HD: Full HD, Tecnolog\u00eda de visualizaci\u00f3n: LED, Tiempo de respuesta: 1 ms, Relaci\u00f3n de aspecto nativa: 16:9, \u00c1ngulo de visi\u00f3n, horizontal: 178\u00b0, \u00c1ngulo de visi\u00f3n, vertical: 178\u00b0. montaje VESA. Color del producto: Negro\u00a0<br \/>Exhibici\u00f3n<br \/>Diagonal de la pantalla<br \/>Size of the display for this product<br \/>60,5 cm (23.8&#8243;)<br \/>Resoluci\u00f3n de la pantalla<br \/>Resolution of the display for the system<br \/>1920 x 1080 Pixeles<br \/>Tipo HD<br \/>Type of supported High Definition (e.g. Full HD, 4K Ultra HD).<br \/>Full HD<br \/>Relaci\u00f3n de aspecto nativa<br \/>The aspect ratio is the ratio of the width of an image to its height. The native aspect ratio is the one which the projector\/display is particularly designed for. Images shown in native aspect ratio will utilize the entire resolution of the display and achieve maximum brightness. Images shown in other than native aspect ratio will always have less resolution and less brightness than images shown in native aspect ratio.<br \/>16:9<br \/>Tecnolog\u00eda de visualizaci\u00f3n<br \/>The technology used in the display e.g. plasma<br \/>LED<br \/>Tipo de pantalla\u00a0IPS<br \/>Retroiluminaci\u00f3n LED<br \/>A backlight is a form of illumination used in liquid crystal displays (LCDs). One type of backlight is made by LEDs<\/p>\n<p>Brillo de la pantalla (t\u00edpico)<br \/>Display brightness, measured by its Luminance, presented as a figure in nits. Typical brightness ratings for monitors range from 250 to 350 nits with a target value of between 80 to 120 nits being suitable for most displays in a normal viewing environment.<br \/>250 cd \/ m\u00b2<br \/>Tiempo de respuesta<br \/>The response time is the time difference between the moment that a source (for example a video card) sends a signal and that equipment (for example a monitor) receives or display the signal. (Used abbreviations: R\/F = Rise and Fall.)<br \/>1 ms<br \/>Tiempo de respuesta (MPRT)\u00a01 ms<br \/>Pantalla antirreflectante<br \/>Siempre le proporciona una visi\u00f3n inmejorable, incluso con luz solar directa.<br \/>Forma de la pantalla\u00a0Plana<br \/>Raz\u00f3n de contraste (t\u00edpica)<br \/>The difference in light intensity between the brightest white and the darkest black.<br \/>1500:1<br \/>M\u00e1xima velocidad de actualizaci\u00f3n\u00a0120 Hz<br \/>\u00c1ngulo de visi\u00f3n, horizontal<br \/>Maximum horizontal angle at which a display can be viewed with acceptable visual performance.<br \/>178\u00b0<br \/>\u00c1ngulo de visi\u00f3n, vertical<br \/>Maximum vertical angle at which a display can be viewed with acceptable visual performance.<br \/>178\u00b0<br \/>N\u00famero de colores de la pantalla\u00a016,7 millones de colores<br \/>Tama\u00f1o de pixel<br \/>This is the parameter of a picture tube<br \/>0,2745 x 0,2745 mm<br \/>Tama\u00f1o visible, horizontal<br \/>The viewable size is often somewhat smaller than the actual size of a monitor<br \/>52,7 cm<br \/>Tama\u00f1o visible, vertical\u00a029,6 cm<br \/>Frecuencia digital horizontal\u00a030 &#8211; 138 kHz<br \/>Frecuencia digital vertical\u00a048 &#8211; 120 Hz<br \/>Desempe\u00f1o<br \/>Compatibilidad con Adaptive Sync de VESA\u00a0<br \/>Tecnolog\u00eda Flicker free (reduce el parpadeo de la pantalla)\u00a0<br \/>Tecnolog\u00eda Low Blue Light (baja luz azul)\u00a0<br \/>Modo de juego<br \/>Dise\u00f1o<br \/>Posicionamiento de mercado<br \/>Under which category can the device be positioned in the market, e.g. camera phone.<br \/>Hogar<br \/>Color del producto<br \/>The colour e.g. red<br \/>Negro<br \/>Soporte desmontable\u00a0<br \/>Color de pies<br \/>The colour of the feet<br \/>Negro<br \/>Puertos e Interfaces<br \/>Cantidad de puertos VGA (D-Sub)<br \/>Number of VGA (D-Sub) ports (connecting interfaces) in the device. The VGA (D-Sub) connector is a 15 pin connector between a computer and a monitor. It was first introduced in 1987 by IBM.<br \/>1<br \/>HDMI<br \/>HDMI (High-Definition Multimedia Interface) is a compact audio\/video interface for transferring uncompressed video data and compressed\/uncompressed digital audio data from a HDMI-compliant device (\u00abthe source device\u00bb) to a compatible computer monitor<br \/>N\u00famero de puertos HDMI<br \/>The number of sockets (ports) for HDMI connections. HDMI (High-Definition Multimedia Interface) is a compact audio\/video interface for transferring uncompressed video data and compressed\/uncompressed digital audio data from a HDMI-compliant device (\u00abthe source device\u00bb) to a compatible computer monitor<br \/>1<br \/>Versi\u00f3n HDMI\u00a01.4<br \/>Salida de auriculares<br \/>The socket for connecting headphones to the device.<br \/>DCP<br \/>High-bandwidth Digital Content Protection (HDCP) is a form of digital copy protection to prevent copying of digital audio and video content as it travels across connections.<br \/>HDCP versi\u00f3n\u00a01.4<br \/>Ergonom\u00eda<br \/>montaje VESA\u00a0<br \/>Interfaz de panel de montaje<br \/>The product can be used wih VESA mounting interfaces.<br \/>100 x 100 mm<br \/>Montaje de pared<br \/>The product can be mounted on (attached to ) a wall.<br \/>Ranura para cable de seguridad<br \/>Holes on the edge of devices through which a cable lock can be passed<br \/>Tipo de ranura de bloqueo del cable\u00a0Kensington<br \/>Ajuste de la inclinaci\u00f3n<br \/>The tilt<br \/>\u00c1ngulo de inclinaci\u00f3n\u00a0-5 &#8211; 22\u00b0<br \/>Control de energ\u00eda<br \/>Clase de eficiencia energ\u00e9tica (SDR)\u00a0C<br \/>Clase de eficiencia energ\u00e9tica (HDR)\u00a0No disponible<br \/>Consumo de energ\u00eda (SDR) por 1000 horas\u00a011 kWh<br \/>Consumo energ\u00e9tico<br \/>Amount of power used by this model, expressed in watts<br \/>20 W<br \/>Consumo de energ\u00eda (apagado)\u00a00,3 W<br \/>Consumo de energ\u00eda (ahorro)\u00a00,5 W<br \/>Voltaje de entrada AC<br \/>The voltage of the AC electricity that is inputted into the product.<br \/>100 &#8211; 240 V<br \/>Frecuencia de entrada AC\u00a050\/60 Hz<br \/>Tipo de fuente de alimentaci\u00f3n<br \/>State power supply (internal\/external) type with which the product works<br \/>Interno<br \/>Escala de eficiencia energ\u00e9tica\u00a0De la A a la G<br \/>Peso y dimensiones<br \/>Ancho del dispositivo (con soporte)\u00a0541 mm<br \/>Profundidad dispositivo (con soporte)\u00a0185 mm<br \/>Altura del dispositivo (con soporte)\u00a0395 mm<br \/>Peso (con soporte)\u00a03,4 kg<br \/>Ancho (sin base)\u00a0541 mm<br \/>Profundidad (sin base)\u00a048 mm<br \/>Altura (sin base)\u00a0323 mm<br \/>Peso (sin base)\u00a02,9 kg<br \/>Empaquetado<br \/>Ancho del paquete<br \/>The distance from one side of the packaging to the other.<br \/>612 mm<br \/>Profundidad del paquete<br \/>The distance from the front to the back of the packaging.<br \/>404 mm<br \/>Altura del paquete<br \/>The distance from the top to the bottom of the packaging.<br \/>140 mm<br \/>Peso del paquete<br \/>Weight of the packaged product.<br \/>5,4 kg<br \/>Tipo de embalaje<br \/>The type of product package e.g. box.<br \/>Caja<br \/>Contenido del embalaje<br \/>Stand incluido\u00a0<br \/>Cables incluidos\u00a0Corriente alterna, HDMI<br \/>Gu\u00eda de configuraci\u00f3n r\u00e1pida<br \/>Instructions<br \/>Sostenibilidad<br \/>Certificados de sostenibilidad\u00a0EPEAT Silver, TCO<br \/>Otras caracter\u00edsticas<br \/>Certificaci\u00f3n\u00a0EPEAT Silver TCO Certified T\u00dcV Flicker-free T\u00dcV Low Blue Light<\/p>\n<p>\u00a0<\/p>\n","protected":false},"excerpt":{"rendered":"<p>Monitor led ips asus vy249hgr 23.8 pulgadas 1ms fhd hdmi d &#8211; sub gaming<\/p>\n","protected":false},"featured_media":233682,"comment_status":"closed","ping_status":"open","template":"","meta":{"_et_pb_use_builder":"","_et_pb_old_content":"","_et_gb_content_width":""},"product_brand":[2566],"product_cat":[2058,2644,2643],"product_tag":[2567,2068,2771,2647,2646],"class_list":{"0":"post-233681","1":"product","2":"type-product","3":"status-publish","4":"has-post-thumbnail","6":"product_brand-asus","7":"product_cat-dispositivos","8":"product_cat-monitores","9":"product_cat-monitores-y-tv","10":"product_tag-asus","11":"product_tag-dispositivos","12":"product_tag-monitor-led-ips-asus-vy249hgr-23-8-pulgadas","13":"product_tag-monitores","14":"product_tag-monitores-y-tv","15":"product_shipping_class-2088","16":"pa_canon-digital-incluida-0-e-incluidos","18":"first","19":"instock","20":"taxable","21":"shipping-taxable","22":"purchasable","23":"product-type-simple"},"_links":{"self":[{"href":"https:\/\/linkxa.es\/linkshop\/wp-json\/wp\/v2\/product\/233681","targetHints":{"allow":["GET"]}}],"collection":[{"href":"https:\/\/linkxa.es\/linkshop\/wp-json\/wp\/v2\/product"}],"about":[{"href":"https:\/\/linkxa.es\/linkshop\/wp-json\/wp\/v2\/types\/product"}],"replies":[{"embeddable":true,"href":"https:\/\/linkxa.es\/linkshop\/wp-json\/wp\/v2\/comments?post=233681"}],"wp:featuredmedia":[{"embeddable":true,"href":"https:\/\/linkxa.es\/linkshop\/wp-json\/wp\/v2\/media\/233682"}],"wp:attachment":[{"href":"https:\/\/linkxa.es\/linkshop\/wp-json\/wp\/v2\/media?parent=233681"}],"wp:term":[{"taxonomy":"product_brand","embeddable":true,"href":"https:\/\/linkxa.es\/linkshop\/wp-json\/wp\/v2\/product_brand?post=233681"},{"taxonomy":"product_cat","embeddable":true,"href":"https:\/\/linkxa.es\/linkshop\/wp-json\/wp\/v2\/product_cat?post=233681"},{"taxonomy":"product_tag","embeddable":true,"href":"https:\/\/linkxa.es\/linkshop\/wp-json\/wp\/v2\/product_tag?post=233681"}],"curies":[{"name":"wp","href":"https:\/\/api.w.org\/{rel}","templated":true}]}}