{"id":233701,"date":"2025-03-25T19:30:50","date_gmt":"2025-03-25T19:30:50","guid":{"rendered":"https:\/\/linkxa.es\/contratacion\/producto\/curva-lg-34wr55qk-b-34-pulgadas-3440-x\/"},"modified":"2025-08-02T01:59:53","modified_gmt":"2025-08-02T01:59:53","slug":"curva-lg-34wr55qk-b-34-pulgadas-3440-x","status":"publish","type":"product","link":"https:\/\/linkxa.es\/linkshop\/producto\/curva-lg-34wr55qk-b-34-pulgadas-3440-x\/","title":{"rendered":"Curva lg 34wr55qk &#8211; b 34 pulgadas 3440 x"},"content":{"rendered":"<h3 style=\"text-align: center;\"><strong>Lg\u00a0 |\u00a0 Monitores<\/strong><\/h3>\n<p>\u00a0<\/p>\n<p>LG 34WR55QK-B. Diagonal de la pantalla: 86,4 cm (34&#8243;), Resoluci\u00f3n de la pantalla: 3440 x 1440 Pixeles, Tipo HD: Wide Quad HD, Tiempo de respuesta: 5 ms, Relaci\u00f3n de aspecto nativa: 21:9, \u00c1ngulo de<br \/>visi\u00f3n, horizontal: 178, \u00c1ngulo de visi\u00f3n, vertical: 178. Conector USB incorporado. montaje VESA, Ajustes de altura. Color del producto: Negro<\/p>\n<p>Exhibici\u00f3n<br \/>Diagonal de la pantalla<br \/>Size of the display for this product<br \/>86,4 cm (34&#8243;)<br \/>Resoluci\u00f3n de la pantalla<br \/>Resolution of the display for the system<br \/>3440 x 1440 Pixeles<br \/>Tipo HD<br \/>Type of supported High Definition (e.g. Full HD, 4K Ultra HD).<br \/>Wide Quad HD<br \/>Relaci\u00f3n de aspecto nativa<br \/>The aspect ratio is the ratio of the width of an image to its height. The native aspect ratio is the one which the projector\/display is particularly designed for. Images shown in native aspect ratio will utilize the<br \/>entire resolution of the display and achieve maximum brightness. Images shown in other than native aspect ratio will always have less resolution and less brightness than images shown in native aspect<br \/>ratio.<br \/>21:9<br \/>Tipo de pantalla VA<br \/>Brillo de la pantalla (t\u00edpico)<br \/>Display brightness, measured by its Luminance, presented as a figure in nits. Typical brightness ratings for monitors range from 250 to 350 nits with a target value of between 80 to 120 nits being suitable for<br \/>most displays in a normal viewing environment.<br \/>300 cd \/ m<br \/>Tiempo de respuesta<br \/>The response time is the time difference between the moment that a source (for example a video card) sends a signal and that equipment (for example a monitor) receives or display the signal. (Used<br \/>abbreviations: R\/F = Rise and Fall.)<br \/>5 ms<br \/>Forma de la pantalla Curva<br \/>Raz\u00f3n de contraste (t\u00edpica)<br \/>The difference in light intensity between the brightest white and the darkest black.<br \/>3000:1<br \/>M\u00e1xima velocidad de actualizaci\u00f3n 100 Hz<br \/>\u00c1ngulo de visi\u00f3n, horizontal<br \/>Maximum horizontal angle at which a display can be viewed with acceptable visual performance.<br \/>178<br \/>\u00c1ngulo de visi\u00f3n, vertical<br \/>Maximum vertical angle at which a display can be viewed with acceptable visual performance.<br \/>178<br \/>N\u00famero de colores de la pantalla 16,7 millones de colores<br \/>Tama\u00f1o de pixel<br \/>This is the parameter of a picture tube<br \/>0,2318 x 0,2318 mm<br \/>Alto Rango Din\u00e1mico (HDR)<br \/>Tecnolog\u00eda HDR (High Dynamic Range, Alto rango din\u00e1mico) HDR Effect, High Dynamic Range 10 (HDR10)<br \/>Gama de colores est\u00e1ndar sRGB<br \/>Gama de colores 99%<br \/>Desempe\u00f1o<br \/>Tecnolog\u00eda Flicker free (reduce el parpadeo de la pantalla)<br \/>Modos inteligentes Ahorro energ\u00e9tico<br \/>Dise\u00f1o<br \/>Posicionamiento de mercado<br \/>Under which category can the device be positioned in the market, e.g. camera phone.<br \/>Negocios<br \/>Color del producto<br \/>The colour e.g. red<br \/>Negro<br \/>Puertos e Interfaces<br \/>Conector USB incorporado<br \/>Whether or not the device features a USB hub to connect more than one other device via USB.<br \/>N\u00famero de puertos ascendentes USB Tipo C 1<br \/>Cantidad de puertos USB descendentes de tipo A 1<br \/>Suministro de potencia USB<br \/>Entrega de energ\u00eda USB (USB Power Delivery) de hasta 65 W<br \/>HDMI<br \/>HDMI (High-Definition Multimedia Interface) is a compact audio\/video interface for transferring uncompressed video data and compressed\/uncompressed digital audio data from a HDMI-compliant device<br \/>(\u00abthe source device\u00bb) to a compatible computer monitor<br \/>N\u00famero de puertos HDMI<br \/>The number of sockets (ports) for HDMI connections. HDMI (High-Definition Multimedia Interface) is a compact audio\/video interface for transferring uncompressed video data and<br \/>compressed\/uncompressed digital audio data from a HDMI-compliant device (\u00abthe source device\u00bb) to a compatible computer monitor<br \/>1<br \/>Puertos e Interfaces<br \/>Cantidad de DisplayPorts<br \/>Number of DisplayPorts. A DisplayPort is a digital display interface developed by the Video Electronics Standards Association (VESA). The interface is primarily used to connect a video source to a display<br \/>device such as a computer monitor<br \/>1<br \/>Salida de auriculares<br \/>The socket for connecting headphones to the device.<br \/>Ergonom\u00eda<br \/>montaje VESA<br \/>Interfaz de panel de montaje<br \/>The product can be used wih VESA mounting interfaces.<br \/>100 x 100 mm<br \/>Ajustes de altura<br \/>The part of the device that can be adjusted to change the height.<br \/>Ajuste de la inclinaci\u00f3n<br \/>The tilt<br \/>Exhibici\u00f3n en pantalla (OSD)<br \/>Control de energ\u00eda<br \/>Consumo de energ\u00eda (inactivo)<br \/>The amount of electricity that is consumed when the product is on standby.<br \/>0,5 W<br \/>Consumo de energ\u00eda (apagado) 0,5 W<br \/>Voltaje de entrada AC<br \/>The voltage of the AC electricity that is inputted into the product.<br \/>100 &#8211; 240 V<br \/>Frecuencia de entrada AC 50\/60 Hz<br \/>Tipo de fuente de alimentaci\u00f3n<br \/>State power supply (internal\/external) type with which the product works<br \/>Externo<br \/>Peso y dimensiones<br \/>Ancho del dispositivo (con soporte) 810,3 mm<br \/>Profundidad dispositivo (con soporte) 259,1 mm<br \/>Altura del dispositivo (con soporte) 569 mm<br \/>Peso (con soporte) 6,89 kg<br \/>Ancho (sin base) 810,3 mm<br \/>Profundidad (sin base) 91,4 mm<br \/>Altura (sin base) 358,1 mm<br \/>Peso (sin base) 4,99 kg<br \/>Empaquetado<br \/>Ancho del paquete<br \/>The distance from one side of the packaging to the other.<br \/>985,5 mm<br \/>Profundidad del paquete<br \/>The distance from the front to the back of the packaging.<br \/>10,8 mm<br \/>Altura del paquete<br \/>The distance from the top to the bottom of the packaging.<br \/>523,2 mm<br \/>Peso del paquete<br \/>Weight of the packaged product.<br \/>10,3 kg<br \/>Contenido del embalaje<br \/>Stand incluido<br \/>Cables incluidos USB Tipo C<br \/>Otras caracter\u00edsticas<br \/>Tecnolog\u00edas espec\u00edficas Black Stabilizer, DAS Mode<br \/>Imagen por imagen (Picture-by-Picture, PbP)<\/p>\n<p>\u00a0<\/p>\n","protected":false},"excerpt":{"rendered":"<p>Curva lg 34wr55qk &#8211; b 34 pulgadas 3440 x 1440 5ms hdmi displayport reg. altura<\/p>\n","protected":false},"featured_media":233702,"comment_status":"closed","ping_status":"open","template":"","meta":{"_et_pb_use_builder":"","_et_pb_old_content":"","_et_gb_content_width":""},"product_brand":[2648],"product_cat":[2058,2644,2643],"product_tag":[2774,2068,2649,2647,2646],"class_list":{"0":"post-233701","1":"product","2":"type-product","3":"status-publish","4":"has-post-thumbnail","6":"product_brand-lg","7":"product_cat-dispositivos","8":"product_cat-monitores","9":"product_cat-monitores-y-tv","10":"product_tag-curva-lg-34wr55qk-b-34-pulgadas-3440-x","11":"product_tag-dispositivos","12":"product_tag-lg","13":"product_tag-monitores","14":"product_tag-monitores-y-tv","15":"product_shipping_class-2088","16":"pa_canon-digital-incluida-0-e-incluidos","18":"first","19":"instock","20":"taxable","21":"shipping-taxable","22":"purchasable","23":"product-type-simple"},"_links":{"self":[{"href":"https:\/\/linkxa.es\/linkshop\/wp-json\/wp\/v2\/product\/233701","targetHints":{"allow":["GET"]}}],"collection":[{"href":"https:\/\/linkxa.es\/linkshop\/wp-json\/wp\/v2\/product"}],"about":[{"href":"https:\/\/linkxa.es\/linkshop\/wp-json\/wp\/v2\/types\/product"}],"replies":[{"embeddable":true,"href":"https:\/\/linkxa.es\/linkshop\/wp-json\/wp\/v2\/comments?post=233701"}],"wp:featuredmedia":[{"embeddable":true,"href":"https:\/\/linkxa.es\/linkshop\/wp-json\/wp\/v2\/media\/233702"}],"wp:attachment":[{"href":"https:\/\/linkxa.es\/linkshop\/wp-json\/wp\/v2\/media?parent=233701"}],"wp:term":[{"taxonomy":"product_brand","embeddable":true,"href":"https:\/\/linkxa.es\/linkshop\/wp-json\/wp\/v2\/product_brand?post=233701"},{"taxonomy":"product_cat","embeddable":true,"href":"https:\/\/linkxa.es\/linkshop\/wp-json\/wp\/v2\/product_cat?post=233701"},{"taxonomy":"product_tag","embeddable":true,"href":"https:\/\/linkxa.es\/linkshop\/wp-json\/wp\/v2\/product_tag?post=233701"}],"curies":[{"name":"wp","href":"https:\/\/api.w.org\/{rel}","templated":true}]}}