{"id":233708,"date":"2025-07-10T14:03:33","date_gmt":"2025-07-10T14:03:33","guid":{"rendered":"https:\/\/linkxa.es\/contratacion\/producto\/monitor-led-lg-24gs50f-23-8-pulgadas-1920\/"},"modified":"2025-08-02T02:00:17","modified_gmt":"2025-08-02T02:00:17","slug":"monitor-led-lg-24gs50f-23-8-pulgadas-1920","status":"publish","type":"product","link":"https:\/\/linkxa.es\/linkshop\/producto\/monitor-led-lg-24gs50f-23-8-pulgadas-1920\/","title":{"rendered":"Monitor led lg 24gs50f 23.8 pulgadas 1920"},"content":{"rendered":"<h3 style=\"text-align: center;\"><strong>Lg\u00a0 |\u00a0 Monitores<\/strong><\/h3>\n<p>\u00a0<\/p>\n<p>LG 24GS50F-B. Diagonal de la pantalla: 60,2 cm (23.7&#8243;), Resoluci\u00f3n de la pantalla: 1920 x 1080 Pixeles, Tipo HD: Full HD, Tecnolog\u00eda de visualizaci\u00f3n: LCD, Tiempo de respuesta: 5 ms, Relaci\u00f3n de aspecto nativa: 16:9, \u00c1ngulo de visi\u00f3n, horizontal: 178\u00b0, \u00c1ngulo de visi\u00f3n, vertical: 178\u00b0. montaje VESA. Color del producto: Negro<br \/>PANTALLA<br \/>Resoluci\u00f3n<\/p>\n<p>1920 x 1080<\/p>\n<p>Brillo (m\u00edn.) [cd\/m\u00b2]<\/p>\n<p>200<\/p>\n<p>\u00c1ngulo de visi\u00f3n (CR?10)<\/p>\n<p>178\u00ba(R\/L), 178\u00ba(U\/D)<\/p>\n<p>Relaci\u00f3n de aspecto<\/p>\n<p>16:9<\/p>\n<p>Brillo (Typ.) [cd\/m\u00b2]<\/p>\n<p>250<\/p>\n<p>Bit de color<\/p>\n<p>8bit (6bit+FRC)<\/p>\n<p>Profundidad de color (n\u00famero de colores)<\/p>\n<p>16.7M<\/p>\n<p>Gama de colores (m\u00edn.)<\/p>\n<p>NTSC 68%(CIE1931)<\/p>\n<p>Gama de colores (Typ.)<\/p>\n<p>NTSC 72% (CIE1931)<\/p>\n<p>Relaci\u00f3n Contraste (Min.)<\/p>\n<p>1800:1<\/p>\n<p>Relaci\u00f3n de contraste (t\u00edp.)<\/p>\n<p>3000:1<\/p>\n<p>Tipo de panel<\/p>\n<p>VA<\/p>\n<p>Paso de p\u00edxeles [mm]<\/p>\n<p>0,2739 x 0,2739<\/p>\n<p>Frecuencia de actualizaci\u00f3n (m\u00e1x.) [Hz]<\/p>\n<p>180<\/p>\n<p>Tiempo de respuesta<\/p>\n<p>1ms MBR, 5ms (GtG at Faster)<\/p>\n<p>Tama\u00f1o [cm]<\/p>\n<p>60.4<\/p>\n<p>Tama\u00f1o [pulgadas]<\/p>\n<p>23.7<\/p>\n<p>Tratamiento de la superficie<\/p>\n<p>Anti-Reflejos<\/p>\n<p>CAJA DE CONTROL<br \/>Cable de alimentaci\u00f3n de CA<\/p>\n<p>Depende del pa\u00eds<\/p>\n<p>CONECTIVIDAD<br \/>HDMI<\/p>\n<p>S\u00ed (x2)<\/p>\n<p>DisplayPort<\/p>\n<p>S\u00ed (x1)<\/p>\n<p>Salida de auriculares<\/p>\n<p>3-Anillos (Solo Sonido)<\/p>\n<p>Versi\u00f3n DP<\/p>\n<p>1.4<\/p>\n<p>ACCESORIO<br \/>Cable de alimentaci\u00f3n<\/p>\n<p>Depende del pa\u00eds<\/p>\n<p>HDMI<\/p>\n<p>S\u00ed<\/p>\n<p>Adaptador<\/p>\n<p>Depende del pa\u00eds<\/p>\n<p>HDMI (Color\/Longitud)<\/p>\n<p>Negro \/ 1.8m<\/p>\n<p>CARACTER\u00cdSTICAS<br \/>A prueba de parpadeos<\/p>\n<p>S\u00ed<\/p>\n<p>AMD FreeSync?<\/p>\n<p>FreeSync<\/p>\n<p>Auto Input Switch<\/p>\n<p>S\u00ed<\/p>\n<p>Estabilizador de negro<\/p>\n<p>S\u00ed<\/p>\n<p>Ret\u00edculo<\/p>\n<p>S\u00ed<\/p>\n<p>Sincronizaci\u00f3n din\u00e1mica de acciones<\/p>\n<p>S\u00ed<\/p>\n<p>Contador FPS<\/p>\n<p>S\u00ed<\/p>\n<p>Efecto HDR<\/p>\n<p>S\u00ed<\/p>\n<p>Modo Lector<\/p>\n<p>S\u00ed<\/p>\n<p>Ahorro inteligente de energ\u00eda<\/p>\n<p>S\u00ed<\/p>\n<p>Tecla definida por el usuario<\/p>\n<p>S\u00ed<\/p>\n<p>HDR 10<\/p>\n<p>S\u00ed<\/p>\n<p>APLICACI\u00d3N SW<br \/>OnScreen Control (LG Screen Manager)<\/p>\n<p>S\u00ed<\/p>\n<p>MEC\u00c1NICA<br \/>Montaje en pared [mm]<\/p>\n<p>75 x 75<\/p>\n<p>Dise\u00f1o sin bordes<\/p>\n<p>3 lados con Dise\u00f1o de Marcos Ultrafinos<\/p>\n<p>Ajustes de posici\u00f3n de la pantalla<\/p>\n<p>Inclinaci\u00f3n (eje horizontal)<\/p>\n<p>DIMENSIONES\/PESOS<br \/>Dimensiones con soporte (An x Al x P) [mm]<\/p>\n<p>539,5 x 414,2 x 195,6<\/p>\n<p>Dimensi\u00f3n en el env\u00edo (An x Al x P) [mm]<\/p>\n<p>710 x 400 x 156<\/p>\n<p>Dimensiones sin soporte (An x Al x P) [mm]<\/p>\n<p>539,5 x 322,2 x 39<\/p>\n<p>Peso en el env\u00edo [kg]<\/p>\n<p>5.3<\/p>\n<p>Peso sin soporte [kg]<\/p>\n<p>2.95<\/p>\n<p>Peso con soporte [kg]<\/p>\n<p>3.55<\/p>\n<p>ALIMENTACI\u00d3N<br \/>Entrada CA<\/p>\n<p>100~240V (50\/60Hz)<\/p>\n<p>Salida CC<\/p>\n<p>19V 1.3A<\/p>\n<p>Consumo de energ\u00eda (CC apagada)<\/p>\n<p>&#038;lt, 0.3W<\/p>\n<p>Consumo de energ\u00eda (m\u00e1x.)<\/p>\n<p>15.7W<\/p>\n<p>Consumo de energ\u00eda (modo de reposo)<\/p>\n<p>&#038;lt, 0.5W<\/p>\n<p>Consumo de energ\u00eda (t\u00edp.)<\/p>\n<p>16W<\/p>\n<p>EST\u00c1NDAR<br \/>CE<\/p>\n<p>S\u00ed<\/p>\n<p>KC (para Rep. de Corea)<\/p>\n<p>S\u00ed<\/p>\n<p>UL (cUL)<\/p>\n<p>S\u00ed<\/p>\n<p>\u00a0<\/p>\n","protected":false},"excerpt":{"rendered":"<p>Monitor led lg 24gs50f 23.8 pulgadas 1920 x 1080 1ms mbr hdmi displayport<\/p>\n","protected":false},"featured_media":233709,"comment_status":"closed","ping_status":"open","template":"","meta":{"_et_pb_use_builder":"","_et_pb_old_content":"","_et_gb_content_width":""},"product_brand":[2648],"product_cat":[2058,2644,2643],"product_tag":[2068,2649,2775,2647,2646],"class_list":{"0":"post-233708","1":"product","2":"type-product","3":"status-publish","4":"has-post-thumbnail","6":"product_brand-lg","7":"product_cat-dispositivos","8":"product_cat-monitores","9":"product_cat-monitores-y-tv","10":"product_tag-dispositivos","11":"product_tag-lg","12":"product_tag-monitor-led-lg-24gs50f-23-8-pulgadas-1920","13":"product_tag-monitores","14":"product_tag-monitores-y-tv","15":"product_shipping_class-2088","16":"pa_canon-digital-incluida-0-e-incluidos","18":"first","19":"instock","20":"taxable","21":"shipping-taxable","22":"purchasable","23":"product-type-simple"},"_links":{"self":[{"href":"https:\/\/linkxa.es\/linkshop\/wp-json\/wp\/v2\/product\/233708","targetHints":{"allow":["GET"]}}],"collection":[{"href":"https:\/\/linkxa.es\/linkshop\/wp-json\/wp\/v2\/product"}],"about":[{"href":"https:\/\/linkxa.es\/linkshop\/wp-json\/wp\/v2\/types\/product"}],"replies":[{"embeddable":true,"href":"https:\/\/linkxa.es\/linkshop\/wp-json\/wp\/v2\/comments?post=233708"}],"wp:featuredmedia":[{"embeddable":true,"href":"https:\/\/linkxa.es\/linkshop\/wp-json\/wp\/v2\/media\/233709"}],"wp:attachment":[{"href":"https:\/\/linkxa.es\/linkshop\/wp-json\/wp\/v2\/media?parent=233708"}],"wp:term":[{"taxonomy":"product_brand","embeddable":true,"href":"https:\/\/linkxa.es\/linkshop\/wp-json\/wp\/v2\/product_brand?post=233708"},{"taxonomy":"product_cat","embeddable":true,"href":"https:\/\/linkxa.es\/linkshop\/wp-json\/wp\/v2\/product_cat?post=233708"},{"taxonomy":"product_tag","embeddable":true,"href":"https:\/\/linkxa.es\/linkshop\/wp-json\/wp\/v2\/product_tag?post=233708"}],"curies":[{"name":"wp","href":"https:\/\/api.w.org\/{rel}","templated":true}]}}