{"id":233724,"date":"2025-05-22T15:31:51","date_gmt":"2025-05-22T15:31:51","guid":{"rendered":"https:\/\/linkxa.es\/contratacion\/producto\/monitor-gaming-lg-ultrafine-32-pulgadas-4k\/"},"modified":"2025-08-02T02:00:55","modified_gmt":"2025-08-02T02:00:55","slug":"monitor-gaming-lg-ultrafine-32-pulgadas-4k","status":"publish","type":"product","link":"https:\/\/linkxa.es\/linkshop\/producto\/monitor-gaming-lg-ultrafine-32-pulgadas-4k\/","title":{"rendered":"Monitor gaming lg ultrafine 32 pulgadas 4k"},"content":{"rendered":"<h3 style=\"text-align: center;\"><strong>Lg\u00a0 |\u00a0 Monitores<\/strong><\/h3>\n<p>\u00a0<\/p>\n<p>LG 32UR550K-B. Diagonal de la pantalla: 80 cm (31.5&#8243;), Resoluci\u00f3n de la pantalla: 3840 x 2160 Pixeles, Tipo HD: 4K Ultra HD, Tiempo de respuesta: 4 ms, Relaci\u00f3n de aspecto nativa: 16:9, \u00c1ngulo de visi\u00f3n, horizontal: 178\u00b0, \u00c1ngulo de visi\u00f3n, vertical: 178\u00b0. Altavoces incorporados. montaje VESA, Ajustes de altura. Color del producto: Negro<\/p>\n<p>\u00a0<\/p>\n","protected":false},"excerpt":{"rendered":"<p>Monitor gaming lg ultrafine 32 pulgadas 4k uhd<\/p>\n","protected":false},"featured_media":233725,"comment_status":"closed","ping_status":"open","template":"","meta":{"_et_pb_use_builder":"","_et_pb_old_content":"","_et_gb_content_width":""},"product_brand":[2648],"product_cat":[2058,2644,2643],"product_tag":[2068,2649,2777,2647,2646],"class_list":{"0":"post-233724","1":"product","2":"type-product","3":"status-publish","4":"has-post-thumbnail","6":"product_brand-lg","7":"product_cat-dispositivos","8":"product_cat-monitores","9":"product_cat-monitores-y-tv","10":"product_tag-dispositivos","11":"product_tag-lg","12":"product_tag-monitor-gaming-lg-ultrafine-32-pulgadas-4k","13":"product_tag-monitores","14":"product_tag-monitores-y-tv","15":"product_shipping_class-2088","16":"pa_canon-digital-incluida-0-e-incluidos","18":"first","19":"instock","20":"taxable","21":"shipping-taxable","22":"purchasable","23":"product-type-simple"},"_links":{"self":[{"href":"https:\/\/linkxa.es\/linkshop\/wp-json\/wp\/v2\/product\/233724","targetHints":{"allow":["GET"]}}],"collection":[{"href":"https:\/\/linkxa.es\/linkshop\/wp-json\/wp\/v2\/product"}],"about":[{"href":"https:\/\/linkxa.es\/linkshop\/wp-json\/wp\/v2\/types\/product"}],"replies":[{"embeddable":true,"href":"https:\/\/linkxa.es\/linkshop\/wp-json\/wp\/v2\/comments?post=233724"}],"wp:featuredmedia":[{"embeddable":true,"href":"https:\/\/linkxa.es\/linkshop\/wp-json\/wp\/v2\/media\/233725"}],"wp:attachment":[{"href":"https:\/\/linkxa.es\/linkshop\/wp-json\/wp\/v2\/media?parent=233724"}],"wp:term":[{"taxonomy":"product_brand","embeddable":true,"href":"https:\/\/linkxa.es\/linkshop\/wp-json\/wp\/v2\/product_brand?post=233724"},{"taxonomy":"product_cat","embeddable":true,"href":"https:\/\/linkxa.es\/linkshop\/wp-json\/wp\/v2\/product_cat?post=233724"},{"taxonomy":"product_tag","embeddable":true,"href":"https:\/\/linkxa.es\/linkshop\/wp-json\/wp\/v2\/product_tag?post=233724"}],"curies":[{"name":"wp","href":"https:\/\/api.w.org\/{rel}","templated":true}]}}