{"id":233780,"date":"2025-03-07T01:26:13","date_gmt":"2025-03-07T01:26:13","guid":{"rendered":"https:\/\/linkxa.es\/contratacion\/producto\/tv-lg-43-pulgadas-led-4k-uhd\/"},"modified":"2025-08-02T02:04:18","modified_gmt":"2025-08-02T02:04:18","slug":"tv-lg-43-pulgadas-led-4k-uhd","status":"publish","type":"product","link":"https:\/\/linkxa.es\/linkshop\/producto\/tv-lg-43-pulgadas-led-4k-uhd\/","title":{"rendered":"Tv lg 43 pulgadas led 4k uhd"},"content":{"rendered":"<h3 style=\"text-align: center;\"><strong>Lg\u00a0 |\u00a0 Television<\/strong><\/h3>\n<p>\u00a0<\/p>\n<p>El televisor LG UHD TV con HDR10 Pro ofrece niveles de brillo optimizados para disfrutar de colores vivos e im\u00e1genes con detalles. Este procesador maximiza la calidad de imagen y sonido ofreci\u00e9ndote<br \/>una experiencia inmersiva.<\/p>\n<p>Los TVs UHD de LG cuentan con WebOS23, f\u00e1cil e intuitivo, que permite crear perfiles por usuario y disfrutar as\u00ed s\u00f3lo del contenido que t\u00fa elijas. Adem\u00e1s, integran ThinQ y Alexa, y son compatibles con<br \/>Apple Home Kit, Apple Air Play y Google. En los TVs UHD de LG la latencia es inferior a 10ms. Adem\u00e1s, cuentan con un men\u00fa exclusivo gaming para que tengas todos los ajustes al alcance de tu mano.<\/p>\n<p>Caracter\u00edsticas:<br \/>Colores intensos con la tecnolog\u00eda LED en 4K.<br \/>Procesador de Alta Potencia que maximiza la calidad de imagen y sonido a trav\u00e9s de IA (Procesador 4K a5 Gen6).<br \/>Trae el cine a tu sal\u00f3n y disfruta de tus pel\u00edculas y series favoritas con gran calidad de imagen HDR10 Pro y sonido Dolby Digital Plus.<br \/>Funciones gaming e ideal para cualquier contenido: Cloud Gaming, modo Filmmaker, alertas deportivas.<br \/>Ecosistema abierto e inteligente: Smart TV webOS 23, compatible con Apple Home Kit\/Airplay\/Google\/Alexa\/ThinQ y control por voz OPCIONAL (Requiere Mando Magic Remote no incluido).<br \/>Tecnolog\u00eda que cuida de ti y del planeta: consumo inferior al l\u00edmite del \u00cdndice de Eficiencia Energ\u00e9tica Europeo y ahorra en la factura de la luz.<\/p>\n<p>Especificaciones LG 43UR78006LK:<br \/>Exhibici\u00f3n<br \/>Diagonal de la pantalla: 109,2 cm (43&#8243;)<br \/>Tipo HD: 4K Ultra HD<br \/>Escaneado progresivo: Si<br \/>Tecnolog\u00eda de visualizaci\u00f3n: LED<br \/>Retroiluminaci\u00f3n LED: Si<br \/>Tipo de retroiluminaci\u00f3n LED: Direct-LED<br \/>Forma de la pantalla: Plana<br \/>Relaci\u00f3n de aspecto nativa: 16:9<br \/>Formato de pantalla, ajustes: 4:3, 16:9<br \/>Frecuencia nativa de refresco: 50 Hz<br \/>Resoluci\u00f3n de la pantalla: 3840 x 2160 Pixeles<br \/>Diagonal de pantalla: 109,22 cm<br \/>Sintonizador de la TV<br \/>N\u00famero de sintonizadores: 1 sintonizador(es)<br \/>Autobusqueda de canal: Si<br \/>Smart TV<br \/>Smart TV: Si<br \/>TV por Internet: Si<br \/>Sistema operativo instalado: Web OS<br \/>Versi\u00f3n de sistema operativo: webOS 23<br \/>Grabaci\u00f3n diferida (timeshift): No<br \/>V\u00eddeo a la carta de apoyo (VOD): Si<br \/>Compatible con Apple AirPlay 2: Si<br \/>Modos inteligentes: Cine, Modo director, Deportes, Est\u00e1ndar, Vivo<br \/>Aplicaciones de m\u00fasica: Spotify<br \/>Aplicaciones de deportes: DAZN, Sports Alerts<br \/>Aplicaciones de estilo de vida: Sedition Art<br \/>Audio<br \/>N\u00famero de altavoces: 2<br \/>Potencia estimada RMS: 20 W<br \/>Subwoofer incorporado: No<br \/>Subwoofer inal\u00e1mbrico: No<br \/>Decodificadores incorporados: Dolby Atmos, Dolby Digital<br \/>Modos de sonido: AI Sound<br \/>Nivelador autom\u00e1tico de volumen: Si<br \/>Sonido adaptativo: Si<br \/>Sonido de seguimiento de objetos+ (OTS+, Object Tracking Sound+): No<br \/>Multiroom: No<br \/>Enhanced Audio Return Channel (eARC) (Canal de retorno de audio mejorado): Si<br \/>Control de sonido adaptativo (ASC, Adaptive Sound Control): Si<br \/>Conexi\u00f3n<br \/>Wifi: Si<br \/>Ethernet: Si<br \/>Wi-Fi est\u00e1ndares: 802.11a, 802.11b, 802.11g, Wi-Fi 4 (802.11n), Wi-Fi 5 (802.11ac)<br \/>Wi-Fi Direct: No<br \/>Bluetooth: Si<br \/>Versi\u00f3n de Bluetooth: 5.0<br \/>Bluetooth de baja energ\u00eda (BLE, Bluetooth Low Energy): Si<br \/>Miracast: Si<br \/>Navegaci\u00f3n: Si<br \/>Navegador web: Si<br \/>Dise\u00f1o<br \/>Pantalla flexible: No<br \/>Interruptor de encendido\/apagado integrado: No<br \/>montaje VESA: Si<br \/>Interfaz de panel de montaje: 200 x 200 mm<br \/>Color del producto: Negro<br \/>A\u00f1o de introducci\u00f3n: 2023<br \/>Desempe\u00f1o<br \/>Alto Rango Din\u00e1mico (HDR): Si<br \/>Tecnolog\u00eda HDR (High Dynamic Range, Alto rango din\u00e1mico): Filmmaker Mode, High Dynamic Range 10 (HDR10), Hybrid Log-Gamma (HLG)<br \/>Modo de juego: Si<br \/>Funciones de teletexto: Si<br \/>Teletexto: 2000 p\u00e1ginas<br \/>Est\u00e1ndares de teletexto: Texto superior<br \/>Funci\u00f3n de subt\u00edtulos: Si<br \/>Formatos de v\u00eddeo compatibles: HEVC, VP9<br \/>Formatos de audio soportados: AAC, AC3, AC4, EAC3, HE-AAC, MP2, MP3, PCM, WMA, apt-X<br \/>Formatos de compresi\u00f3n de video: H.265, HEVC, MPEG2, MPEG4, VP9<br \/>Formatos de subt\u00edtulos soportados: DVB<br \/>Sensor de luz ambiental: Si<br \/>Reducci\u00f3n de ruido: Si<br \/>Prestaciones de juego: Modo autom\u00e1tico de baja latencia (ALLM, Auto Low Latency Mode), Game Dashboard, Game Optimizer, HGiG<br \/>4K upscaler: Si<br \/>Ampliaci\u00f3n de la escala de video: Si<br \/>Control parental: Si<br \/>Soporte remoto inteligente: Si<br \/>Grabaci\u00f3n USB: No<br \/>Reproductor de DVD: No<br \/>Puertos e Interfaces<br \/>Versi\u00f3n HDMI: 2.1<br \/>Canal de retorno de audio (ARC): Si<br \/>Enlace de alta definici\u00f3n m\u00f3vil (MHL): No<br \/>HDCP: Si<br \/>Ethernet LAN (RJ-45) cantidad de puertos: 1<br \/>Cantidad de puertos USB 2.0: 2<br \/>Entrada de audio para PC: No<br \/>N\u00famero de puertos RF: 2<br \/>Tipo de conector RF: F, IEC<br \/>Interfaz com\u00fan: Si<br \/>Interfaz com\u00fan Plus (CI+): Si<br \/>N\u00famero de puertos HDMI: 3<br \/>PC (D-Sub): No<br \/>Control de electr\u00f3nica de consumo (CEC): SimpLink<br \/>Entrada de CA: Si<br \/>Caracter\u00edsticas de administraci\u00f3n<br \/>Gu\u00eda electr\u00f3nica de programaci\u00f3n: Si<br \/>Exhibici\u00f3n en pantalla (OSD): Si<br \/>Modo hotel b\u00e1sico: Si<br \/>Modo ECO: Si<br \/>modo hotel: Si<br \/>Apagado autom\u00e1tico: Si<br \/>Temporizador de apagado: Si<br \/>Temporizador Encendido\/Apagado: Si<br \/>Firmware actualizable: Si<br \/>Funciona con Amazon Alexa: Si<br \/>Funciona con el Asistente de Google: No<br \/>Control de energ\u00eda<br \/>Clase de eficiencia energ\u00e9tica (SDR): G<br \/>Clase de eficiencia energ\u00e9tica (HDR): G<br \/>Consumo de energ\u00eda (SDR) por 1000 horas: 54 kWh<br \/>Consumo de energ\u00eda (HDR) por 1000 horas: 83 kWh<br \/>Consumo de energ\u00eda (inactivo): 0,5 W<br \/>Voltaje de entrada AC: 100 &#8211; 240 V<br \/>Frecuencia de entrada AC: 50 &#8211; 60 Hz<br \/>Modo de ahorro de energ\u00eda: Si<br \/>Escala de eficiencia energ\u00e9tica: De la A a la G<br \/>Peso y dimensiones<br \/>Ancho del dispositivo (con soporte): 967 mm<br \/>Profundidad dispositivo (con soporte): 200 mm<br \/>Altura del dispositivo (con soporte): 621 mm<br \/>Peso (con soporte): 8,9 kg<br \/>Ancho (sin base): 967 mm<br \/>Profundidad (sin base): 57,7 mm<br \/>Altura (sin base): 564 mm<br \/>Peso (sin base): 8,8 kg<br \/>Ancho del soporte: 80,4 cm<br \/>Empaquetado<br \/>Soporte de sobremesa: Si<br \/>Mando a distancia incluido: Si<br \/>Incluye barra de sonido: No<br \/>Manual electr\u00f3nico: Si<br \/>Subwoofer incluido: No<br \/>Ancho del paquete: 1055 mm<br \/>Profundidad del paquete: 142 mm<br \/>Altura del paquete: 660 mm<br \/>Peso del paquete: 10,7 kg<br \/>Tipo de embalaje: Caja<\/p>\n<p>\u00a0<\/p>\n","protected":false},"excerpt":{"rendered":"<p>Tv lg 43 pulgadas led 4k uhd 43ur78006lk smart tv<\/p>\n","protected":false},"featured_media":233781,"comment_status":"closed","ping_status":"open","template":"","meta":{"_et_pb_use_builder":"","_et_pb_old_content":"","_et_gb_content_width":""},"product_brand":[2648],"product_cat":[2058,2643,2780],"product_tag":[2068,2649,2646,1465,2787],"class_list":{"0":"post-233780","1":"product","2":"type-product","3":"status-publish","4":"has-post-thumbnail","6":"product_brand-lg","7":"product_cat-dispositivos","8":"product_cat-monitores-y-tv","9":"product_cat-television","10":"product_tag-dispositivos","11":"product_tag-lg","12":"product_tag-monitores-y-tv","13":"product_tag-television","14":"product_tag-tv-lg-43-pulgadas-led-4k-uhd","15":"product_shipping_class-2088","16":"pa_canon-digital-incluida-0-e-incluidos","18":"first","19":"instock","20":"taxable","21":"shipping-taxable","22":"purchasable","23":"product-type-simple"},"_links":{"self":[{"href":"https:\/\/linkxa.es\/linkshop\/wp-json\/wp\/v2\/product\/233780","targetHints":{"allow":["GET"]}}],"collection":[{"href":"https:\/\/linkxa.es\/linkshop\/wp-json\/wp\/v2\/product"}],"about":[{"href":"https:\/\/linkxa.es\/linkshop\/wp-json\/wp\/v2\/types\/product"}],"replies":[{"embeddable":true,"href":"https:\/\/linkxa.es\/linkshop\/wp-json\/wp\/v2\/comments?post=233780"}],"wp:featuredmedia":[{"embeddable":true,"href":"https:\/\/linkxa.es\/linkshop\/wp-json\/wp\/v2\/media\/233781"}],"wp:attachment":[{"href":"https:\/\/linkxa.es\/linkshop\/wp-json\/wp\/v2\/media?parent=233780"}],"wp:term":[{"taxonomy":"product_brand","embeddable":true,"href":"https:\/\/linkxa.es\/linkshop\/wp-json\/wp\/v2\/product_brand?post=233780"},{"taxonomy":"product_cat","embeddable":true,"href":"https:\/\/linkxa.es\/linkshop\/wp-json\/wp\/v2\/product_cat?post=233780"},{"taxonomy":"product_tag","embeddable":true,"href":"https:\/\/linkxa.es\/linkshop\/wp-json\/wp\/v2\/product_tag?post=233780"}],"curies":[{"name":"wp","href":"https:\/\/api.w.org\/{rel}","templated":true}]}}