{"id":233800,"date":"2025-05-16T22:30:18","date_gmt":"2025-05-16T22:30:18","guid":{"rendered":"https:\/\/linkxa.es\/contratacion\/producto\/reproductor-android-11-leotec-tv-box\/"},"modified":"2025-08-02T02:05:21","modified_gmt":"2025-08-02T02:05:21","slug":"reproductor-android-11-leotec-tv-box","status":"publish","type":"product","link":"https:\/\/linkxa.es\/linkshop\/producto\/reproductor-android-11-leotec-tv-box\/","title":{"rendered":"Reproductor android 11 leotec tv box"},"content":{"rendered":"<h3 style=\"text-align: center;\"><strong>Leotec digital lifestyle\u00a0 |\u00a0 Android tv<\/strong><\/h3>\n<p>\u00a0<\/p>\n<p>Descubre una forma radicalmente diferente de ver la televisi\u00f3n.<\/p>\n<p>Descubre todo el potencial que puede ofrecerte disponer de Android en tu televisor por medio del nuevo Leotec Android Tv SHOW 2 432, un reproductor multimedia de nueva generaci\u00f3n que te permite<br \/>acceder a miles de aplicaciones por medio de la Google Play Store y manejarte de forma sencilla gracias a su mando a distancia incorporado.<\/p>\n<p>Simplemente con\u00e9ctalo a tu televisor por medio del cable HDMI incorporado y empieza a disfrutar de tus contenidos favoritos con la mejor calidad de imagen del mercado.<\/p>\n<p>Tu nuevo centro multimedia. Gracias a su potente chip de 4 n\u00facleos S905W2 y sus 4GB de memoria RAM junto con sus 32GB de almacenamiento interno (ampliable mediante el uso de tarjetas<br \/>microSD de hasta 128GB de capacidad), podr\u00e1s ejecutar cualquier juego o aplicaci\u00f3n de forma fluida utilizando para ello el mando a distancia incluido.<\/p>\n<p>La Mejor Conexi\u00f3n. Aprovecha tu conexi\u00f3n de fibra \u00f3ptica al m\u00e1ximo y conecta tu Leotec SHOW 2 432 por medio de cable ethernet 10\/100 o bien por medio de WiFi DualBand 2.4\/5Ghz. Cuenta adem\u00e1s<br \/>con puerto HDMI 2.1 4Kx2K, ranura microSD, 2 puertos USB 2.0, 1 puerto SPDIF, Bluetooth 5.0 y 1 puerto AV con Android 11 instalado como sistema operativo.<\/p>\n<p>ESPECIFICACIONES<\/p>\n<p>Procesador<br \/>Fabricante de procesador: Amlogic<br \/>Frecuencia del procesador: 1,8 GHz<br \/>N\u00famero de n\u00facleos de procesador: 4<br \/>Arquitectura del procesador: Cortex-A35<\/p>\n<p>Memoria<br \/>Memoria interna: 4000 MB<br \/>Tipo de memoria interna: DDR3<\/p>\n<p>Medios de almacenaje<br \/>Capacidad de almacenamiento interno: 32 GB<br \/>Tipo de almacenamiento: Flash<br \/>Tarjeta de lectura integrada: Si<br \/>Tarjetas de memoria compatibles: MicroSDHC<br \/>Tama\u00f1o m\u00e1ximo de tarjeta de memoria: 128 GB<\/p>\n<p>Gr\u00e1ficos<br \/>Adaptador gr\u00e1fico: Mali G31-MP2<\/p>\n<p>Software<br \/>Sistema operativo instalado: Android<br \/>Versi\u00f3n de sistema operativo: 11<br \/>Firmware actualizable: Si<br \/>Apoyar a las aplicaciones de Google: Google Play<br \/>Formatos de v\u00eddeo compatibles: AVI, DAT, H.264, ISO, MKV, MOV, MPEG, MPEG1, MPEG2, MPEG4, RM, WMV<br \/>Formatos de audio soportados: MP3, WAV<br \/>Formatos de imagen soportados: BMP, JPEG, JPG, PNG<\/p>\n<p>Puertos e Interfaces<br \/>Wifi: Si<br \/>Wi-Fi est\u00e1ndares: Wi-Fi 4 (802.11n)<br \/>Ethernet: Si<br \/>Ethernet LAN, velocidad de transferencia de datos: 10,100 Mbit\/s<br \/>HDMI: Si<br \/>Versi\u00f3n HDMI: 2.1<br \/>Cantidad de puertos USB: 2<br \/>Versi\u00f3n USB: 2.0<br \/>Salida AV: Si<br \/>Puerto de salida S\/PDIF: No<br \/>Bluetooth: Si<br \/>Versi\u00f3n de Bluetooth: 5.0<\/p>\n<p>Desempe\u00f1o<br \/>Color del producto: Negro<br \/>Material de la carcasa: Cloruro de polivinilo (PVC)<br \/>Tipo HD: 4K Ultra HD<br \/>M\u00e1xima resoluci\u00f3n de video: 3840 x 2160 Pixeles<br \/>Velocidad de cuadro: 60 pps<br \/>Tecnolog\u00eda HDR (High Dynamic Range, Alto rango din\u00e1mico): High Dynamic Range 10 (HDR10), Hybrid Log-Gamma (HLG)<br \/>Asistente virtual: No<br \/>C\u00e1mara incorporada: No<br \/>Conectar y usar (Plug and Play): Si<br \/>Certificaci\u00f3n: CE, RoHS, RED<\/p>\n<p>Control de energ\u00eda<br \/>Voltaje de entrada de adaptador AC: 5 V<br \/>Corriente de entrada del adaptador de CA: 2 A<\/p>\n<p>Mando para jugar<br \/>Gamepad: No<\/p>\n<p>Datos log\u00edsticos<br \/>Pa\u00eds de origen: China<\/p>\n<p>Detalles t\u00e9cnicos<br \/>Mes de introducci\u00f3n: Octubre<br \/>A\u00f1o de introducci\u00f3n: 2022<br \/>Periodo de garant\u00eda: 3 a\u00f1o(s)<\/p>\n<p>Peso y dimensiones<br \/>Ancho: 89 mm<br \/>Profundidad: 89 mm<br \/>Altura: 17 mm<br \/>Peso: 450 g<\/p>\n<p>Contenido del embalaje<br \/>Mando a distancia incluido: Si<br \/>Tipo de bater\u00eda del control remoto: AAA<br \/>N\u00famero de pilas para el mando: 2<br \/>Bater\u00edas del control remoto incluidas: No<br \/>Adaptador AC incluido: Si<br \/>Cables incluidos: HDMI<br \/>Rat\u00f3n incluido: No<br \/>Manual de usuario: Si<br \/>Pilas incluidas: No<br \/>Incluye teclado: No<br \/>Tarjeta de garant\u00eda: No<\/p>\n<p>\u00a0<\/p>\n","protected":false},"excerpt":{"rendered":"<p>Reproductor android 11 leotec tv box 4k show2 432 s905w2 quad core 4gb 32gb<\/p>\n","protected":false},"featured_media":233801,"comment_status":"closed","ping_status":"open","template":"","meta":{"_et_pb_use_builder":"","_et_pb_old_content":"","_et_gb_content_width":""},"product_brand":[2350],"product_cat":[2748,2058,2643],"product_tag":[2750,2068,2351,2646,2790],"class_list":{"0":"post-233800","1":"product","2":"type-product","3":"status-publish","4":"has-post-thumbnail","6":"product_brand-leotec-digital-lifestyle","7":"product_cat-android-tv","8":"product_cat-dispositivos","9":"product_cat-monitores-y-tv","10":"product_tag-android-tv","11":"product_tag-dispositivos","12":"product_tag-leotec-digital-lifestyle","13":"product_tag-monitores-y-tv","14":"product_tag-reproductor-android-11-leotec-tv-box","15":"product_shipping_class-2059","16":"pa_canon-digital-incluida-0-e-incluidos","18":"first","19":"instock","20":"taxable","21":"shipping-taxable","22":"purchasable","23":"product-type-simple"},"_links":{"self":[{"href":"https:\/\/linkxa.es\/linkshop\/wp-json\/wp\/v2\/product\/233800","targetHints":{"allow":["GET"]}}],"collection":[{"href":"https:\/\/linkxa.es\/linkshop\/wp-json\/wp\/v2\/product"}],"about":[{"href":"https:\/\/linkxa.es\/linkshop\/wp-json\/wp\/v2\/types\/product"}],"replies":[{"embeddable":true,"href":"https:\/\/linkxa.es\/linkshop\/wp-json\/wp\/v2\/comments?post=233800"}],"wp:featuredmedia":[{"embeddable":true,"href":"https:\/\/linkxa.es\/linkshop\/wp-json\/wp\/v2\/media\/233801"}],"wp:attachment":[{"href":"https:\/\/linkxa.es\/linkshop\/wp-json\/wp\/v2\/media?parent=233800"}],"wp:term":[{"taxonomy":"product_brand","embeddable":true,"href":"https:\/\/linkxa.es\/linkshop\/wp-json\/wp\/v2\/product_brand?post=233800"},{"taxonomy":"product_cat","embeddable":true,"href":"https:\/\/linkxa.es\/linkshop\/wp-json\/wp\/v2\/product_cat?post=233800"},{"taxonomy":"product_tag","embeddable":true,"href":"https:\/\/linkxa.es\/linkshop\/wp-json\/wp\/v2\/product_tag?post=233800"}],"curies":[{"name":"wp","href":"https:\/\/api.w.org\/{rel}","templated":true}]}}