{"id":233837,"date":"2025-04-30T16:03:53","date_gmt":"2025-04-30T16:03:53","guid":{"rendered":"https:\/\/linkxa.es\/contratacion\/producto\/auriculares-con-microfono-logitech-headset-h110\/"},"modified":"2025-08-02T02:10:41","modified_gmt":"2025-08-02T02:10:41","slug":"auriculares-con-microfono-logitech-headset-h110","status":"publish","type":"product","link":"https:\/\/linkxa.es\/linkshop\/producto\/auriculares-con-microfono-logitech-headset-h110\/","title":{"rendered":"Auriculares con microfono logitech headset h110"},"content":{"rendered":"<h3 style=\"text-align: center;\"><strong>Logitech\u00a0 |\u00a0 Auriculares<\/strong><\/h3>\n<p>\u00a0<\/p>\n<p>Un vers\u00e1til casco telef\u00f3nico est\u00e9reo que facilita las conversaciones con los<br \/>amigos por Internet.<\/p>\n<p>En est\u00e9reo<br \/>Por qu\u00e9 quedarse en las llamadas por Internet? El casco telef\u00f3nico<br \/>tambi\u00e9n es ideal para m\u00fasica, pel\u00edculas y juegos.<\/p>\n<p>Cada uno a su manera<\/p>\n<p>Puede ajustar la diadema para una colocaci\u00f3n \u00f3ptima, y usar el micr\u00f3fono<br \/>del lado que desee.<\/p>\n<p>\u00a0<\/p>\n","protected":false},"excerpt":{"rendered":"<p>Auriculares con microfono logitech headset h110<\/p>\n","protected":false},"featured_media":233838,"comment_status":"closed","ping_status":"open","template":"","meta":{"_et_pb_use_builder":"","_et_pb_old_content":"","_et_gb_content_width":""},"product_brand":[2798],"product_cat":[2799,2800,2058],"product_tag":[2803,2804,2802,2068,2801],"class_list":{"0":"post-233837","1":"product","2":"type-product","3":"status-publish","4":"has-post-thumbnail","6":"product_brand-logitech","7":"product_cat-altavoces-mp3-y-auriculares","8":"product_cat-auriculares","9":"product_cat-dispositivos","10":"product_tag-altavoces-mp3-y-auriculares","11":"product_tag-auriculares","12":"product_tag-auriculares-con-microfono-logitech-headset-h110","13":"product_tag-dispositivos","14":"product_tag-logitech","15":"product_shipping_class-2088","16":"pa_canon-digital-incluida-0-e-incluidos","18":"first","19":"instock","20":"taxable","21":"shipping-taxable","22":"purchasable","23":"product-type-simple"},"_links":{"self":[{"href":"https:\/\/linkxa.es\/linkshop\/wp-json\/wp\/v2\/product\/233837","targetHints":{"allow":["GET"]}}],"collection":[{"href":"https:\/\/linkxa.es\/linkshop\/wp-json\/wp\/v2\/product"}],"about":[{"href":"https:\/\/linkxa.es\/linkshop\/wp-json\/wp\/v2\/types\/product"}],"replies":[{"embeddable":true,"href":"https:\/\/linkxa.es\/linkshop\/wp-json\/wp\/v2\/comments?post=233837"}],"wp:featuredmedia":[{"embeddable":true,"href":"https:\/\/linkxa.es\/linkshop\/wp-json\/wp\/v2\/media\/233838"}],"wp:attachment":[{"href":"https:\/\/linkxa.es\/linkshop\/wp-json\/wp\/v2\/media?parent=233837"}],"wp:term":[{"taxonomy":"product_brand","embeddable":true,"href":"https:\/\/linkxa.es\/linkshop\/wp-json\/wp\/v2\/product_brand?post=233837"},{"taxonomy":"product_cat","embeddable":true,"href":"https:\/\/linkxa.es\/linkshop\/wp-json\/wp\/v2\/product_cat?post=233837"},{"taxonomy":"product_tag","embeddable":true,"href":"https:\/\/linkxa.es\/linkshop\/wp-json\/wp\/v2\/product_tag?post=233837"}],"curies":[{"name":"wp","href":"https:\/\/api.w.org\/{rel}","templated":true}]}}