{"id":233875,"date":"2025-02-09T12:10:25","date_gmt":"2025-02-09T12:10:25","guid":{"rendered":"https:\/\/linkxa.es\/contratacion\/producto\/auriculares-muvit-e57-blanco\/"},"modified":"2025-08-02T02:13:22","modified_gmt":"2025-08-02T02:13:22","slug":"auriculares-muvit-e57-blanco","status":"publish","type":"product","link":"https:\/\/linkxa.es\/linkshop\/producto\/auriculares-muvit-e57-blanco\/","title":{"rendered":"Auriculares muvit e57 blanco"},"content":{"rendered":"<h3 style=\"text-align: center;\"><strong>Muvit\u00a0 |\u00a0 Auriculares<\/strong><\/h3>\n<p>\u00a0<\/p>\n<p>Los Auriculares Ecol\u00f3gicos muvit for change no solo son buenos para el planeta, sino que tambi\u00e9n ofrecen un sonido excepcional gracias a su micr\u00f3fono incorporado y a su dise\u00f1o ergon\u00f3mico con<br \/>almohadillas suaves que se adaptan c\u00f3modamente a tus o\u00eddos. Disfruta de una experiencia auditiva inigualable mientras cuidas el medio ambiente.<\/p>\n<p>Con su elegante color negro y su compromiso con la sostenibilidad, los Auriculares Ecol\u00f3gicos muvit for change son la opci\u00f3n perfecta para aquellos que buscan un estilo de vida eco-consciente.<br \/>Adem\u00e1s, nuestra marca dona el 1% de la facturaci\u00f3n a organizaciones adheridas a 1% for the Planet, contribuyendo as\u00ed a la conservaci\u00f3n del medio ambiente.<\/p>\n<p>\u00a1\u00danete al movimiento eco-amigable y disfruta de la m\u00fasica con conciencia con los Auriculares Ecol\u00f3gicos muvit for change! Haz una elecci\u00f3n responsable para ti y para el planeta.<\/p>\n<p>Especificaciones:<\/p>\n<p>Speaker: 13mm<br \/>Sensitivity: 95\u00b13dB<br \/>Impedance: 34ohms\u00b115%<br \/>Frequency Response: 20 Hz to 20KHZ<br \/>MIC: -43\u00b13dB<br \/>Plug Type: 3.5mm<br \/>Cord Length: 1.2m<br \/>Rated Power: 3mw<br \/>Modelo E57<br \/>Packaging con certificaci\u00f3n FSC<br \/>Certificaci\u00f3n Global Recycle Standard<br \/>Producto adherido a 1% for the Planet<\/p>\n<p>\u00a0<\/p>\n","protected":false},"excerpt":{"rendered":"<p>Auriculares muvit e57 blanco<\/p>\n","protected":false},"featured_media":233876,"comment_status":"closed","ping_status":"open","template":"","meta":{"_et_pb_use_builder":"","_et_pb_old_content":"","_et_gb_content_width":""},"product_brand":[2503],"product_cat":[2799,2800,2058],"product_tag":[2803,2804,2812,2068,2504],"class_list":{"0":"post-233875","1":"product","2":"type-product","3":"status-publish","4":"has-post-thumbnail","6":"product_brand-muvit","7":"product_cat-altavoces-mp3-y-auriculares","8":"product_cat-auriculares","9":"product_cat-dispositivos","10":"product_tag-altavoces-mp3-y-auriculares","11":"product_tag-auriculares","12":"product_tag-auriculares-muvit-e57-blanco","13":"product_tag-dispositivos","14":"product_tag-muvit","15":"product_shipping_class-2059","16":"pa_canon-digital-incluida-0-e-incluidos","18":"first","19":"instock","20":"taxable","21":"shipping-taxable","22":"purchasable","23":"product-type-simple"},"_links":{"self":[{"href":"https:\/\/linkxa.es\/linkshop\/wp-json\/wp\/v2\/product\/233875","targetHints":{"allow":["GET"]}}],"collection":[{"href":"https:\/\/linkxa.es\/linkshop\/wp-json\/wp\/v2\/product"}],"about":[{"href":"https:\/\/linkxa.es\/linkshop\/wp-json\/wp\/v2\/types\/product"}],"replies":[{"embeddable":true,"href":"https:\/\/linkxa.es\/linkshop\/wp-json\/wp\/v2\/comments?post=233875"}],"wp:featuredmedia":[{"embeddable":true,"href":"https:\/\/linkxa.es\/linkshop\/wp-json\/wp\/v2\/media\/233876"}],"wp:attachment":[{"href":"https:\/\/linkxa.es\/linkshop\/wp-json\/wp\/v2\/media?parent=233875"}],"wp:term":[{"taxonomy":"product_brand","embeddable":true,"href":"https:\/\/linkxa.es\/linkshop\/wp-json\/wp\/v2\/product_brand?post=233875"},{"taxonomy":"product_cat","embeddable":true,"href":"https:\/\/linkxa.es\/linkshop\/wp-json\/wp\/v2\/product_cat?post=233875"},{"taxonomy":"product_tag","embeddable":true,"href":"https:\/\/linkxa.es\/linkshop\/wp-json\/wp\/v2\/product_tag?post=233875"}],"curies":[{"name":"wp","href":"https:\/\/api.w.org\/{rel}","templated":true}]}}