{"id":233885,"date":"2025-05-20T05:28:40","date_gmt":"2025-05-20T05:28:40","guid":{"rendered":"https:\/\/linkxa.es\/contratacion\/producto\/auriculares-apple-airpods-4-inalambrico-blanco\/"},"modified":"2025-08-02T02:22:59","modified_gmt":"2025-08-02T02:22:59","slug":"auriculares-apple-airpods-4-inalambrico-blanco","status":"publish","type":"product","link":"https:\/\/linkxa.es\/linkshop\/producto\/auriculares-apple-airpods-4-inalambrico-blanco\/","title":{"rendered":"Auriculares apple airpods 4 inalambrico blanco"},"content":{"rendered":"<h3 style=\"text-align: center;\"><strong>Apple\u00a0 |\u00a0 Auriculares<\/strong><\/h3>\n<p>\u00a0<\/p>\n<p>Ficha T\u00e9cnica<br \/>General<br \/>Color<br \/>Blanco<br \/>Peso<br \/>4.3 g<br \/>Anchura<br \/>1.83 cm<br \/>Altura<br \/>3.02 cm<br \/>Profundidad<br \/>1.81 cm<br \/>Uso recomendado<br \/>Componentes electr\u00f3nicos port\u00e1tiles<br \/>Compatibilidad<br \/>iPhone, iPad, iPod, Mac<br \/>Tipo de producto<br \/>Auriculares inal\u00e1mbricos &#8211; Bluetooth &#8211; inal\u00e1mbrico<br \/>Caracter\u00edsticas<br \/>Voice Isolation Technology, cambio autom\u00e1tico de dispositivos<br \/>Protecci\u00f3n<br \/>IP54, resistente al polvo, resistente al sudor, resistente al agua<br \/>Funciones adicionales<br \/>Audio espacial con seguimiento din\u00e1mico de la cabeza, uso compartido de audio inal\u00e1mbrico, audio adaptativo, modo de transparencia, detecci\u00f3n de conversaci\u00f3n<br \/>Detalles sobre dimensiones y peso<br \/>Funda de carga: 5.01 cm x 2.12 cm x 4.62 cm \/ 34.7 g<br \/>Garant\u00eda del fabricante<br \/>Servicio y mantenimiento<br \/>Garant\u00eda limitada &#8211; 1 a\u00f1o<br \/>Diverso<br \/>Software compatible<br \/>Apple Find My<br \/>Accesorios incluidos<br \/>Estuche de carga inal\u00e1mbrica con altavoz integrado<br \/>Alimentaci\u00f3n<br \/>Tiempo de ejecuci\u00f3n (m\u00e1ximo)<br \/>30 hora(s)<br \/>Bater\u00eda<br \/>Pilas para auriculares recargable<br \/>Datos de tiempo de ejecuci\u00f3n<br \/>Reproducci\u00f3n continua (con la cancelaci\u00f3n de ruido activada): hasta 4 horas<br \/>Reproducci\u00f3n continua (con la cancelaci\u00f3n de ruido desactivada): hasta 5 horas<br \/>Conversaci\u00f3n continua: hasta 4.5 horas<br \/>Reproducci\u00f3n continua (con la cancelaci\u00f3n de ruido activada) (con estuche de carga incluido): hasta 20 horas<br \/>Reproducci\u00f3n continua (con la cancelaci\u00f3n de ruido desactivada) (con estuche de carga incluido): hasta 30 horas<br \/>Conversaci\u00f3n continua (con estuche de carga incluido): hasta 20 horas<br \/>Reproducci\u00f3n continua (con carga de 5 minutos): hasta 1 hora<br \/>Conversaci\u00f3n continua (con carga de 5 minutos): hasta 45 min<br \/>Audio salida<br \/>Modo de salida del sonido<br \/>Est\u00e9reo<br \/>Tecnolog\u00eda de conectividad<br \/>Inal\u00e1mbrico<br \/>Eliminaci\u00f3n activa de ruido<br \/>S\u00ed<br \/>Tecnolog\u00eda inal\u00e1mbrica<br \/>Bluetooth<br \/>Factor de forma de los auriculares<br \/>Auriculares de o\u00eddo<br \/>Tecnolog\u00eda de auriculares<br \/>Dynamic<br \/>Efectos de sonido<br \/>Adaptive EQ<br \/>Versi\u00f3n Bluetooth<br \/>Bluetooth 5.3<br \/>C\u00f3dec de audio Bluetooth<br \/>AAC-ELD<br \/>Caracter\u00edsticas<br \/>Apple H2 chip, Auto Pause, amplificador de alto rango din\u00e1mico, transductor a medida de alta excursi\u00f3n de Apple, sistema de ventilaci\u00f3n para ecualizaci\u00f3n de presi\u00f3n<br \/>Tipo de micr\u00f3fono<br \/>Micr\u00f3fonos incluidos<br \/>2<br \/>Factor de forma<br \/>Integrado<br \/>Modo de operaci\u00f3n del micr\u00f3fono<br \/>Conformaci\u00f3n de haces<br \/>Control remoto<br \/>Controles<br \/>Reproducci\u00f3n\/pausa, pista anterior\/siguiente, contestar llamada, rechazar llamada, sin sonido, asistente de voz<br \/>Seguimiento<br \/>Sensores<br \/>Sensor de fuerza, sensor \u00f3ptico, aceler\u00f3metro de detecci\u00f3n de movimiento, aceler\u00f3metro de detecci\u00f3n de voz<br \/>Internet de las cosas (IoT)<br \/>Compatible con Internet de las cosas (IoT)<br \/>S\u00ed<br \/>Asistente inteligente<br \/>Siri<\/p>\n<p>\u00a0<\/p>\n","protected":false},"excerpt":{"rendered":"<p>Auriculares apple airpods 4 inalambrico blanco cancelacion de ruido<\/p>\n","protected":false},"featured_media":234021,"comment_status":"closed","ping_status":"open","template":"","meta":{"_et_pb_use_builder":"","_et_pb_old_content":"","_et_gb_content_width":""},"product_brand":[2061],"product_cat":[2799,2800,2058],"product_tag":[2803,2064,2804,2813,2068],"class_list":{"0":"post-233885","1":"product","2":"type-product","3":"status-publish","4":"has-post-thumbnail","6":"product_brand-apple","7":"product_cat-altavoces-mp3-y-auriculares","8":"product_cat-auriculares","9":"product_cat-dispositivos","10":"product_tag-altavoces-mp3-y-auriculares","11":"product_tag-apple","12":"product_tag-auriculares","13":"product_tag-auriculares-apple-airpods-4-inalambrico-blanco","14":"product_tag-dispositivos","15":"product_shipping_class-2059","16":"pa_canon-digital-incluida-0-e-incluidos","18":"first","19":"instock","20":"taxable","21":"shipping-taxable","22":"purchasable","23":"product-type-simple"},"_links":{"self":[{"href":"https:\/\/linkxa.es\/linkshop\/wp-json\/wp\/v2\/product\/233885","targetHints":{"allow":["GET"]}}],"collection":[{"href":"https:\/\/linkxa.es\/linkshop\/wp-json\/wp\/v2\/product"}],"about":[{"href":"https:\/\/linkxa.es\/linkshop\/wp-json\/wp\/v2\/types\/product"}],"replies":[{"embeddable":true,"href":"https:\/\/linkxa.es\/linkshop\/wp-json\/wp\/v2\/comments?post=233885"}],"wp:featuredmedia":[{"embeddable":true,"href":"https:\/\/linkxa.es\/linkshop\/wp-json\/wp\/v2\/media\/234021"}],"wp:attachment":[{"href":"https:\/\/linkxa.es\/linkshop\/wp-json\/wp\/v2\/media?parent=233885"}],"wp:term":[{"taxonomy":"product_brand","embeddable":true,"href":"https:\/\/linkxa.es\/linkshop\/wp-json\/wp\/v2\/product_brand?post=233885"},{"taxonomy":"product_cat","embeddable":true,"href":"https:\/\/linkxa.es\/linkshop\/wp-json\/wp\/v2\/product_cat?post=233885"},{"taxonomy":"product_tag","embeddable":true,"href":"https:\/\/linkxa.es\/linkshop\/wp-json\/wp\/v2\/product_tag?post=233885"}],"curies":[{"name":"wp","href":"https:\/\/api.w.org\/{rel}","templated":true}]}}