{"id":233919,"date":"2025-04-19T17:12:53","date_gmt":"2025-04-19T17:12:53","guid":{"rendered":"https:\/\/linkxa.es\/contratacion\/producto\/auriculares-muvit-e56-blanco\/"},"modified":"2025-08-02T02:16:48","modified_gmt":"2025-08-02T02:16:48","slug":"auriculares-muvit-e56-blanco","status":"publish","type":"product","link":"https:\/\/linkxa.es\/linkshop\/producto\/auriculares-muvit-e56-blanco\/","title":{"rendered":"Auriculares muvit e56 blanco"},"content":{"rendered":"<h3 style=\"text-align: center;\"><strong>Muvit\u00a0 |\u00a0 Auriculares<\/strong><\/h3>\n<p>\u00a0<\/p>\n<p>Los auriculares est\u00e9reo ergon\u00f3micos muvit for change son la elecci\u00f3n perfecta para aquellos que buscan un sonido de calidad superior y una experiencia auditiva c\u00f3moda. Fabricados con pl\u00e1stico 100%<br \/>reciclado de origen certificado y con un dise\u00f1o ergon\u00f3mico que se adapta perfectamente a tu o\u00eddo, estos auriculares ofrecen una calidad de sonido incomparable.<br \/>Descubre la perfecci\u00f3n del sonido con los Auriculares est\u00e9reo ergon\u00f3micos muvit for change. Fabricados con pl\u00e1stico 100% reciclado de origen certificado, estos auriculares no solo te ofrecen una experiencia<br \/>auditiva excepcional, sino que tambi\u00e9n contribuyen a la conservaci\u00f3n del medio ambiente. Con micr\u00f3fono integrado y conector Jack 3.5mm, podr\u00e1s disfrutar de llamadas con manos libres y una comodidad<br \/>inigualable. Adem\u00e1s, su packaging es libre de pl\u00e1stico y cuenta con certificaci\u00f3n FSC, garantizando una gesti\u00f3n sostenible de los bosques. \u00a1Y eso no es todo! Nuestra marca dona el 1% de nuestras ventas a<br \/>organizaciones adheridas al movimiento 1% for the planet. \u00danete a nosotr@s en nuestra misi\u00f3n de hacer del mundo un lugar mejor, \u00a1compra tus auriculares muvit for change ahora! (unidades limitadas).<\/p>\n<p>Especificaciones:<\/p>\n<p>Altavoz: 13mm<br \/>Sensibilidad: 95+-3(dB)<br \/>Impedancia: 34ohms +-15%<br \/>Rango de respuesta en frecuencia:<br \/>20 Hz a 20KHZ<br \/>MIC: -43+-3dB<br \/>Tipo de clavija: 3,5mm<br \/>Longitud del cable: 1,2m<br \/>Potencia nominal: 3mw<br \/>Modelo E56<br \/>Packaging con certificaci\u00f3n FSC<br \/>Certificaci\u00f3n Global Recycle Standard<br \/>Producto adherido a 1% for the Planet<\/p>\n<p>\u00a0<\/p>\n","protected":false},"excerpt":{"rendered":"<p>Auriculares muvit e56 blanco<\/p>\n","protected":false},"featured_media":233920,"comment_status":"closed","ping_status":"open","template":"","meta":{"_et_pb_use_builder":"","_et_pb_old_content":"","_et_gb_content_width":""},"product_brand":[2503],"product_cat":[2799,2800,2058],"product_tag":[2803,2804,2818,2068,2504],"class_list":{"0":"post-233919","1":"product","2":"type-product","3":"status-publish","4":"has-post-thumbnail","6":"product_brand-muvit","7":"product_cat-altavoces-mp3-y-auriculares","8":"product_cat-auriculares","9":"product_cat-dispositivos","10":"product_tag-altavoces-mp3-y-auriculares","11":"product_tag-auriculares","12":"product_tag-auriculares-muvit-e56-blanco","13":"product_tag-dispositivos","14":"product_tag-muvit","15":"product_shipping_class-2059","16":"pa_canon-digital-incluida-0-e-incluidos","18":"first","19":"instock","20":"taxable","21":"shipping-taxable","22":"purchasable","23":"product-type-simple"},"_links":{"self":[{"href":"https:\/\/linkxa.es\/linkshop\/wp-json\/wp\/v2\/product\/233919","targetHints":{"allow":["GET"]}}],"collection":[{"href":"https:\/\/linkxa.es\/linkshop\/wp-json\/wp\/v2\/product"}],"about":[{"href":"https:\/\/linkxa.es\/linkshop\/wp-json\/wp\/v2\/types\/product"}],"replies":[{"embeddable":true,"href":"https:\/\/linkxa.es\/linkshop\/wp-json\/wp\/v2\/comments?post=233919"}],"wp:featuredmedia":[{"embeddable":true,"href":"https:\/\/linkxa.es\/linkshop\/wp-json\/wp\/v2\/media\/233920"}],"wp:attachment":[{"href":"https:\/\/linkxa.es\/linkshop\/wp-json\/wp\/v2\/media?parent=233919"}],"wp:term":[{"taxonomy":"product_brand","embeddable":true,"href":"https:\/\/linkxa.es\/linkshop\/wp-json\/wp\/v2\/product_brand?post=233919"},{"taxonomy":"product_cat","embeddable":true,"href":"https:\/\/linkxa.es\/linkshop\/wp-json\/wp\/v2\/product_cat?post=233919"},{"taxonomy":"product_tag","embeddable":true,"href":"https:\/\/linkxa.es\/linkshop\/wp-json\/wp\/v2\/product_tag?post=233919"}],"curies":[{"name":"wp","href":"https:\/\/api.w.org\/{rel}","templated":true}]}}