{"id":233958,"date":"2025-07-29T16:57:55","date_gmt":"2025-07-29T16:57:55","guid":{"rendered":"https:\/\/linkxa.es\/contratacion\/producto\/auriculares-muvit-e57-negro\/"},"modified":"2025-08-02T02:18:56","modified_gmt":"2025-08-02T02:18:56","slug":"auriculares-muvit-e57-negro","status":"publish","type":"product","link":"https:\/\/linkxa.es\/linkshop\/producto\/auriculares-muvit-e57-negro\/","title":{"rendered":"Auriculares muvit e57 negro"},"content":{"rendered":"<h3 style=\"text-align: center;\"><strong>Muvit\u00a0 |\u00a0 Auriculares<\/strong><\/h3>\n<p>\u00a0<\/p>\n<p>Adem\u00e1s de su compromiso con el medio ambiente, estos auriculares cuentan con un micr\u00f3fono incorporado y almohadillas ergon\u00f3micas para brindarte la mejor experiencia auditiva posible. Su dise\u00f1o<br \/>en color negro es elegante y sofisticado, perfecto para cualquier ocasi\u00f3n.<\/p>\n<p>En nuestra marca creemos en hacer nuestra parte para proteger nuestro planeta y es por eso que donamos el 1% de nuestras facturaci\u00f3n a organizaciones adheridas a 1% for the Planet. Con los<br \/>Auriculares Ecol\u00f3gicos muvit for change puedes estar seguro de que est\u00e1s haciendo una elecci\u00f3n responsable y apoyando una causa noble.<\/p>\n<p>\u00danete a la revoluci\u00f3n ecol\u00f3gica y opta por los Auriculares Ecol\u00f3gicos muvit for change para disfrutar de tu m\u00fasica favorita sin comprometer el futuro de nuestro planeta.<\/p>\n<p>Especificaciones:<\/p>\n<p>Speaker: 13mm<br \/>Sensitivity: 95\u00b13dB<br \/>Impedance: 34ohms\u00b115%<br \/>Frequency Response: 20 Hz to 20KHZ<br \/>MIC: -43\u00b13dB<br \/>Plug Type: 3.5mm<br \/>Cord Length: 1.2m<br \/>Rated Power: 3mw<br \/>Modelo E57<br \/>Packaging con certificaci\u00f3n FSC<br \/>Certificaci\u00f3n Global Recycle Standard<br \/>Producto adherido a 1% for the Planet<\/p>\n<p>\u00a0<\/p>\n","protected":false},"excerpt":{"rendered":"<p>Auriculares muvit e57 negro<\/p>\n","protected":false},"featured_media":233959,"comment_status":"closed","ping_status":"open","template":"","meta":{"_et_pb_use_builder":"","_et_pb_old_content":"","_et_gb_content_width":""},"product_brand":[2503],"product_cat":[2799,2800,2058],"product_tag":[2803,2804,2825,2068,2504],"class_list":{"0":"post-233958","1":"product","2":"type-product","3":"status-publish","4":"has-post-thumbnail","6":"product_brand-muvit","7":"product_cat-altavoces-mp3-y-auriculares","8":"product_cat-auriculares","9":"product_cat-dispositivos","10":"product_tag-altavoces-mp3-y-auriculares","11":"product_tag-auriculares","12":"product_tag-auriculares-muvit-e57-negro","13":"product_tag-dispositivos","14":"product_tag-muvit","15":"product_shipping_class-2059","16":"pa_canon-digital-incluida-0-e-incluidos","18":"first","19":"instock","20":"taxable","21":"shipping-taxable","22":"purchasable","23":"product-type-simple"},"_links":{"self":[{"href":"https:\/\/linkxa.es\/linkshop\/wp-json\/wp\/v2\/product\/233958","targetHints":{"allow":["GET"]}}],"collection":[{"href":"https:\/\/linkxa.es\/linkshop\/wp-json\/wp\/v2\/product"}],"about":[{"href":"https:\/\/linkxa.es\/linkshop\/wp-json\/wp\/v2\/types\/product"}],"replies":[{"embeddable":true,"href":"https:\/\/linkxa.es\/linkshop\/wp-json\/wp\/v2\/comments?post=233958"}],"wp:featuredmedia":[{"embeddable":true,"href":"https:\/\/linkxa.es\/linkshop\/wp-json\/wp\/v2\/media\/233959"}],"wp:attachment":[{"href":"https:\/\/linkxa.es\/linkshop\/wp-json\/wp\/v2\/media?parent=233958"}],"wp:term":[{"taxonomy":"product_brand","embeddable":true,"href":"https:\/\/linkxa.es\/linkshop\/wp-json\/wp\/v2\/product_brand?post=233958"},{"taxonomy":"product_cat","embeddable":true,"href":"https:\/\/linkxa.es\/linkshop\/wp-json\/wp\/v2\/product_cat?post=233958"},{"taxonomy":"product_tag","embeddable":true,"href":"https:\/\/linkxa.es\/linkshop\/wp-json\/wp\/v2\/product_tag?post=233958"}],"curies":[{"name":"wp","href":"https:\/\/api.w.org\/{rel}","templated":true}]}}