{"id":233969,"date":"2025-04-06T13:46:01","date_gmt":"2025-04-06T13:46:01","guid":{"rendered":"https:\/\/linkxa.es\/contratacion\/producto\/phoenix-ohmios-barra-sonido-rgb-6w\/"},"modified":"2025-08-02T02:19:20","modified_gmt":"2025-08-02T02:19:20","slug":"phoenix-ohmios-barra-sonido-rgb-6w","status":"publish","type":"product","link":"https:\/\/linkxa.es\/linkshop\/producto\/phoenix-ohmios-barra-sonido-rgb-6w\/","title":{"rendered":"Phoenix ohmios barra sonido rgb 6w"},"content":{"rendered":"<h3 style=\"text-align: center;\"><strong>Phoenix technologies\u00a0 |\u00a0 Barras de sonido<\/strong><\/h3>\n<p>\u00a0<\/p>\n<p>\u00bfTe gusta disfrutar horas y horas de tu ordenador, pero te incomodan los auriculares despu\u00e9s de un cierto tiempo? Phoenix Technologies te presenta esta barra de sonido con est\u00e9tica gaming, el mejor accesorio para tu ordenador.<br \/>De reducido y compacto tama\u00f1o (40 cm) esta barra de sonido se adapta perfectamente a tu escritorio. Cuenta con 2 altavoces internos de 3W RMS cada uno (6W en total) y un rango din\u00e1mico de 150Hz a 20KHz, perfecto para tus juegos, pel\u00edculas y series.\u00a0 Se conecta a tu ordenador, PS4, Xbox, etc con su conector Mini Jack 3.5mm y su USB 2.0 para la corriente, tambi\u00e9n dispone de conexi\u00f3n bluetooth para conectarlo de forma inal\u00e1mbrica a tu tel\u00e9fono, Tablet o dispositivo favorito.<br \/>Su parte inferior est\u00e1 compuesta por una serie de luces LED RGB con 7 modos de iluminaci\u00f3n: RGB en movimiento, vol\u00fametro de color, transici\u00f3n de color, rojo, verde, azul, apagado) Gracias a su bot\u00f3n t\u00e1ctil podr\u00e1s ir cambiando entre estos modos para conseguir distintos ambientes de color.\u00a0\u00a0\u00a0\u00a0\u00a0\u00a0<\/p>\n<p>\u00a0<\/p>\n","protected":false},"excerpt":{"rendered":"<p>Phoenix ohmios barra sonido rgb 6w rms bt &#8211; bluetooth &#8211; usb &#8211; aux &#8211; botones tactiles<\/p>\n","protected":false},"featured_media":233970,"comment_status":"closed","ping_status":"open","template":"","meta":{"_et_pb_use_builder":"","_et_pb_old_content":"","_et_gb_content_width":""},"product_brand":[2657],"product_cat":[2799,2826,2058],"product_tag":[2803,2828,2068,2827,2658],"class_list":{"0":"post-233969","1":"product","2":"type-product","3":"status-publish","4":"has-post-thumbnail","6":"product_brand-phoenix-technologies","7":"product_cat-altavoces-mp3-y-auriculares","8":"product_cat-barras-de-sonido","9":"product_cat-dispositivos","10":"product_tag-altavoces-mp3-y-auriculares","11":"product_tag-barras-de-sonido","12":"product_tag-dispositivos","13":"product_tag-phoenix-ohmios-barra-sonido-rgb-6w","14":"product_tag-phoenix-technologies","15":"product_shipping_class-2088","16":"pa_canon-digital-incluida-0-e-incluidos","18":"first","19":"instock","20":"taxable","21":"shipping-taxable","22":"purchasable","23":"product-type-simple"},"_links":{"self":[{"href":"https:\/\/linkxa.es\/linkshop\/wp-json\/wp\/v2\/product\/233969","targetHints":{"allow":["GET"]}}],"collection":[{"href":"https:\/\/linkxa.es\/linkshop\/wp-json\/wp\/v2\/product"}],"about":[{"href":"https:\/\/linkxa.es\/linkshop\/wp-json\/wp\/v2\/types\/product"}],"replies":[{"embeddable":true,"href":"https:\/\/linkxa.es\/linkshop\/wp-json\/wp\/v2\/comments?post=233969"}],"wp:featuredmedia":[{"embeddable":true,"href":"https:\/\/linkxa.es\/linkshop\/wp-json\/wp\/v2\/media\/233970"}],"wp:attachment":[{"href":"https:\/\/linkxa.es\/linkshop\/wp-json\/wp\/v2\/media?parent=233969"}],"wp:term":[{"taxonomy":"product_brand","embeddable":true,"href":"https:\/\/linkxa.es\/linkshop\/wp-json\/wp\/v2\/product_brand?post=233969"},{"taxonomy":"product_cat","embeddable":true,"href":"https:\/\/linkxa.es\/linkshop\/wp-json\/wp\/v2\/product_cat?post=233969"},{"taxonomy":"product_tag","embeddable":true,"href":"https:\/\/linkxa.es\/linkshop\/wp-json\/wp\/v2\/product_tag?post=233969"}],"curies":[{"name":"wp","href":"https:\/\/api.w.org\/{rel}","templated":true}]}}