{"id":233975,"date":"2024-12-21T01:29:14","date_gmt":"2024-12-21T01:29:14","guid":{"rendered":"https:\/\/linkxa.es\/contratacion\/producto\/auriculares-muvit-muhph0122-inalambrico-negro\/"},"modified":"2025-08-02T02:19:44","modified_gmt":"2025-08-02T02:19:44","slug":"auriculares-muvit-muhph0122-inalambrico-negro","status":"publish","type":"product","link":"https:\/\/linkxa.es\/linkshop\/producto\/auriculares-muvit-muhph0122-inalambrico-negro\/","title":{"rendered":"Auriculares muvit muhph0122 inalambrico negro"},"content":{"rendered":"<h3 style=\"text-align: center;\"><strong>Muvit\u00a0 |\u00a0 Auriculares<\/strong><\/h3>\n<p>\u00a0<\/p>\n<p>Auriculares est\u00e9reo wireless de\u00a0muvit, en color negro.<\/p>\n<p>Con nuestros nuevos auriculares est\u00e9reo wireless de muvit, disfrutar\u00e1s de una alta calidad de sonido tanto para escuchar tu m\u00fasica, como para llamadas.<\/p>\n<p>Dise\u00f1o ergon\u00f3mico y pr\u00e1ctico bot\u00f3n multifunci\u00f3n. Disponibles en blanco y en negro. \u00a1No te quedes sin ellos!<br \/>Caracter\u00edsticas<\/p>\n<p>Auriculares con malla anti polvo.<br \/>Auriculares con bot\u00f3n multifunci\u00f3n y micr\u00f3fono integrado.<br \/>Incluye caja para transporte y carga.<br \/>Caja con puerto Micro USB para carga, incluye cable.<\/p>\n<p>Especificaciones t\u00e9cnicas<\/p>\n<p>Versi\u00f3n Bluetooth: v5.0+EDR (en ambos auriculares), bajo consumo<br \/>Caracter\u00edsticas: A2DP versi\u00f3n 1.3\/HFP 1.6\/HSP 1.2\/AVRCP 1.6\/D11.3.<br \/>Frecuencia: 2.4GHZ<br \/>Rango de trabajo: 12 metros sin obst\u00e1culos<br \/>Audio est\u00e9reo para m\u00fasica y llamadas<\/p>\n<p>Capacidad de la bater\u00eda:<\/p>\n<p>Bater\u00eda del auricular de Li-ion recargable: 55mAh<br \/>Bater\u00eda interna caja de carga: 600mAh<\/p>\n<p>Duraci\u00f3n de la bater\u00eda en uso:<\/p>\n<p>Uso individual del auricular: 6-8 horas<br \/>Uso de los dos auriculares: 4-5 horas<\/p>\n<p>Duraci\u00f3n de la bater\u00eda en modo espera:<\/p>\n<p>Modo 1 auricular: 100 horas<br \/>Modo 2 auriculares: 60 horas<\/p>\n<p>Contenido de la caja<\/p>\n<p>Auriculares est\u00e9reo<br \/>Funda de silicona<br \/>Colgante para cuello<br \/>Mosaquet\u00f3n<br \/>Cable Micro USB<\/p>\n<p>\u00a0<\/p>\n","protected":false},"excerpt":{"rendered":"<p>Auriculares muvit muhph0122 inalambrico negro<\/p>\n","protected":false},"featured_media":233976,"comment_status":"closed","ping_status":"open","template":"","meta":{"_et_pb_use_builder":"","_et_pb_old_content":"","_et_gb_content_width":""},"product_brand":[2503],"product_cat":[2799,2800,2058],"product_tag":[2803,2804,2829,2068,2504],"class_list":{"0":"post-233975","1":"product","2":"type-product","3":"status-publish","4":"has-post-thumbnail","6":"product_brand-muvit","7":"product_cat-altavoces-mp3-y-auriculares","8":"product_cat-auriculares","9":"product_cat-dispositivos","10":"product_tag-altavoces-mp3-y-auriculares","11":"product_tag-auriculares","12":"product_tag-auriculares-muvit-muhph0122-inalambrico-negro","13":"product_tag-dispositivos","14":"product_tag-muvit","15":"product_shipping_class-2059","16":"pa_canon-digital-incluida-0-e-incluidos","18":"first","19":"instock","20":"taxable","21":"shipping-taxable","22":"purchasable","23":"product-type-simple"},"_links":{"self":[{"href":"https:\/\/linkxa.es\/linkshop\/wp-json\/wp\/v2\/product\/233975","targetHints":{"allow":["GET"]}}],"collection":[{"href":"https:\/\/linkxa.es\/linkshop\/wp-json\/wp\/v2\/product"}],"about":[{"href":"https:\/\/linkxa.es\/linkshop\/wp-json\/wp\/v2\/types\/product"}],"replies":[{"embeddable":true,"href":"https:\/\/linkxa.es\/linkshop\/wp-json\/wp\/v2\/comments?post=233975"}],"wp:featuredmedia":[{"embeddable":true,"href":"https:\/\/linkxa.es\/linkshop\/wp-json\/wp\/v2\/media\/233976"}],"wp:attachment":[{"href":"https:\/\/linkxa.es\/linkshop\/wp-json\/wp\/v2\/media?parent=233975"}],"wp:term":[{"taxonomy":"product_brand","embeddable":true,"href":"https:\/\/linkxa.es\/linkshop\/wp-json\/wp\/v2\/product_brand?post=233975"},{"taxonomy":"product_cat","embeddable":true,"href":"https:\/\/linkxa.es\/linkshop\/wp-json\/wp\/v2\/product_cat?post=233975"},{"taxonomy":"product_tag","embeddable":true,"href":"https:\/\/linkxa.es\/linkshop\/wp-json\/wp\/v2\/product_tag?post=233975"}],"curies":[{"name":"wp","href":"https:\/\/api.w.org\/{rel}","templated":true}]}}