{"id":233980,"date":"2025-04-06T13:54:40","date_gmt":"2025-04-06T13:54:40","guid":{"rendered":"https:\/\/linkxa.es\/contratacion\/producto\/auriculares-muvit-meu-3-5-mm-rosa\/"},"modified":"2025-08-02T02:20:09","modified_gmt":"2025-08-02T02:20:09","slug":"auriculares-muvit-meu-3-5-mm-rosa","status":"publish","type":"product","link":"https:\/\/linkxa.es\/linkshop\/producto\/auriculares-muvit-meu-3-5-mm-rosa\/","title":{"rendered":"Auriculares muvit meu 3.5 mm rosa"},"content":{"rendered":"<h3 style=\"text-align: center;\"><strong>Muvit\u00a0 |\u00a0 Auriculares<\/strong><\/h3>\n<p>\u00a0<\/p>\n<p>Los auriculares est\u00e9reo\u00a0MEU de muvit, cuentan con cable Jack 3.5 mm, compatible con la mayor\u00eda de smartphones. Con un dise\u00f1o elegante y resistente, los auriculares MEU te proporcionar\u00e1n un sonido<br \/>de calidad a precio asequible. \u00dasalos donde quieras, en tus viajes, en la ciudad, o tu casa. Disfruta la experiencia y el estilo.<\/p>\n<p>Especificaciones<\/p>\n<p>Modelo: E56<br \/>Conector: Jack de 3,5 mm<br \/>Longitud del cable: 1200mm<br \/>Tama\u00f1o del altavoz: 13mm<br \/>Potencia nominal: 3mw<br \/>Impedancia est\u00e1ndar: 34<br \/>Directividad del micr\u00f3fono: Omnidireccional<br \/>Sensibilidad: -43dB \u00b1 3Db<br \/>Frecuencia de respuesta: 20-20000HZ<br \/>Sensibilidad de los auriculares: 95dB \u00b1 3Db<br \/>Potencia m\u00e1xima: 10mw.<\/p>\n<p>\u00a0<\/p>\n","protected":false},"excerpt":{"rendered":"<p>Auriculares muvit meu 3.5 mm rosa<\/p>\n","protected":false},"featured_media":233981,"comment_status":"closed","ping_status":"open","template":"","meta":{"_et_pb_use_builder":"","_et_pb_old_content":"","_et_gb_content_width":""},"product_brand":[2503],"product_cat":[2799,2800,2058],"product_tag":[2803,2804,2830,2068,2504],"class_list":{"0":"post-233980","1":"product","2":"type-product","3":"status-publish","4":"has-post-thumbnail","6":"product_brand-muvit","7":"product_cat-altavoces-mp3-y-auriculares","8":"product_cat-auriculares","9":"product_cat-dispositivos","10":"product_tag-altavoces-mp3-y-auriculares","11":"product_tag-auriculares","12":"product_tag-auriculares-muvit-meu-3-5-mm-rosa","13":"product_tag-dispositivos","14":"product_tag-muvit","15":"product_shipping_class-2059","16":"pa_canon-digital-incluida-0-e-incluidos","18":"first","19":"instock","20":"taxable","21":"shipping-taxable","22":"purchasable","23":"product-type-simple"},"_links":{"self":[{"href":"https:\/\/linkxa.es\/linkshop\/wp-json\/wp\/v2\/product\/233980","targetHints":{"allow":["GET"]}}],"collection":[{"href":"https:\/\/linkxa.es\/linkshop\/wp-json\/wp\/v2\/product"}],"about":[{"href":"https:\/\/linkxa.es\/linkshop\/wp-json\/wp\/v2\/types\/product"}],"replies":[{"embeddable":true,"href":"https:\/\/linkxa.es\/linkshop\/wp-json\/wp\/v2\/comments?post=233980"}],"wp:featuredmedia":[{"embeddable":true,"href":"https:\/\/linkxa.es\/linkshop\/wp-json\/wp\/v2\/media\/233981"}],"wp:attachment":[{"href":"https:\/\/linkxa.es\/linkshop\/wp-json\/wp\/v2\/media?parent=233980"}],"wp:term":[{"taxonomy":"product_brand","embeddable":true,"href":"https:\/\/linkxa.es\/linkshop\/wp-json\/wp\/v2\/product_brand?post=233980"},{"taxonomy":"product_cat","embeddable":true,"href":"https:\/\/linkxa.es\/linkshop\/wp-json\/wp\/v2\/product_cat?post=233980"},{"taxonomy":"product_tag","embeddable":true,"href":"https:\/\/linkxa.es\/linkshop\/wp-json\/wp\/v2\/product_tag?post=233980"}],"curies":[{"name":"wp","href":"https:\/\/api.w.org\/{rel}","templated":true}]}}