{"id":233987,"date":"2025-03-11T05:39:34","date_gmt":"2025-03-11T05:39:34","guid":{"rendered":"https:\/\/linkxa.es\/contratacion\/producto\/kit-microfono-phoenix-streamcast-pro-gaming\/"},"modified":"2025-08-02T09:07:24","modified_gmt":"2025-08-02T09:07:24","slug":"kit-microfono-phoenix-streamcast-pro-gaming","status":"publish","type":"product","link":"https:\/\/linkxa.es\/linkshop\/producto\/kit-microfono-phoenix-streamcast-pro-gaming\/","title":{"rendered":"Kit microfono phoenix streamcast pro gaming"},"content":{"rendered":"<h3 style=\"text-align: center;\"><strong>Phoenix technologies\u00a0 |\u00a0 Micr\u00f3fonos<\/strong><\/h3>\n<p>\u00a0<\/p>\n<p>Phoenix Technologies presenta el nuevo micr\u00f3fono StreamCast Pro U, el micr\u00f3fono que llega para mejorar tus mejores momentos, streaming, directos, podcast o grabaciones de voz.<br \/>Un micr\u00f3fono de condensador completo, con sistema onmidireccional, brazo articulado y m\u00e1s accesorios para obtener los mejores resultados.<br \/>El mejor rendimiento debe venir acompa\u00f1ado de una conexi\u00f3n USB para la m\u00e1xima comodidad de uso en cualquier dispositivo sin necesidad de configuraciones.<br \/>Podr\u00e1s ajustar el brazo articulado para conseguir la posici\u00f3n que deseas y gracias a su base rotativa podr\u00e1s moverlo con facilidad una vez fijada la posici\u00f3n. Para evitar cualquier da\u00f1o incluye una montura de choque\u00a0 antivibraci\u00f3n.<br \/>Cada detalle cuenta a la hora de conseguir el mejor sonido y por ello, no pod\u00eda faltar un filtro pop junto con un filtro antiviento, reduce al m\u00e1ximo los sonidos no deseados y consigue un sonido claro y n\u00edtido.<br \/>Adem\u00e1s, incluye bot\u00f3n de mute y ajuste de volumen para facilitar su ajuste en cada momento. Todo esto acompa\u00f1ado de conector Jack 3.5mm para tus auriculares.<br \/>Un look profesional junto a un resultado de estudio, el accesorio imprescindible para cualquier creador de contenido digital.<\/p>\n<p>\u00a0<\/p>\n","protected":false},"excerpt":{"rendered":"<p>Kit microfono phoenix streamcast pro gaming conector usb &#8211; brazo articulado &#8211; filtro antipop y montura antivibraci\u00f3n<\/p>\n","protected":false},"featured_media":234298,"comment_status":"closed","ping_status":"open","template":"","meta":{"_et_pb_use_builder":"","_et_pb_old_content":"","_et_gb_content_width":""},"product_brand":[2657],"product_cat":[2799,2058,2831],"product_tag":[2803,2068,2832,2833,2658],"class_list":{"0":"post-233987","1":"product","2":"type-product","3":"status-publish","4":"has-post-thumbnail","6":"product_brand-phoenix-technologies","7":"product_cat-altavoces-mp3-y-auriculares","8":"product_cat-dispositivos","9":"product_cat-microfonos","10":"product_tag-altavoces-mp3-y-auriculares","11":"product_tag-dispositivos","12":"product_tag-kit-microfono-phoenix-streamcast-pro-gaming","13":"product_tag-microfonos","14":"product_tag-phoenix-technologies","15":"product_shipping_class-2088","16":"pa_canon-digital-incluida-0-e-incluidos","18":"first","19":"instock","20":"taxable","21":"shipping-taxable","22":"purchasable","23":"product-type-simple"},"_links":{"self":[{"href":"https:\/\/linkxa.es\/linkshop\/wp-json\/wp\/v2\/product\/233987","targetHints":{"allow":["GET"]}}],"collection":[{"href":"https:\/\/linkxa.es\/linkshop\/wp-json\/wp\/v2\/product"}],"about":[{"href":"https:\/\/linkxa.es\/linkshop\/wp-json\/wp\/v2\/types\/product"}],"replies":[{"embeddable":true,"href":"https:\/\/linkxa.es\/linkshop\/wp-json\/wp\/v2\/comments?post=233987"}],"wp:featuredmedia":[{"embeddable":true,"href":"https:\/\/linkxa.es\/linkshop\/wp-json\/wp\/v2\/media\/234298"}],"wp:attachment":[{"href":"https:\/\/linkxa.es\/linkshop\/wp-json\/wp\/v2\/media?parent=233987"}],"wp:term":[{"taxonomy":"product_brand","embeddable":true,"href":"https:\/\/linkxa.es\/linkshop\/wp-json\/wp\/v2\/product_brand?post=233987"},{"taxonomy":"product_cat","embeddable":true,"href":"https:\/\/linkxa.es\/linkshop\/wp-json\/wp\/v2\/product_cat?post=233987"},{"taxonomy":"product_tag","embeddable":true,"href":"https:\/\/linkxa.es\/linkshop\/wp-json\/wp\/v2\/product_tag?post=233987"}],"curies":[{"name":"wp","href":"https:\/\/api.w.org\/{rel}","templated":true}]}}