{"id":233994,"date":"2025-06-21T16:01:40","date_gmt":"2025-06-21T16:01:40","guid":{"rendered":"https:\/\/linkxa.es\/contratacion\/producto\/altavoces-privatesound-jack-y-usb\/"},"modified":"2025-08-02T02:21:06","modified_gmt":"2025-08-02T02:21:06","slug":"altavoces-privatesound-jack-y-usb","status":"publish","type":"product","link":"https:\/\/linkxa.es\/linkshop\/producto\/altavoces-privatesound-jack-y-usb\/","title":{"rendered":"Altavoces privatesound jack y usb"},"content":{"rendered":"<h3 style=\"text-align: center;\"><strong>Phoenix technologies\u00a0 |\u00a0 Altavoces<\/strong><\/h3>\n<p>\u00a0<\/p>\n<p>S\u00e1cale todo el partido a tus videos, pel\u00edculas o juegos con estos altavoces de Phoenix. Dise\u00f1o moderno, acabados suaves y claridad de sonido.<br \/>Gracias a sus 2 altavoces de 3W RMS cada uno (6W en total) podr\u00e1s disfrutar de tus contenidos favoritos en tu ordenador, port\u00e1til, Play station, Xbox, etc. Cuenta con 2 canales de audio separados (sonido y micr\u00f3fono) para obtener la m\u00e1xima calidad de se\u00f1al.<br \/>Incluye 1 puerto de salida Mini Jack 3.5mm para poder conectarle unos auriculares y no molestar durante la noche y tambi\u00e9n una toma de entrada de micr\u00f3fono, de esta forma tendr\u00e1s tus dispositivos de audio conectados de una forma m\u00e1s r\u00e1pida y segura.\u00a0<\/p>\n<p>\u00a0<\/p>\n","protected":false},"excerpt":{"rendered":"<p>Altavoces privatesound  jack y usb<\/p>\n","protected":false},"featured_media":233995,"comment_status":"closed","ping_status":"open","template":"","meta":{"_et_pb_use_builder":"","_et_pb_old_content":"","_et_gb_content_width":""},"product_brand":[2657],"product_cat":[2822,2799,2058],"product_tag":[2824,2803,2834,2068,2658],"class_list":{"0":"post-233994","1":"product","2":"type-product","3":"status-publish","4":"has-post-thumbnail","6":"product_brand-phoenix-technologies","7":"product_cat-altavoces","8":"product_cat-altavoces-mp3-y-auriculares","9":"product_cat-dispositivos","10":"product_tag-altavoces","11":"product_tag-altavoces-mp3-y-auriculares","12":"product_tag-altavoces-privatesound-jack-y-usb","13":"product_tag-dispositivos","14":"product_tag-phoenix-technologies","15":"product_shipping_class-2088","16":"pa_canon-digital-incluida-0-e-incluidos","18":"first","19":"instock","20":"taxable","21":"shipping-taxable","22":"purchasable","23":"product-type-simple"},"_links":{"self":[{"href":"https:\/\/linkxa.es\/linkshop\/wp-json\/wp\/v2\/product\/233994","targetHints":{"allow":["GET"]}}],"collection":[{"href":"https:\/\/linkxa.es\/linkshop\/wp-json\/wp\/v2\/product"}],"about":[{"href":"https:\/\/linkxa.es\/linkshop\/wp-json\/wp\/v2\/types\/product"}],"replies":[{"embeddable":true,"href":"https:\/\/linkxa.es\/linkshop\/wp-json\/wp\/v2\/comments?post=233994"}],"wp:featuredmedia":[{"embeddable":true,"href":"https:\/\/linkxa.es\/linkshop\/wp-json\/wp\/v2\/media\/233995"}],"wp:attachment":[{"href":"https:\/\/linkxa.es\/linkshop\/wp-json\/wp\/v2\/media?parent=233994"}],"wp:term":[{"taxonomy":"product_brand","embeddable":true,"href":"https:\/\/linkxa.es\/linkshop\/wp-json\/wp\/v2\/product_brand?post=233994"},{"taxonomy":"product_cat","embeddable":true,"href":"https:\/\/linkxa.es\/linkshop\/wp-json\/wp\/v2\/product_cat?post=233994"},{"taxonomy":"product_tag","embeddable":true,"href":"https:\/\/linkxa.es\/linkshop\/wp-json\/wp\/v2\/product_tag?post=233994"}],"curies":[{"name":"wp","href":"https:\/\/api.w.org\/{rel}","templated":true}]}}