{"id":234029,"date":"2025-04-01T21:51:47","date_gmt":"2025-04-01T21:51:47","guid":{"rendered":"https:\/\/linkxa.es\/contratacion\/producto\/auriculares-jabra-evolve2-65-flex-ms\/"},"modified":"2025-08-02T10:06:16","modified_gmt":"2025-08-02T10:06:16","slug":"auriculares-jabra-evolve2-65-flex-ms","status":"publish","type":"product","link":"https:\/\/linkxa.es\/linkshop\/producto\/auriculares-jabra-evolve2-65-flex-ms\/","title":{"rendered":"Auriculares jabra evolve2 65 flex ms"},"content":{"rendered":"<h3 style=\"text-align: center;\"><strong>Jabra\u00a0 |\u00a0 Auriculares<\/strong><\/h3>\n<p>\u00a0<\/p>\n<p>&#8211; GENERAL<\/p>\n<p>Color\u00a0<br \/>Negro<\/p>\n<p>Anchura\u00a0<br \/>20 cm<\/p>\n<p>Altura\u00a0<br \/>10.8 cm<\/p>\n<p>Profundidad\u00a0<br \/>15.5 cm<\/p>\n<p>Distancia operativa m\u00e1xima\u00a0<br \/>30 m<\/p>\n<p>Peso\u00a0<br \/>136 g<\/p>\n<p>Funciones adicionales\u00a0<br \/>DSP<\/p>\n<p>Protecci\u00f3n\u00a0<br \/>Protecci\u00f3n auditiva<\/p>\n<p>Uso recomendado\u00a0<br \/>Componentes electr\u00f3nicos port\u00e1tiles, tel\u00e9fono, ordenador &#8211; comunicaci\u00f3n<\/p>\n<p>Material de las almohadillas\u00a0<br \/>Cuero sint\u00e9tico, espuma<\/p>\n<p>Tipo de producto\u00a0<br \/>Auricular &#8211; Bluetooth &#8211; inal\u00e1mbrico &#8211; USB-C<\/p>\n<p>Caracter\u00edsticas\u00a0<br \/>Multipoint Pairing, indicador LED, emparejamiento f\u00e1cil, actualizaciones OTA<\/p>\n<p>&#8211; DIVERSO<\/p>\n<p>Certificaci\u00f3n de software\u00a0<br \/>Certificado para Equipos de Microsoft<\/p>\n<p>Detalles de cables\u00a0<br \/>Cable de carga USB-C &#8211; extra\u00edble &#8211; 1.2 m<\/p>\n<p>Cumplimiento de normas\u00a0<br \/>Plug and Play, G616<\/p>\n<p>Accesorios incluidos\u00a0<br \/>Bolso para transporte, cable de carga USB-C, adaptador USB 390c Jabra Link<\/p>\n<p>&#8211; ALIMENTACI\u00d3N<\/p>\n<p>Tiempo de recarga\u00a0<br \/>2 horas<\/p>\n<p>Tiempo de ejecuci\u00f3n m\u00e1ximo\u00a0<br \/>32 horas<\/p>\n<p>Tiempo en modo de espera\u00a0<br \/>120 horas<\/p>\n<p>Bater\u00eda\u00a0<br \/>Pila para auriculares recargable<\/p>\n<p>Datos de tiempo de ejecuci\u00f3n\u00a0<br \/>Reproducci\u00f3n continua (con la cancelaci\u00f3n de ruido activada) (con estuche de carga incluido): hasta 21 horas\u00a0<br \/>Reproducci\u00f3n continua (con la cancelaci\u00f3n de ruido desactivada): hasta 32 horas\u00a0<br \/>Conversaci\u00f3n continua (cancelaci\u00f3n de ruido activa\/busylight apagada): hasta 20 horas\u00a0<br \/>Conversaci\u00f3n continua (cancelaci\u00f3n de ruido activa\/busylight encendida): hasta 15 horas<\/p>\n<p>&#8211; AUDIO SALIDA<\/p>\n<p>Modo de salida del sonido\u00a0<br \/>Est\u00e9reo<\/p>\n<p>Cantidad de dispositivos conectables simult\u00e1neamente\u00a0<br \/>2<\/p>\n<p>Tecnolog\u00eda de conectividad\u00a0<br \/>Inal\u00e1mbrico<\/p>\n<p>Respuesta de frecuencia\u00a0<br \/>20 &#8211; 20000 Hz<\/p>\n<p>Eliminaci\u00f3n activa de ruido\u00a0<br \/>S\u00ed<\/p>\n<p>Diafragma\u00a0<br \/>28 mm<\/p>\n<p>Impedancia\u00a0<br \/>16 Ohm<\/p>\n<p>Tecnolog\u00eda inal\u00e1mbrica\u00a0<br \/>Bluetooth<\/p>\n<p>Alimentaci\u00f3n de entrada m\u00e1xima\u00a0<br \/>30 mW<\/p>\n<p>Factor de forma de los auriculares\u00a0<br \/>En oreja<\/p>\n<p>Perfiles Bluetooth\u00a0<br \/>Perfil de manos libres (HFP), Perfil de auricular (HSP), Perfil de puerto de serie (SPP), Perfil de distribuci\u00f3n de audio avanzado (A2DP), Perfil de control remoto de audio y v\u00eddeo (AVRCP), Phonebook Access Profile (PBAP)<\/p>\n<p>Versi\u00f3n Bluetooth\u00a0<br \/>Bluetooth 5.2<\/p>\n<p>Tecnolog\u00eda de cancelaci\u00f3n activa del ruido\u00a0<br \/>Hybrid Active Noise Cancelling<\/p>\n<p>Efectos de sonido\u00a0<br \/>Power Bass, HD Voice<\/p>\n<p>Sensibilidad\u00a0<br \/>84 dB\/mW +\/- 2dB<\/p>\n<p>Caracter\u00edsticas\u00a0<br \/>Tecnolog\u00eda SafeTone, tecnolog\u00eda PeakStop, Jabra Direct, Google Fast Pair, Jabra Xpress, Apple MFI<\/p>\n<p>&#8211; TIPO DE MICR\u00d3FONO<\/p>\n<p>Micr\u00f3fonos incluidos\u00a0<br \/>6<\/p>\n<p>Respuesta de frecuencia\u00a0<br \/>20 &#8211; 10000 Hz<\/p>\n<p>Sensibilidad\u00a0<br \/>-38 dBV\/Pascal<\/p>\n<p>Tipo\u00a0<br \/>Boom<\/p>\n<p>Factor de forma\u00a0<br \/>Micr\u00f3fono de auriculares<\/p>\n<p>&#8211; CONTROL REMOTO<\/p>\n<p>Controles\u00a0<br \/>Sin sonido, volumen, encendido\/apagado, busylight, llamada<\/p>\n<p>&#8211; CABLE<\/p>\n<p>Cable de alimentaci\u00f3n\u00a0<br \/>S\u00ed<\/p>\n<p>&#8211; INTERNET DE LAS COSAS (IOT)<\/p>\n<p>Compatible con Internet de las cosas (IoT)\u00a0<br \/>S\u00ed<\/p>\n<p>Asistente inteligente\u00a0<br \/>Asistente de Google, Alexa<\/p>\n<p>\u00a0<\/p>\n","protected":false},"excerpt":{"rendered":"<p>Auriculares jabra evolve2 65 flex ms stereo inalambrico negro<\/p>\n","protected":false},"featured_media":234988,"comment_status":"closed","ping_status":"open","template":"","meta":{"_et_pb_use_builder":"","_et_pb_old_content":"","_et_gb_content_width":""},"product_brand":[2839],"product_cat":[2799,2800,2058],"product_tag":[2803,2804,2841,2068,2840],"class_list":{"0":"post-234029","1":"product","2":"type-product","3":"status-publish","4":"has-post-thumbnail","6":"product_brand-jabra","7":"product_cat-altavoces-mp3-y-auriculares","8":"product_cat-auriculares","9":"product_cat-dispositivos","10":"product_tag-altavoces-mp3-y-auriculares","11":"product_tag-auriculares","12":"product_tag-auriculares-jabra-evolve2-65-flex-ms","13":"product_tag-dispositivos","14":"product_tag-jabra","15":"product_shipping_class-2059","16":"pa_canon-digital-incluida-0-e-incluidos","18":"first","19":"instock","20":"taxable","21":"shipping-taxable","22":"purchasable","23":"product-type-simple"},"_links":{"self":[{"href":"https:\/\/linkxa.es\/linkshop\/wp-json\/wp\/v2\/product\/234029","targetHints":{"allow":["GET"]}}],"collection":[{"href":"https:\/\/linkxa.es\/linkshop\/wp-json\/wp\/v2\/product"}],"about":[{"href":"https:\/\/linkxa.es\/linkshop\/wp-json\/wp\/v2\/types\/product"}],"replies":[{"embeddable":true,"href":"https:\/\/linkxa.es\/linkshop\/wp-json\/wp\/v2\/comments?post=234029"}],"wp:featuredmedia":[{"embeddable":true,"href":"https:\/\/linkxa.es\/linkshop\/wp-json\/wp\/v2\/media\/234988"}],"wp:attachment":[{"href":"https:\/\/linkxa.es\/linkshop\/wp-json\/wp\/v2\/media?parent=234029"}],"wp:term":[{"taxonomy":"product_brand","embeddable":true,"href":"https:\/\/linkxa.es\/linkshop\/wp-json\/wp\/v2\/product_brand?post=234029"},{"taxonomy":"product_cat","embeddable":true,"href":"https:\/\/linkxa.es\/linkshop\/wp-json\/wp\/v2\/product_cat?post=234029"},{"taxonomy":"product_tag","embeddable":true,"href":"https:\/\/linkxa.es\/linkshop\/wp-json\/wp\/v2\/product_tag?post=234029"}],"curies":[{"name":"wp","href":"https:\/\/api.w.org\/{rel}","templated":true}]}}