{"id":234035,"date":"2025-06-20T06:20:48","date_gmt":"2025-06-20T06:20:48","guid":{"rendered":"https:\/\/linkxa.es\/contratacion\/producto\/auriculares-jabra-evolve-65-se-uc\/"},"modified":"2025-08-02T02:24:45","modified_gmt":"2025-08-02T02:24:45","slug":"auriculares-jabra-evolve-65-se-uc","status":"publish","type":"product","link":"https:\/\/linkxa.es\/linkshop\/producto\/auriculares-jabra-evolve-65-se-uc\/","title":{"rendered":"Auriculares jabra evolve 65 se uc"},"content":{"rendered":"<h3 style=\"text-align: center;\"><strong>Jabra\u00a0 |\u00a0 Auriculares<\/strong><\/h3>\n<p>\u00a0<\/p>\n<p>\u00ab`<br \/>&#8211; GENERAL<\/p>\n<p>Tipo de producto: Auricular inal\u00e1mbrico Bluetooth con USB<br \/>Uso recomendado: Componentes electr\u00f3nicos port\u00e1tiles, ordenador &#8211; comunicaci\u00f3n<br \/>Compatibilidad: Mac, Windows<br \/>Material del cuerpo: Aluminio<br \/>Material de la banda de cabeza: Espuma, silicona<br \/>Material de las almohadillas: Cuero sint\u00e9tico<br \/>Anchura: 15 cm<br \/>Altura: 15.7 cm<br \/>Profundidad: 6.05 cm<br \/>Peso: 79 g<br \/>Distancia operativa m\u00e1xima: 30 m<\/p>\n<p>&#8211; ACCESORIOS INCLUIDOS<\/p>\n<p>Bolsillo de neopreno<br \/>Adaptador USB 380a Jabra Link<br \/>Cable USB (extra\u00edble)<\/p>\n<p>&#8211; CUMPLIMIENTO Y CERTIFICACIONES<\/p>\n<p>Cumplimiento de normas: Plug and Play, FCC-ID, KCC, RCM, NCC, TELEC, SRRC, IC, G616<br \/>Dise\u00f1ado para: Jabra Evolve, Jabra LINK 380a MS<\/p>\n<p>&#8211; ALIMENTACI\u00d3N<\/p>\n<p>Tipo de bater\u00eda: Pila recargable para auriculares &#8211; Ion de litio<br \/>Capacidad: 500 mAh<br \/>Tiempo de recarga: 2 horas<br \/>Tiempo de ejecuci\u00f3n m\u00e1ximo:<br \/>&#8211; Conversaci\u00f3n continua (cancelaci\u00f3n de ruido desactivada): hasta 12 horas<br \/>&#8211; Reproducci\u00f3n continua (cancelaci\u00f3n de ruido activada): hasta 11 horas<br \/>Tiempo en modo de espera: 15 d\u00edas<\/p>\n<p>&#8211; AUDIO SALIDA<\/p>\n<p>Modo de salida del sonido: Mono<br \/>Tecnolog\u00eda de conectividad: Inal\u00e1mbrico<br \/>Tecnolog\u00eda inal\u00e1mbrica: Bluetooth<br \/>Versi\u00f3n Bluetooth: 4.0<br \/>Cantidad de dispositivos conectables simult\u00e1neamente: 2<br \/>Perfiles Bluetooth:<br \/>&#8211; A2DP<br \/>&#8211; HFP<br \/>&#8211; AGHFP<br \/>&#8211; HSP<br \/>C\u00f3dec de audio Bluetooth: SBC<br \/>Diafragma: 28 mm<br \/>Alimentaci\u00f3n de entrada m\u00e1xima: 10 mW<br \/>Respuesta de frecuencia: 150 &#8211; 7000 Hz<br \/>Sensibilidad: 93.6 dB<br \/>Efectos de sonido: HD Voice<br \/>Factor de forma de los auriculares: En oreja<br \/>Caracter\u00edsticas de audio:<br \/>&#8211; Luz ocupado<br \/>&#8211; Jabra Direct<br \/>&#8211; Jabra Xpress<br \/>&#8211; Tecnolog\u00eda SafeTone<br \/>&#8211; Procesamiento digital de se\u00f1ales<br \/>&#8211; Tecnolog\u00eda PeakStop<br \/>&#8211; Gu\u00eda de voz<\/p>\n<p>&#8211; MICR\u00d3FONO<\/p>\n<p>Tipo: Boom<br \/>Factor de forma: Micr\u00f3fono de auriculares<br \/>Cancelaci\u00f3n de ruido: S\u00ed<br \/>Modo de operaci\u00f3n del micr\u00f3fono: Unidireccional<br \/>Respuesta de frecuencia: 100 &#8211; 10000 Hz<br \/>Sensibilidad: -17 dBFS\/Pa<br \/>Detalles de la entrada de audio: Unidireccional &#8211; 100 &#8211; 10000 Hz<\/p>\n<p>&#8211; CONTROL REMOTO<\/p>\n<p>Controles:<br \/>&#8211; Sin sonido<br \/>&#8211; Volumen<br \/>&#8211; Activado\/desactivado<br \/>&#8211; Responder\/finalizar<br \/>&#8211; Indicador de estado<br \/>&#8211; Rechazar llamada<\/p>\n<p>&#8211; DIMENSIONES Y PESO (EMBALAJE)<\/p>\n<p>Anchura del embalaje: 18.1 cm<br \/>Altura del embalaje: 5.3 cm<br \/>Profundidad del embalaje: 21 cm<br \/>\u00ab`<\/p>\n<p>\u00a0<\/p>\n","protected":false},"excerpt":{"rendered":"<p>Auriculares jabra evolve 65 se uc inalambrico negro<\/p>\n","protected":false},"featured_media":234036,"comment_status":"closed","ping_status":"open","template":"","meta":{"_et_pb_use_builder":"","_et_pb_old_content":"","_et_gb_content_width":""},"product_brand":[2839],"product_cat":[2799,2800,2058],"product_tag":[2803,2804,2843,2068,2840],"class_list":{"0":"post-234035","1":"product","2":"type-product","3":"status-publish","4":"has-post-thumbnail","6":"product_brand-jabra","7":"product_cat-altavoces-mp3-y-auriculares","8":"product_cat-auriculares","9":"product_cat-dispositivos","10":"product_tag-altavoces-mp3-y-auriculares","11":"product_tag-auriculares","12":"product_tag-auriculares-jabra-evolve-65-se-uc","13":"product_tag-dispositivos","14":"product_tag-jabra","15":"product_shipping_class-2059","16":"pa_canon-digital-incluida-0-e-incluidos","18":"first","19":"instock","20":"taxable","21":"shipping-taxable","22":"purchasable","23":"product-type-simple"},"_links":{"self":[{"href":"https:\/\/linkxa.es\/linkshop\/wp-json\/wp\/v2\/product\/234035","targetHints":{"allow":["GET"]}}],"collection":[{"href":"https:\/\/linkxa.es\/linkshop\/wp-json\/wp\/v2\/product"}],"about":[{"href":"https:\/\/linkxa.es\/linkshop\/wp-json\/wp\/v2\/types\/product"}],"replies":[{"embeddable":true,"href":"https:\/\/linkxa.es\/linkshop\/wp-json\/wp\/v2\/comments?post=234035"}],"wp:featuredmedia":[{"embeddable":true,"href":"https:\/\/linkxa.es\/linkshop\/wp-json\/wp\/v2\/media\/234036"}],"wp:attachment":[{"href":"https:\/\/linkxa.es\/linkshop\/wp-json\/wp\/v2\/media?parent=234035"}],"wp:term":[{"taxonomy":"product_brand","embeddable":true,"href":"https:\/\/linkxa.es\/linkshop\/wp-json\/wp\/v2\/product_brand?post=234035"},{"taxonomy":"product_cat","embeddable":true,"href":"https:\/\/linkxa.es\/linkshop\/wp-json\/wp\/v2\/product_cat?post=234035"},{"taxonomy":"product_tag","embeddable":true,"href":"https:\/\/linkxa.es\/linkshop\/wp-json\/wp\/v2\/product_tag?post=234035"}],"curies":[{"name":"wp","href":"https:\/\/api.w.org\/{rel}","templated":true}]}}