{"id":234041,"date":"2025-05-12T20:09:35","date_gmt":"2025-05-12T20:09:35","guid":{"rendered":"https:\/\/linkxa.es\/contratacion\/producto\/auriculares-con-microfono-logitech-g335-gaming\/"},"modified":"2025-08-02T02:25:40","modified_gmt":"2025-08-02T02:25:40","slug":"auriculares-con-microfono-logitech-g335-gaming","status":"publish","type":"product","link":"https:\/\/linkxa.es\/linkshop\/producto\/auriculares-con-microfono-logitech-g335-gaming\/","title":{"rendered":"Auriculares con microfono logitech g335 gaming"},"content":{"rendered":"<h3 style=\"text-align: center;\"><strong>Logitech\u00a0 |\u00a0 Auriculares<\/strong><\/h3>\n<p>\u00a0<\/p>\n<p>JUEGA A TU MANERA<\/p>\n<p>Ligeros y atractivos. En los G335 se combinan el color y la comodidad. El dise\u00f1o<br \/>de diadema con suspensi\u00f3n con cinta ajustable permite el ajuste id\u00f3neo. Con Plug<br \/>and Play y controles integrados podr\u00e1s conectarte y meterte de lleno en el juego<br \/>r\u00e1pidamente. Elige el color que m\u00e1s se ajuste a tu incre\u00edble estilo.<br \/>Ligeros 240 gramos<br \/>C\u00f3modos Diadema con suspensi\u00f3n<br \/>Multiplataforma Compatibles con PC, consolas de videojuegos y dispositivos<br \/>m\u00f3viles ENTRA EN LA ZONA DE CONFORT<\/p>\n<p>El dise\u00f1o de diadema con suspensi\u00f3n distribuye el peso y alivia la presi\u00f3n. Las<br \/>suaves almohadillas transpirables, de espuma viscoel\u00e1stica y malla deportiva,<br \/>envuelven el o\u00eddo con la presi\u00f3n justa para una buena sujeci\u00f3n. Con s\u00f3lo 240<br \/>gramos, los G335 son una versi\u00f3n m\u00e1s peque\u00f1a y ligera de los galardonados<br \/>G733 LIGHTSPEED inal\u00e1mbricos.<\/p>\n<p>PLUG AND PLAY<\/p>\n<p>Usa una toma de audio de 3,5 mm para entrar en juego f\u00e1cilmente. Los G335<br \/>funcionan con Xbox, PlayStation, Nintendo Switch y la mayor\u00eda de equipos PC,<br \/>port\u00e1tiles y m\u00f3viles.<\/p>\n<p>AJUSTE ADAPTABLE<\/p>\n<p>La diadema el\u00e1stica se amolda a la cabeza y puede ajustarse del modo m\u00e1s<br \/>adecuado. Las copas de los auriculares se pueden deslizar hacia arriba o hacia<br \/>abajo seg\u00fan convenga.<\/p>\n<p>CONTROLES INTEGRADOS<\/p>\n<p>Usa el control giratorio de volumen en la copa para ajustar el sonido de juegos y<br \/>m\u00fasica. Voltea el micr\u00f3fono hacia arriba para silenciarte de manera autom\u00e1tica.<\/p>\n<p>JUEGA CON ESTILO<\/p>\n<p>Los G335 est\u00e1n disponible en varios colores, con sus llamativas cintas reversibles<br \/>correspondientes y almohadillas a juego. Las cintas suaves y el\u00e1sticas son<br \/>reversibles, para ampliar tus opciones de color, y lavables. Cuando te apetezca un<br \/>cambio de look, usa otra cinta o elige otro de los vistosos protectores de<br \/>micr\u00f3fono.<br \/>AUDIO EXCELENTE. GARANTIZADO.<\/p>\n<p>Con transductores de neodimio de 40 mm, los auriculares G335 ofrecen un sonido<br \/>n\u00edtido que da vida a tu juego. La certificaci\u00f3n Discord garantiza un perfecto<br \/>rendimiento de las comunicaciones, con magn\u00edfico sonido y voces claras.<br \/>CONSIGUE EL AJUSTE PERFECTO<\/p>\n<p>Dos estupendos auriculares con micr\u00f3fono disponibles en nuestra Color<br \/>Collection, ambos con caracter\u00edsticas exclusivas. Elige el modelo m\u00e1s adecuado<br \/>para ti.<\/p>\n<p>ESPECIFICACIONES<\/p>\n<p>240 gramos Ligeros<br \/>Toma de audio de 3,5 mm Plug and Play<br \/>Certificaci\u00f3n Discord Comunicaciones n\u00edtidas<br \/>Especificaciones f\u00edsicas<\/p>\n<p>Longitud: 189 mm<br \/>Anchura: 180 mm<br \/>Profundidad: 79 mm<br \/>Peso: 240 g (con cable incluido)<\/p>\n<p>Requisito<\/p>\n<p>Toma de audio de 3,5 mm<\/p>\n<p>Especificaciones t\u00e9cnicas<br \/>Auriculares:<\/p>\n<p>Transductor: 40 mm<br \/>Respuesta de frecuencia: 20 Hz &#8211; 20 kHz<br \/>Impedancia: 36 Ohms Sensibilidad: 87,5 dB SPL\/mW<\/p>\n<p>Micr\u00f3fono (varilla):<\/p>\n<p>Patr\u00f3n de captaci\u00f3n de micr\u00f3fono: Cardioide (unidireccional)<br \/>Respuesta de frecuencia: 100 Hz &#8211; 10 kHz<\/p>\n<p>Contenido de la caja<\/p>\n<p>Auriculares G335 con micr\u00f3fono y cable para gaming<br \/>Divisor para PC para micr\u00f3fonos y tomas de auriculares (divisor en Y)<br \/>Documentaci\u00f3n del usuario<\/p>\n<p>Compatibilidad con plataformas<\/p>\n<p>PC, Xbox, PlayStation, Nintendo Switch y dispositivos m\u00f3viles con toma de<br \/>audio de 3,5 mm<\/p>\n<p>N\u00famero de referencia<\/p>\n<p>Negro : 981-000978<br \/>Blanco : 981-001018<br \/>Mint : 981-001024<\/p>\n<p>Informaci\u00f3n de garant\u00eda<\/p>\n<p>Dos a\u00f1os de garant\u00eda de hardware limitada<\/p>\n<p>\u00a0<\/p>\n","protected":false},"excerpt":{"rendered":"<p>Auriculares con microfono logitech g335 gaming<\/p>\n","protected":false},"featured_media":234042,"comment_status":"closed","ping_status":"open","template":"","meta":{"_et_pb_use_builder":"","_et_pb_old_content":"","_et_gb_content_width":""},"product_brand":[2798],"product_cat":[2799,2800,2058],"product_tag":[2803,2804,2845,2068,2801],"class_list":{"0":"post-234041","1":"product","2":"type-product","3":"status-publish","4":"has-post-thumbnail","6":"product_brand-logitech","7":"product_cat-altavoces-mp3-y-auriculares","8":"product_cat-auriculares","9":"product_cat-dispositivos","10":"product_tag-altavoces-mp3-y-auriculares","11":"product_tag-auriculares","12":"product_tag-auriculares-con-microfono-logitech-g335-gaming","13":"product_tag-dispositivos","14":"product_tag-logitech","15":"product_shipping_class-2088","16":"pa_canon-digital-incluida-0-e-incluidos","18":"first","19":"instock","20":"taxable","21":"shipping-taxable","22":"purchasable","23":"product-type-simple"},"_links":{"self":[{"href":"https:\/\/linkxa.es\/linkshop\/wp-json\/wp\/v2\/product\/234041","targetHints":{"allow":["GET"]}}],"collection":[{"href":"https:\/\/linkxa.es\/linkshop\/wp-json\/wp\/v2\/product"}],"about":[{"href":"https:\/\/linkxa.es\/linkshop\/wp-json\/wp\/v2\/types\/product"}],"replies":[{"embeddable":true,"href":"https:\/\/linkxa.es\/linkshop\/wp-json\/wp\/v2\/comments?post=234041"}],"wp:featuredmedia":[{"embeddable":true,"href":"https:\/\/linkxa.es\/linkshop\/wp-json\/wp\/v2\/media\/234042"}],"wp:attachment":[{"href":"https:\/\/linkxa.es\/linkshop\/wp-json\/wp\/v2\/media?parent=234041"}],"wp:term":[{"taxonomy":"product_brand","embeddable":true,"href":"https:\/\/linkxa.es\/linkshop\/wp-json\/wp\/v2\/product_brand?post=234041"},{"taxonomy":"product_cat","embeddable":true,"href":"https:\/\/linkxa.es\/linkshop\/wp-json\/wp\/v2\/product_cat?post=234041"},{"taxonomy":"product_tag","embeddable":true,"href":"https:\/\/linkxa.es\/linkshop\/wp-json\/wp\/v2\/product_tag?post=234041"}],"curies":[{"name":"wp","href":"https:\/\/api.w.org\/{rel}","templated":true}]}}