{"id":234058,"date":"2025-02-12T09:44:10","date_gmt":"2025-02-12T09:44:10","guid":{"rendered":"https:\/\/linkxa.es\/contratacion\/producto\/auriculares-urbanista-true-wireless-inalambricos-austin\/"},"modified":"2025-08-02T09:33:38","modified_gmt":"2025-08-02T09:33:38","slug":"auriculares-urbanista-true-wireless-inalambricos-austin","status":"publish","type":"product","link":"https:\/\/linkxa.es\/linkshop\/producto\/auriculares-urbanista-true-wireless-inalambricos-austin\/","title":{"rendered":"Auriculares urbanista true wireless inalambricos austin"},"content":{"rendered":"<h3 style=\"text-align: center;\"><strong>Urbanista\u00a0 |\u00a0 Auriculares<\/strong><\/h3>\n<p>\u00a0<\/p>\n<p>Con un estilo elegante y compacto los auriculares Urbanista Austin producen un potente sonido combinado con nuevos y llamativos colores que complementan tu look. Los auriculares inal\u00e1mbricos<br \/>est\u00e1n disponibles en dos nuevos colores, Lavender Purple y Lake Green, y en las cl\u00e1sicas combinaciones de colores Pure White y Midnight Black. Dise\u00f1ado para ajustarse a tu ritmo de vida, los<br \/>auriculares Austin te permite disfrutar de audio inal\u00e1mbrico donde quiera que vayas. Est\u00e1n protegidos contra salpicaduras de agua y dise\u00f1ado para el d\u00eda a d\u00eda. Urbanista Austin te ofrece una experiencia<br \/>de sonido de alta calidad para cualquier ocasi\u00f3n, ya sea para escuchar podcasts o para animar tus sesiones de entrenamiento f\u00edsico.<\/p>\n<p>Experiencia de audio a otro nivel<\/p>\n<p>Ya sea que est\u00e9 escuchando sus canciones favoritas o un podcast, experimente la claridad de sonido que Austin ofrece a trav\u00e9s de un verdadero audio inal\u00e1mbrico. Perfecto para viajes y<br \/>desplazamientos largos, su estuche de bolsillo puede cargarse durante 4 cargas completas, proporcionando un total de 20 horas de reproducci\u00f3n.<br \/>Seguridad y comodidad<\/p>\n<p>Austin ofrece un ajuste c\u00f3modo y seguro, incluso durante actividades m\u00e1s extenuantes como el deporte. Cuando est\u00e9s listo, Austin se emparejar\u00e1 con todos tus dispositivos iOS y Android, conect\u00e1ndose<br \/>sin esfuerzo a trav\u00e9s de Bluetooth 5.3.<br \/>Para tu ritmo de vida<\/p>\n<p>En el gimnasio o en la playa, Austin te permite centrarte en una experiencia de audio, sin complicaciones. Gracias a la superficie duradera y resistente a salpicaduras IPX4 de los auriculares, puedes<br \/>llevar el sonido contigo dondequiera que vayas.<br \/>Estilo adaptado a cualquier look<\/p>\n<p>Disponible en nuevos y llamativos colores que completan cualquier look, Austin est\u00e1 disponible en dos nuevas combinaciones de colores, Lavender Purple y Lake Green, y en los siempre cl\u00e1sicos Pure<br \/>White y Midnight Black.<br \/>20H de autonom\u00eda total<\/p>\n<p>La funda de bolsillo se puede cargar durante 4 cargas completas, lo que proporciona un total de 20 horas de tiempo de juego.<br \/>Resistente a salpicaduras<\/p>\n<p>Con la superficie duradera y resistente a salpicaduras IPX4, puedes llevar el sonido contigo a cualquier parte.<br \/>Controles t\u00e1ctiles<\/p>\n<p>Un simple toque en los auriculares te permite pausar y reproducir la m\u00fasica o responder llamadas.<br \/>Caracter\u00edsticas principales<\/p>\n<p>Tiempo de reproducci\u00f3n 5 horas<br \/>Tiempo total de reproducci\u00f3n 20 horas<br \/>Micr\u00f3fonos duales<br \/>Controles t\u00e1ctiles<br \/>Compatibilidad con asistente de voz<br \/>Auriculares resistentes al agua (IPX4)<br \/>Carga USB Tipo-C<\/p>\n<p>Especificaciones<\/p>\n<p>Tipo de transductores: Din\u00e1micos de 13 mm<br \/>Impedancia de los drivers: 32 Ohm \u00b115<br \/>Sensibilidad del altavoz: 115\u00b13 dB SPL\/mW a 1 kHz<br \/>Respuesta en frecuencia: 20 Hz a 20 kHz<br \/>Tipo de micr\u00f3fono: Mems<br \/>Versi\u00f3n de Bluetooth\u00ae: 5.3<br \/>Perfiles Bluetooth A2DP 1.3, AVRCP 1.6, HSP 1.2 y HFP 1.7<br \/>C\u00f3decs de audio: SBC<\/p>\n<p>Contenido de la caja<\/p>\n<p>Auridulares inal\u00e1mbricos<br \/>Gu\u00eda de inicio r\u00e1pido<br \/>Cable de carga USB Tipo-C<\/p>\n<p>\u00a0<\/p>\n","protected":false},"excerpt":{"rendered":"<p>Auriculares urbanista true wireless inalambricos austin midnight black<\/p>\n","protected":false},"featured_media":234581,"comment_status":"closed","ping_status":"open","template":"","meta":{"_et_pb_use_builder":"","_et_pb_old_content":"","_et_gb_content_width":""},"product_brand":[2849],"product_cat":[2799,2800,2058],"product_tag":[2803,2804,2851,2068,2850],"class_list":{"0":"post-234058","1":"product","2":"type-product","3":"status-publish","4":"has-post-thumbnail","6":"product_brand-urbanista","7":"product_cat-altavoces-mp3-y-auriculares","8":"product_cat-auriculares","9":"product_cat-dispositivos","10":"product_tag-altavoces-mp3-y-auriculares","11":"product_tag-auriculares","12":"product_tag-auriculares-urbanista-true-wireless-inalambricos-austin","13":"product_tag-dispositivos","14":"product_tag-urbanista","15":"product_shipping_class-2059","16":"pa_canon-digital-incluida-0-e-incluidos","18":"first","19":"instock","20":"taxable","21":"shipping-taxable","22":"purchasable","23":"product-type-simple"},"_links":{"self":[{"href":"https:\/\/linkxa.es\/linkshop\/wp-json\/wp\/v2\/product\/234058","targetHints":{"allow":["GET"]}}],"collection":[{"href":"https:\/\/linkxa.es\/linkshop\/wp-json\/wp\/v2\/product"}],"about":[{"href":"https:\/\/linkxa.es\/linkshop\/wp-json\/wp\/v2\/types\/product"}],"replies":[{"embeddable":true,"href":"https:\/\/linkxa.es\/linkshop\/wp-json\/wp\/v2\/comments?post=234058"}],"wp:featuredmedia":[{"embeddable":true,"href":"https:\/\/linkxa.es\/linkshop\/wp-json\/wp\/v2\/media\/234581"}],"wp:attachment":[{"href":"https:\/\/linkxa.es\/linkshop\/wp-json\/wp\/v2\/media?parent=234058"}],"wp:term":[{"taxonomy":"product_brand","embeddable":true,"href":"https:\/\/linkxa.es\/linkshop\/wp-json\/wp\/v2\/product_brand?post=234058"},{"taxonomy":"product_cat","embeddable":true,"href":"https:\/\/linkxa.es\/linkshop\/wp-json\/wp\/v2\/product_cat?post=234058"},{"taxonomy":"product_tag","embeddable":true,"href":"https:\/\/linkxa.es\/linkshop\/wp-json\/wp\/v2\/product_tag?post=234058"}],"curies":[{"name":"wp","href":"https:\/\/api.w.org\/{rel}","templated":true}]}}