{"id":234063,"date":"2024-11-24T03:41:10","date_gmt":"2024-11-24T03:41:10","guid":{"rendered":"https:\/\/linkxa.es\/contratacion\/producto\/altavoces-logitech-z313-2-1-25-w\/"},"modified":"2025-08-02T02:27:53","modified_gmt":"2025-08-02T02:27:53","slug":"altavoces-logitech-z313-2-1-25-w","status":"publish","type":"product","link":"https:\/\/linkxa.es\/linkshop\/producto\/altavoces-logitech-z313-2-1-25-w\/","title":{"rendered":"Altavoces logitech z313 2.1 25 w"},"content":{"rendered":"<h3 style=\"text-align: center;\"><strong>Logitech\u00a0 |\u00a0 Altavoces<\/strong><\/h3>\n<p>\u00a0<\/p>\n<p>Pr\u00e1ctica secci\u00f3n de control con cable<br \/>Los controles de volumen y encendido no pueden ser m\u00e1s accesibles.<br \/>Sonido pleno<\/p>\n<p>50 vatios de potencia de pico\/25 vatios RMS ofrecen una gama completa de<br \/>sonido con una ac\u00fastica equilibrada. Graves mejorados a trav\u00e9s del<br \/>compacto subwoofer.<br \/>Disfruta al instante de una experiencia de audio completa.<\/p>\n<p>Una potencia que inundar\u00e1 la habitaci\u00f3n de sonido equilibrado. C\u00f3mo se<br \/>sabe cu\u00e1ntos vatios se necesitan?<br \/>ubwoofer compacto<br \/>El subwoofer compacto de alta excursi\u00f3n no crea problemas de cabida y<br \/>ofrece graves m\u00e1s profundos. Vatio? Obtenga m\u00e1s informaci\u00f3n sobre la<br \/>terminolog\u00eda de audio y lo que significa para usted.<\/p>\n<p>\u00a0<\/p>\n","protected":false},"excerpt":{"rendered":"<p>Altavoces logitech z313  2.1 25 w rms (50w pico)<\/p>\n","protected":false},"featured_media":234064,"comment_status":"closed","ping_status":"open","template":"","meta":{"_et_pb_use_builder":"","_et_pb_old_content":"","_et_gb_content_width":""},"product_brand":[2798],"product_cat":[2822,2799,2058],"product_tag":[2824,2803,2852,2068,2801],"class_list":{"0":"post-234063","1":"product","2":"type-product","3":"status-publish","4":"has-post-thumbnail","6":"product_brand-logitech","7":"product_cat-altavoces","8":"product_cat-altavoces-mp3-y-auriculares","9":"product_cat-dispositivos","10":"product_tag-altavoces","11":"product_tag-altavoces-mp3-y-auriculares","12":"product_tag-altavoces-logitech-z313-2-1-25-w","13":"product_tag-dispositivos","14":"product_tag-logitech","15":"product_shipping_class-2088","16":"pa_canon-digital-incluida-0-e-incluidos","18":"first","19":"instock","20":"taxable","21":"shipping-taxable","22":"purchasable","23":"product-type-simple"},"_links":{"self":[{"href":"https:\/\/linkxa.es\/linkshop\/wp-json\/wp\/v2\/product\/234063","targetHints":{"allow":["GET"]}}],"collection":[{"href":"https:\/\/linkxa.es\/linkshop\/wp-json\/wp\/v2\/product"}],"about":[{"href":"https:\/\/linkxa.es\/linkshop\/wp-json\/wp\/v2\/types\/product"}],"replies":[{"embeddable":true,"href":"https:\/\/linkxa.es\/linkshop\/wp-json\/wp\/v2\/comments?post=234063"}],"wp:featuredmedia":[{"embeddable":true,"href":"https:\/\/linkxa.es\/linkshop\/wp-json\/wp\/v2\/media\/234064"}],"wp:attachment":[{"href":"https:\/\/linkxa.es\/linkshop\/wp-json\/wp\/v2\/media?parent=234063"}],"wp:term":[{"taxonomy":"product_brand","embeddable":true,"href":"https:\/\/linkxa.es\/linkshop\/wp-json\/wp\/v2\/product_brand?post=234063"},{"taxonomy":"product_cat","embeddable":true,"href":"https:\/\/linkxa.es\/linkshop\/wp-json\/wp\/v2\/product_cat?post=234063"},{"taxonomy":"product_tag","embeddable":true,"href":"https:\/\/linkxa.es\/linkshop\/wp-json\/wp\/v2\/product_tag?post=234063"}],"curies":[{"name":"wp","href":"https:\/\/api.w.org\/{rel}","templated":true}]}}