{"id":234079,"date":"2025-07-01T17:41:48","date_gmt":"2025-07-01T17:41:48","guid":{"rendered":"https:\/\/linkxa.es\/contratacion\/producto\/altavoces-de-estudio-phoenix-sonika-50w\/"},"modified":"2025-08-02T02:30:15","modified_gmt":"2025-08-02T02:30:15","slug":"altavoces-de-estudio-phoenix-sonika-50w","status":"publish","type":"product","link":"https:\/\/linkxa.es\/linkshop\/producto\/altavoces-de-estudio-phoenix-sonika-50w\/","title":{"rendered":"Altavoces de estudio phoenix sonika 50w"},"content":{"rendered":"<h3 style=\"text-align: center;\"><strong>Phoenix technologies\u00a0 |\u00a0 Altavoces<\/strong><\/h3>\n<p>\u00a0<\/p>\n<p>Transforma tu cuarto en un estudio con los altavoces Phoenix Sonika. Una nueva experiencia con sonido de alta calidad y una potencia real de 50W. Disfruta de un audio est\u00e9reo excepcional con una relaci\u00f3n calidad-precio inigualable. Con Bluetooth 5.0, conectividad USB, una l\u00ednea RCA y entrada \u00f3ptica, tendr\u00e1s todas las opciones que necesitas para tu configuraci\u00f3n.<br \/>Sonika tambi\u00e9n ofrecen la versatilidad que buscas con modos de sonido personalizados: cine, m\u00fasica o di\u00e1logo, para adaptarse a cualquier ocasi\u00f3n. Adem\u00e1s, con un impresionante SNR de ?80Db y un rango din\u00e1mico que abarca desde 45Hz hasta 20KHz, experimentar\u00e1s cada nota y efecto con una claridad excepcional.<br \/>Pero eso no es todo, nuestro control remoto con ecualizador y ajustes te brinda un control total sobre tu experiencia auditiva. No te conformes con menos, eleva tu experiencia sonora a otro nivel con nuestros altavoces de estudio para ordenador de 50W.<br \/>Renueva tu escritorio con Phoenix Sonika y dota tu setup de un audio y aspecto mejorado.<\/p>\n<p>\u00a0<\/p>\n","protected":false},"excerpt":{"rendered":"<p>Altavoces de estudio phoenix sonika 50w con bluetooth jack usb para ordenador<\/p>\n","protected":false},"featured_media":234080,"comment_status":"closed","ping_status":"open","template":"","meta":{"_et_pb_use_builder":"","_et_pb_old_content":"","_et_gb_content_width":""},"product_brand":[2657],"product_cat":[2822,2799,2058],"product_tag":[2824,2803,2856,2068,2658],"class_list":{"0":"post-234079","1":"product","2":"type-product","3":"status-publish","4":"has-post-thumbnail","6":"product_brand-phoenix-technologies","7":"product_cat-altavoces","8":"product_cat-altavoces-mp3-y-auriculares","9":"product_cat-dispositivos","10":"product_tag-altavoces","11":"product_tag-altavoces-mp3-y-auriculares","12":"product_tag-altavoces-de-estudio-phoenix-sonika-50w","13":"product_tag-dispositivos","14":"product_tag-phoenix-technologies","15":"product_shipping_class-2088","16":"pa_canon-digital-incluida-0-e-incluidos","18":"first","19":"instock","20":"taxable","21":"shipping-taxable","22":"purchasable","23":"product-type-simple"},"_links":{"self":[{"href":"https:\/\/linkxa.es\/linkshop\/wp-json\/wp\/v2\/product\/234079","targetHints":{"allow":["GET"]}}],"collection":[{"href":"https:\/\/linkxa.es\/linkshop\/wp-json\/wp\/v2\/product"}],"about":[{"href":"https:\/\/linkxa.es\/linkshop\/wp-json\/wp\/v2\/types\/product"}],"replies":[{"embeddable":true,"href":"https:\/\/linkxa.es\/linkshop\/wp-json\/wp\/v2\/comments?post=234079"}],"wp:featuredmedia":[{"embeddable":true,"href":"https:\/\/linkxa.es\/linkshop\/wp-json\/wp\/v2\/media\/234080"}],"wp:attachment":[{"href":"https:\/\/linkxa.es\/linkshop\/wp-json\/wp\/v2\/media?parent=234079"}],"wp:term":[{"taxonomy":"product_brand","embeddable":true,"href":"https:\/\/linkxa.es\/linkshop\/wp-json\/wp\/v2\/product_brand?post=234079"},{"taxonomy":"product_cat","embeddable":true,"href":"https:\/\/linkxa.es\/linkshop\/wp-json\/wp\/v2\/product_cat?post=234079"},{"taxonomy":"product_tag","embeddable":true,"href":"https:\/\/linkxa.es\/linkshop\/wp-json\/wp\/v2\/product_tag?post=234079"}],"curies":[{"name":"wp","href":"https:\/\/api.w.org\/{rel}","templated":true}]}}