{"id":234086,"date":"2025-06-07T05:44:11","date_gmt":"2025-06-07T05:44:11","guid":{"rendered":"https:\/\/linkxa.es\/contratacion\/producto\/auriculares-con-microfono-logitech-g432-gaming\/"},"modified":"2025-08-02T02:30:47","modified_gmt":"2025-08-02T02:30:47","slug":"auriculares-con-microfono-logitech-g432-gaming","status":"publish","type":"product","link":"https:\/\/linkxa.es\/linkshop\/producto\/auriculares-con-microfono-logitech-g432-gaming\/","title":{"rendered":"Auriculares con microfono logitech g432 gaming"},"content":{"rendered":"<h3 style=\"text-align: center;\"><strong>Logitech\u00a0 |\u00a0 Auriculares<\/strong><\/h3>\n<p>\u00a0<\/p>\n<p>JUEGA EL JUEGO AL COMPLETO<\/p>\n<p>Con los auriculares G432 para gaming, estar\u00e1s rodeado por el entorno del<br \/>juego.<br \/>Siente la emoci\u00f3n de estar totalmente inmerso en la acci\u00f3n y de que<br \/>siempre te oigan para una experiencia de gaming completa.<br \/>TRANSDUCTORES DE 50 mm Gran sonido, peque\u00f1os detalles<br \/>DTS HEADPHONE:X 2.0 El sonido envolvente de pr\u00f3xima generaci\u00f3n<br \/>MICR\u00d3FONO DE 6 mm Aseg\u00farate de que te reciben alto y claro<br \/>TRANSDUCTORES DE 50 MM<\/p>\n<p>Los grandes transductores de audio de 50 mm producen un sonido<br \/>completamente expansivo para una experiencia de gaming m\u00e1s<br \/>inmersiva. Por fin tus juegos favoritos sonar\u00e1n como se concibieron:<br \/>asombrosamente.<br \/>ASEG\u00daRATE DE QUE TE RECIBEN ALTO Y CLARO<\/p>\n<p>El micr\u00f3fono de 6 mm ampliado y mejorado garantiza que tus compa\u00f1eros<br \/>de escuadr\u00f3n puedan o\u00edrte. La varilla volteable para silenciar te silencia<br \/>cuando no quieres que te oigan y se pliega y se aparta cuando no la<br \/>necesitas.<br \/>DTS Headphone:X 2.0<\/p>\n<p>Sonido envolvente de pr\u00f3xima generaci\u00f3n DTS Headphone:X 2.0, El sonido<br \/>envolvente DTS Headphone:X 2.0 requiere el software para gaming<br \/>Logitech G HUB. con software para gaming Logitech G HUB, te permite o\u00edr a<br \/>los amigos que te acechan por detr\u00e1s, pistas de habilidades especiales y<br \/>entornos inmersivos, todo a tu alrededor. Disfruta de audio 3D que va m\u00e1s<br \/>all\u00e1 de los 7.1 canales que te hace sentirte en el centro de la acci\u00f3n.<br \/>UN PAR DE AURICULARES PARA TODAS LAS PLATAFORMAS<\/p>\n<p>Tus auriculares funcionan con PC o Mac a trav\u00e9s del DAC USB incluido o de<br \/>cable con conector de 3,5 mm, o con consolas de videojuegos incluidas<br \/>PlayStation 4, Xbox One, Nintendo Switch y dispositivos m\u00f3viles a trav\u00e9s<br \/>de cable con conector de 3,5 mm.<br \/>Dise\u00f1o c\u00f3modo y resistente<\/p>\n<p>Todo en estos auriculares es comodidad: Las ligeras copas y diadema de<br \/>piel sint\u00e9tica de lujo se han creado para eliminar la presi\u00f3n en las orejas.<br \/>Las copas giran hasta 90 grados para mayor comodidad. Ajusta el volumen<br \/>c\u00f3moda y r\u00e1pidamente en cualquier plataforma con la rueda de volumen<br \/>montada en copa.<br \/>107 dB SPL\/mW Sensibilidad de audio<br \/>303 gramos Ligeros<br \/>2 metros Cable de audio<br \/>Especificaciones f\u00edsicas<\/p>\n<p>Altura: 172 mm<br \/>Anchura: 81,7 mm<br \/>Profundidad: 182 mm<br \/>Peso: (sin cable): 259 g<br \/>Longitud del cable: 2 m<\/p>\n<p>Especificaciones t\u00e9cnicas<br \/>Auricular<\/p>\n<p>Transductor: 50 mm<br \/>Respuesta de frecuencia: 20 Hz 20 kHz<br \/>Impedancia: 39 ohmios (pasiva), 5 kilohmios (activa)<br \/>Sensibilidad: 107 dB SPL\/mW<\/p>\n<p>Micr\u00f3fono (varilla)<\/p>\n<p>Patr\u00f3n de captaci\u00f3n de micr\u00f3fono: Cardioide (unidireccional)<br \/>Tama\u00f1o: 6 mm<br \/>Respuesta de frecuencia: 100 Hz 20 kHz<\/p>\n<p>Requisitos<\/p>\n<p>Windows 10, Windows 8.1, Windows 7, Mac, Nintendo Switch, PS4,<br \/>Xbox One, tablet o dispositivo m\u00f3vil<br \/>Puerto USB para PC o puerto de audio de 3,5 mm para<br \/>consolas\/dispositivos m\u00f3viles<br \/>Acceso a Internet para instalaci\u00f3n de software Logitech G HUB y DTS<br \/>Headphone:X 7.1<\/p>\n<p>N\u00daMERO DE REFERENCIA (P\/N)<\/p>\n<p>981-000770<\/p>\n<p>INFORMACI\u00d3N DE GARANT\u00cdA<\/p>\n<p>Dos a\u00f1os de garant\u00eda de hardware limitada<\/p>\n<p>\u00a0<\/p>\n","protected":false},"excerpt":{"rendered":"<p>Auriculares con microfono logitech g432 gaming<\/p>\n","protected":false},"featured_media":234087,"comment_status":"closed","ping_status":"open","template":"","meta":{"_et_pb_use_builder":"","_et_pb_old_content":"","_et_gb_content_width":""},"product_brand":[2798],"product_cat":[2799,2800,2058],"product_tag":[2803,2804,2857,2068,2801],"class_list":{"0":"post-234086","1":"product","2":"type-product","3":"status-publish","4":"has-post-thumbnail","6":"product_brand-logitech","7":"product_cat-altavoces-mp3-y-auriculares","8":"product_cat-auriculares","9":"product_cat-dispositivos","10":"product_tag-altavoces-mp3-y-auriculares","11":"product_tag-auriculares","12":"product_tag-auriculares-con-microfono-logitech-g432-gaming","13":"product_tag-dispositivos","14":"product_tag-logitech","15":"product_shipping_class-2088","16":"pa_canon-digital-incluida-0-e-incluidos","18":"first","19":"instock","20":"taxable","21":"shipping-taxable","22":"purchasable","23":"product-type-simple"},"_links":{"self":[{"href":"https:\/\/linkxa.es\/linkshop\/wp-json\/wp\/v2\/product\/234086","targetHints":{"allow":["GET"]}}],"collection":[{"href":"https:\/\/linkxa.es\/linkshop\/wp-json\/wp\/v2\/product"}],"about":[{"href":"https:\/\/linkxa.es\/linkshop\/wp-json\/wp\/v2\/types\/product"}],"replies":[{"embeddable":true,"href":"https:\/\/linkxa.es\/linkshop\/wp-json\/wp\/v2\/comments?post=234086"}],"wp:featuredmedia":[{"embeddable":true,"href":"https:\/\/linkxa.es\/linkshop\/wp-json\/wp\/v2\/media\/234087"}],"wp:attachment":[{"href":"https:\/\/linkxa.es\/linkshop\/wp-json\/wp\/v2\/media?parent=234086"}],"wp:term":[{"taxonomy":"product_brand","embeddable":true,"href":"https:\/\/linkxa.es\/linkshop\/wp-json\/wp\/v2\/product_brand?post=234086"},{"taxonomy":"product_cat","embeddable":true,"href":"https:\/\/linkxa.es\/linkshop\/wp-json\/wp\/v2\/product_cat?post=234086"},{"taxonomy":"product_tag","embeddable":true,"href":"https:\/\/linkxa.es\/linkshop\/wp-json\/wp\/v2\/product_tag?post=234086"}],"curies":[{"name":"wp","href":"https:\/\/api.w.org\/{rel}","templated":true}]}}