{"id":234093,"date":"2025-02-04T17:37:47","date_gmt":"2025-02-04T17:37:47","guid":{"rendered":"https:\/\/linkxa.es\/contratacion\/producto\/auriculares-jabra-evolve2-50-ms-stereo\/"},"modified":"2025-08-02T02:31:39","modified_gmt":"2025-08-02T02:31:39","slug":"auriculares-jabra-evolve2-50-ms-stereo","status":"publish","type":"product","link":"https:\/\/linkxa.es\/linkshop\/producto\/auriculares-jabra-evolve2-50-ms-stereo\/","title":{"rendered":"Auriculares jabra evolve2 50 ms stereo"},"content":{"rendered":"<h3 style=\"text-align: center;\"><strong>Jabra\u00a0 |\u00a0 Auriculares<\/strong><\/h3>\n<p>\u00a0<\/p>\n<p>\u00ab`<br \/>&#8211; GENERAL<br \/>Color: Negro<br \/>Tipo de producto: Auricular cableado USB-A<br \/>Uso recomendado: Componentes electr\u00f3nicos port\u00e1tiles, tel\u00e9fono, ordenador &#8211; comunicaci\u00f3n<br \/>Material de las almohadillas: Cuero sint\u00e9tico, espuma<br \/>Peso: 148.9 g<br \/>Distancia operativa m\u00e1xima: 30 m<br \/>Caracter\u00edsticas generales:<br \/>&#8211; Multipoint Pairing<br \/>&#8211; Indicador LED<br \/>&#8211; Emparejamiento f\u00e1cil<br \/>&#8211; Actualizaciones OTA<br \/>Protecci\u00f3n auditiva: S\u00ed<\/p>\n<p>&#8211; DIMENSIONES<br \/>Altura: 6.5 cm<br \/>Anchura: 19.3 cm<br \/>Profundidad: 17.5 cm<\/p>\n<p>&#8211; ACCESORIOS INCLUIDOS<br \/>Bolso para transporte<\/p>\n<p>&#8211; CABLE<br \/>Detalles de cables: Cable USB &#8211; 1.7 m<\/p>\n<p>&#8211; CUMPLIMIENTO Y CERTIFICACIONES<br \/>Cumplimiento de normas: Plug and Play, G616<br \/>Certificaci\u00f3n de software:<br \/>&#8211; Certificado por Zoom<br \/>&#8211; Certificado para Equipos de Microsoft<br \/>&#8211; Cisco Webex Certified<br \/>&#8211; Certificado por Alcatel-Lucent<br \/>&#8211; Certificado por Unify<br \/>&#8211; Certificado por Google Meet<br \/>&#8211; Certificado por Amazon Chime<\/p>\n<p>&#8211; AUDIO SALIDA<br \/>Modo de salida del sonido: Est\u00e9reo<br \/>Cant. de dispositivos conectables simult\u00e1neamente: 2<br \/>Respuesta de frecuencia: 20 &#8211; 20000 Hz<br \/>Eliminaci\u00f3n activa de ruido: S\u00ed<br \/>Diafragma: 28 mm<br \/>Alimentaci\u00f3n de entrada m\u00e1xima: 30 mW<br \/>Tecnolog\u00eda de conectividad: Cableado<br \/>Factor de forma de los auriculares: En oreja<br \/>Versi\u00f3n Bluetooth: Bluetooth 5.2<br \/>Perfiles Bluetooth:<br \/>&#8211; Perfil de manos libres (HFP)<br \/>&#8211; Perfil de auricular (HSP)<br \/>&#8211; Perfil de puerto de serie (SPP)<br \/>&#8211; Perfil de distribuci\u00f3n de audio avanzado (A2DP)<br \/>&#8211; Perfil de control remoto de audio y v\u00eddeo (AVRCP)<br \/>&#8211; Phonebook Access Profile (PBAP)<br \/>Efectos de sonido:<br \/>&#8211; Power Bass<br \/>&#8211; HD Voice<br \/>Caracter\u00edsticas de audio:<br \/>&#8211; Tecnolog\u00eda SafeTone<br \/>&#8211; Tecnolog\u00eda PeakStop<br \/>&#8211; Jabra Direct<br \/>&#8211; Jabra Xpress<\/p>\n<p>&#8211; CONEXIONES<br \/>Tipo de conector: Auriculares (USB Type-A)<\/p>\n<p>&#8211; MICR\u00d3FONO<br \/>Micr\u00f3fonos incluidos: 4<br \/>Respuesta de frecuencia: 20 &#8211; 10000 Hz<br \/>Sensibilidad: -38 dBV\/Pascal<br \/>Tipo: Boom<br \/>Factor de forma: Micr\u00f3fono de auriculares<\/p>\n<p>&#8211; CONTROL REMOTO<br \/>Controles:<br \/>&#8211; Sin sonido<br \/>&#8211; Volumen<br \/>&#8211; Encendido\/apagado<br \/>&#8211; Busylight<br \/>&#8211; Llamada<br \/>\u00ab`<\/p>\n<p>\u00a0<\/p>\n","protected":false},"excerpt":{"rendered":"<p>Auriculares jabra evolve2 50 ms stereo negro<\/p>\n","protected":false},"featured_media":234094,"comment_status":"closed","ping_status":"open","template":"","meta":{"_et_pb_use_builder":"","_et_pb_old_content":"","_et_gb_content_width":""},"product_brand":[2839],"product_cat":[2799,2800,2058],"product_tag":[2803,2804,2861,2068,2840],"class_list":{"0":"post-234093","1":"product","2":"type-product","3":"status-publish","4":"has-post-thumbnail","6":"product_brand-jabra","7":"product_cat-altavoces-mp3-y-auriculares","8":"product_cat-auriculares","9":"product_cat-dispositivos","10":"product_tag-altavoces-mp3-y-auriculares","11":"product_tag-auriculares","12":"product_tag-auriculares-jabra-evolve2-50-ms-stereo","13":"product_tag-dispositivos","14":"product_tag-jabra","15":"product_shipping_class-2059","16":"pa_canon-digital-incluida-0-e-incluidos","18":"first","19":"instock","20":"taxable","21":"shipping-taxable","22":"purchasable","23":"product-type-simple"},"_links":{"self":[{"href":"https:\/\/linkxa.es\/linkshop\/wp-json\/wp\/v2\/product\/234093","targetHints":{"allow":["GET"]}}],"collection":[{"href":"https:\/\/linkxa.es\/linkshop\/wp-json\/wp\/v2\/product"}],"about":[{"href":"https:\/\/linkxa.es\/linkshop\/wp-json\/wp\/v2\/types\/product"}],"replies":[{"embeddable":true,"href":"https:\/\/linkxa.es\/linkshop\/wp-json\/wp\/v2\/comments?post=234093"}],"wp:featuredmedia":[{"embeddable":true,"href":"https:\/\/linkxa.es\/linkshop\/wp-json\/wp\/v2\/media\/234094"}],"wp:attachment":[{"href":"https:\/\/linkxa.es\/linkshop\/wp-json\/wp\/v2\/media?parent=234093"}],"wp:term":[{"taxonomy":"product_brand","embeddable":true,"href":"https:\/\/linkxa.es\/linkshop\/wp-json\/wp\/v2\/product_brand?post=234093"},{"taxonomy":"product_cat","embeddable":true,"href":"https:\/\/linkxa.es\/linkshop\/wp-json\/wp\/v2\/product_cat?post=234093"},{"taxonomy":"product_tag","embeddable":true,"href":"https:\/\/linkxa.es\/linkshop\/wp-json\/wp\/v2\/product_tag?post=234093"}],"curies":[{"name":"wp","href":"https:\/\/api.w.org\/{rel}","templated":true}]}}