{"id":234097,"date":"2025-06-23T18:56:07","date_gmt":"2025-06-23T18:56:07","guid":{"rendered":"https:\/\/linkxa.es\/contratacion\/producto\/altavoces-logitech-z407-2-1-bluetooth-80w\/"},"modified":"2025-08-02T02:32:05","modified_gmt":"2025-08-02T02:32:05","slug":"altavoces-logitech-z407-2-1-bluetooth-80w","status":"publish","type":"product","link":"https:\/\/linkxa.es\/linkshop\/producto\/altavoces-logitech-z407-2-1-bluetooth-80w\/","title":{"rendered":"Altavoces logitech z407 2.1 bluetooth 80w"},"content":{"rendered":"<h3 style=\"text-align: center;\"><strong>Logitech\u00a0 |\u00a0 Altavoces<\/strong><\/h3>\n<p>\u00a0<\/p>\n<p>M\u00c9TETE DE LLENO EN UN ESTUPENDO SONIDO&#8230; SIN CABLES<\/p>\n<p>80 vatios de potencia y procesamiento de se\u00f1ales digitales (DSP) preciso para<br \/>disfrutar de un sonido vibrante, envolvente, aut\u00e9ntico como la vida misma.<br \/>Percibe con nitidez las notas altas, la potente gama de notas medias y bajas, y<br \/>todos los graves que puedas asimilar.<\/p>\n<p>Gracias al control giratorio inal\u00e1mbrico y los altavoces de dos posiciones,<br \/>controlar\u00e1s el sonido y el estilo. Ajusta los graves y el volumen en toda la sala.<br \/>Coloca los altavoces horizontal o verticalmente. Con\u00e9ctate por Bluetooth, micro<br \/>USB, entrada de 3,5 mm o todos a la vez, y alterna entre ellos. Incluso en toda la<br \/>sala.<\/p>\n<p>INTEGRACI\u00d3N ARM\u00d3NICA DE GRAVES Y CLARIDAD<\/p>\n<p>Los 20 vatios de bajos y DSP proporcionan un agradable equilibrio entre<br \/>profundidad y claridad. El subwoofer con puerto de graves y salida inferior<br \/>agrega ese \u00abboom\u00bb a m\u00fasica, pel\u00edculas y juegos a la vez que mantiene la plenitud<br \/>y nitidez del sonido.<br \/>M\u00c9TETE DE LLENO EN EL JUEGO<\/p>\n<p>Disfruta del sonido vibrante y envolvente de 80 vatios, de n\u00edtidas notas altas a<br \/>potentes notas medias y bajas, sin detrimento de los graves. El DSP, combinado<br \/>con una potencia desbocada, te ofrece un perfil de sonido equilibrado y graves<br \/>mejorados que te permitir\u00e1 escuchar todo el espectro sonoro.<br \/>PULSA. MARCHA<\/p>\n<p>Qu\u00e9 puedes conseguir con 20 metros? Un radio de acci\u00f3n inal\u00e1mbrico de 20<br \/>metros te permite ajustar el sonido en toda la sala, todo desde el control<br \/>giratorio inal\u00e1mbrico. Pulsa y gira para reproducir, pausar, silenciar. La opci\u00f3n<br \/>de 1silencia\/anular silencio funciona cuando te conectas mediante la entrada de<br \/>3,5 mm. Reproducir\/ Pausa\/ Saltar\/ Rebobinar funcionan con una conexi\u00f3n USB o<br \/>Bluetooth. Los controles de audio pueden variar al reproducir algunos<br \/>contenidos EN DIRECTO con USB\/Bluetooth. y ajusta el volumen y los graves.<br \/>Todo desde el control giratorio. Es f\u00e1cil y ni siquiera hace falta levantarse del<br \/>sof\u00e1.<\/p>\n<p>DE ESTE MODO. DE ESE MODO A TU MANERA.<\/p>\n<p>Desp\u00eddete de las formas cuadriculadas. Estos sorprendentes y elegantes<br \/>altavoces ovales en gris grafito se integrar\u00e1n en tu entorno de escritorio sin que<br \/>te des cuenta. Col\u00f3calos vertical u horizontalmente seg\u00fan tus preferencias. Son<br \/>tan compactos que incluso caben detr\u00e1s del monitor para ahorrar espacio.<br \/>Disfruta de un espacio despejado.<br \/>CONEXI\u00d3N DE TRES V\u00cdAS<\/p>\n<p>Libertad de acci\u00f3n. Conecta hasta tres dispositivos a trav\u00e9s de Bluetooth, micro<br \/>USB y la entrada de 3,5 mm. El bot\u00f3n de entrada con cable en la parte inferior<br \/>del control giratorio alterna entre las conexiones con cable (3,5 mm y micro<br \/>USB).<br \/>Vuelve r\u00e1pidamente a Bluetooth pulsando el bot\u00f3n Bluetooth.<\/p>\n<p>Dimensiones<br \/>Altavoz sat\u00e9lite<br \/>Altura: 199.9 mm<br \/>Anchura: 93.9 mm<br \/>Profundidad: 85.2 mm<br \/>Peso: 389.6 g<br \/>Subwoofer<br \/>Altura: 240 mm<br \/>Anchura: 234 mm<br \/>Profundidad: 180 mm<br \/>Peso: 2450.6 g<br \/>Control giratorio inal\u00e1mbrico<br \/>Di\u00e1metro: 69.9 mm<br \/>Altura: 29.4 mm<br \/>Peso: 51.8 g<br \/>Requisitos del sistema<br \/>Funcionan con ordenadores Windows, Mac o Chrome a trav\u00e9s de AUX,<br \/>USB-A, Bluetooth y dispositivos iOS o Android con Bluetooth.<br \/>Especificaciones t\u00e9cnicas<br \/>Total de vatios (pico): 80W<br \/>Total de vatios reales (RMS): 40W<br \/>Subwoofer: 20W<br \/>Altavoces sat\u00e9lite: 2 x 10W<br \/>Entrada de 3,5 mm: 1<br \/>Cable micro USB: 1<br \/>Bluetooth: 5.0<br \/>Controles: Botones de alimentaci\u00f3n, volumen, control de graves, silenciar,<br \/>anulaci\u00f3n de silencio, avance de pistas, rebobinado, acoplamiento Bluetooth,<br \/>cambio de fuente, etc., en control inal\u00e1mbrico.<br \/>Funciones adicionales<br \/>Radio de acci\u00f3n inal\u00e1mbrico de 20 metros 2El radio de acci\u00f3n inal\u00e1mbrico<br \/>depende de las condiciones ambientales.<br \/>Duraci\u00f3n de pilas de 12 meses (2 pilas AAA incluidas) 3Basada en 16 usos<br \/>diarios del control giratorio, cada uno de ellos con una pulsaci\u00f3n o un giro<br \/>normal. La duraci\u00f3n real de las bater\u00edas depender\u00e1 del uso, la configuraci\u00f3n y<br \/>las condiciones ambientales.<br \/>Contenido de la caja<br \/>Dos altavoces sat\u00e9lite<br \/>Subwoofer<br \/>Cable de 3,5 mm<br \/>Documentaci\u00f3n del usuario<br \/>*El cable USB no se incluye. Debe adquirirse por separado.<\/p>\n<p>\u00a0<\/p>\n","protected":false},"excerpt":{"rendered":"<p>Altavoces logitech z407 2.1 bluetooth 80w<\/p>\n","protected":false},"featured_media":234098,"comment_status":"closed","ping_status":"open","template":"","meta":{"_et_pb_use_builder":"","_et_pb_old_content":"","_et_gb_content_width":""},"product_brand":[2798],"product_cat":[2822,2799,2058],"product_tag":[2824,2803,2862,2068,2801],"class_list":{"0":"post-234097","1":"product","2":"type-product","3":"status-publish","4":"has-post-thumbnail","6":"product_brand-logitech","7":"product_cat-altavoces","8":"product_cat-altavoces-mp3-y-auriculares","9":"product_cat-dispositivos","10":"product_tag-altavoces","11":"product_tag-altavoces-mp3-y-auriculares","12":"product_tag-altavoces-logitech-z407-2-1-bluetooth-80w","13":"product_tag-dispositivos","14":"product_tag-logitech","15":"product_shipping_class-2088","16":"pa_canon-digital-incluida-0-e-incluidos","18":"first","19":"instock","20":"taxable","21":"shipping-taxable","22":"purchasable","23":"product-type-simple"},"_links":{"self":[{"href":"https:\/\/linkxa.es\/linkshop\/wp-json\/wp\/v2\/product\/234097","targetHints":{"allow":["GET"]}}],"collection":[{"href":"https:\/\/linkxa.es\/linkshop\/wp-json\/wp\/v2\/product"}],"about":[{"href":"https:\/\/linkxa.es\/linkshop\/wp-json\/wp\/v2\/types\/product"}],"replies":[{"embeddable":true,"href":"https:\/\/linkxa.es\/linkshop\/wp-json\/wp\/v2\/comments?post=234097"}],"wp:featuredmedia":[{"embeddable":true,"href":"https:\/\/linkxa.es\/linkshop\/wp-json\/wp\/v2\/media\/234098"}],"wp:attachment":[{"href":"https:\/\/linkxa.es\/linkshop\/wp-json\/wp\/v2\/media?parent=234097"}],"wp:term":[{"taxonomy":"product_brand","embeddable":true,"href":"https:\/\/linkxa.es\/linkshop\/wp-json\/wp\/v2\/product_brand?post=234097"},{"taxonomy":"product_cat","embeddable":true,"href":"https:\/\/linkxa.es\/linkshop\/wp-json\/wp\/v2\/product_cat?post=234097"},{"taxonomy":"product_tag","embeddable":true,"href":"https:\/\/linkxa.es\/linkshop\/wp-json\/wp\/v2\/product_tag?post=234097"}],"curies":[{"name":"wp","href":"https:\/\/api.w.org\/{rel}","templated":true}]}}