{"id":234099,"date":"2025-04-12T07:48:58","date_gmt":"2025-04-12T07:48:58","guid":{"rendered":"https:\/\/linkxa.es\/contratacion\/producto\/altavoces-pc-ordenador-de-estudio-phoenix\/"},"modified":"2025-08-02T02:32:34","modified_gmt":"2025-08-02T02:32:34","slug":"altavoces-pc-ordenador-de-estudio-phoenix","status":"publish","type":"product","link":"https:\/\/linkxa.es\/linkshop\/producto\/altavoces-pc-ordenador-de-estudio-phoenix\/","title":{"rendered":"Altavoces pc ordenador de estudio phoenix"},"content":{"rendered":"<h3 style=\"text-align: center;\"><strong>Phoenix technologies\u00a0 |\u00a0 Altavoces<\/strong><\/h3>\n<p>\u00a0<\/p>\n<p>Experimenta el sonido de alta fidelidad en su m\u00e1xima expresi\u00f3n con nuestros altavoces de estudio para ordenador Phoenix Serenade de 60W. Fabricados en madera con un dise\u00f1o elegante, estos potentes altavoces est\u00e9reo no solo te brindan una calidad de sonido excepcional, sino que tambi\u00e9n ofrecen una conectividad inigualable con Bluetooth 5.0, 2 l\u00edneas RCA, USB y conexi\u00f3n \u00f3ptica.<br \/>\u00bfQu\u00e9 hace que estos altavoces sean realmente especiales? \u00a1Su versatilidad! Con modos de cine, m\u00fasica y di\u00e1logo, podr\u00e1s adaptar tu experiencia auditiva a cualquier situaci\u00f3n. Ya sea que est\u00e9s viendo una pel\u00edcula, escuchando m\u00fasica o manteniendo una conversaci\u00f3n, estos altavoces est\u00e1n dise\u00f1ados para ofrecer un sonido excepcional en cada momento.<br \/>Adem\u00e1s, la calidad de audio es insuperable, con una relaci\u00f3n se\u00f1al\/ruido (SNR) de ?80dB y un impresionante rango din\u00e1mico que abarca desde 20Hz a 18kHz. Esto significa que no te perder\u00e1s ning\u00fan detalle de tu contenido favorito.<br \/>La atenci\u00f3n al detalle es esencial, y estos altavoces lo demuestran con su malla de tela desmontable que aten\u00faa las frecuencias no deseadas. \u00a1Y eso no es todo! El control remoto y el panel de control te permiten ajustar el volumen, los bajos y los agudos a tu gusto.<br \/>Experimenta la potencia, la precisi\u00f3n y la versatilidad en un solo dispositivo. Eleva tu experiencia auditiva a un nivel superior con Phoenix Serenade los altavoces de estudio para ordenador de 60W que har\u00e1n de tus experiencias musicales un momento \u00fanico. \u00a1No pierdas la oportunidad de disfrutar de un sonido excepcional en cada momento!<\/p>\n<p>\u00a0<\/p>\n","protected":false},"excerpt":{"rendered":"<p>Altavoces pc ordenador de estudio phoenix serenade 60w rms usb bluetooth optico jack rca<\/p>\n","protected":false},"featured_media":234100,"comment_status":"closed","ping_status":"open","template":"","meta":{"_et_pb_use_builder":"","_et_pb_old_content":"","_et_gb_content_width":""},"product_brand":[2657],"product_cat":[2822,2799,2058],"product_tag":[2824,2803,2863,2068,2658],"class_list":{"0":"post-234099","1":"product","2":"type-product","3":"status-publish","4":"has-post-thumbnail","6":"product_brand-phoenix-technologies","7":"product_cat-altavoces","8":"product_cat-altavoces-mp3-y-auriculares","9":"product_cat-dispositivos","10":"product_tag-altavoces","11":"product_tag-altavoces-mp3-y-auriculares","12":"product_tag-altavoces-pc-ordenador-de-estudio-phoenix","13":"product_tag-dispositivos","14":"product_tag-phoenix-technologies","15":"product_shipping_class-2088","16":"pa_canon-digital-incluida-0-e-incluidos","18":"first","19":"instock","20":"taxable","21":"shipping-taxable","22":"purchasable","23":"product-type-simple"},"_links":{"self":[{"href":"https:\/\/linkxa.es\/linkshop\/wp-json\/wp\/v2\/product\/234099","targetHints":{"allow":["GET"]}}],"collection":[{"href":"https:\/\/linkxa.es\/linkshop\/wp-json\/wp\/v2\/product"}],"about":[{"href":"https:\/\/linkxa.es\/linkshop\/wp-json\/wp\/v2\/types\/product"}],"replies":[{"embeddable":true,"href":"https:\/\/linkxa.es\/linkshop\/wp-json\/wp\/v2\/comments?post=234099"}],"wp:featuredmedia":[{"embeddable":true,"href":"https:\/\/linkxa.es\/linkshop\/wp-json\/wp\/v2\/media\/234100"}],"wp:attachment":[{"href":"https:\/\/linkxa.es\/linkshop\/wp-json\/wp\/v2\/media?parent=234099"}],"wp:term":[{"taxonomy":"product_brand","embeddable":true,"href":"https:\/\/linkxa.es\/linkshop\/wp-json\/wp\/v2\/product_brand?post=234099"},{"taxonomy":"product_cat","embeddable":true,"href":"https:\/\/linkxa.es\/linkshop\/wp-json\/wp\/v2\/product_cat?post=234099"},{"taxonomy":"product_tag","embeddable":true,"href":"https:\/\/linkxa.es\/linkshop\/wp-json\/wp\/v2\/product_tag?post=234099"}],"curies":[{"name":"wp","href":"https:\/\/api.w.org\/{rel}","templated":true}]}}