{"id":234109,"date":"2025-05-22T18:12:48","date_gmt":"2025-05-22T18:12:48","guid":{"rendered":"https:\/\/linkxa.es\/contratacion\/producto\/altavoces-logitech-z207-bluetooth-blanco\/"},"modified":"2025-08-02T02:33:05","modified_gmt":"2025-08-02T02:33:05","slug":"altavoces-logitech-z207-bluetooth-blanco","status":"publish","type":"product","link":"https:\/\/linkxa.es\/linkshop\/producto\/altavoces-logitech-z207-bluetooth-blanco\/","title":{"rendered":"Altavoces logitech z207 bluetooth blanco"},"content":{"rendered":"<h3 style=\"text-align: center;\"><strong>Logitech\u00a0 |\u00a0 Altavoces<\/strong><\/h3>\n<p>\u00a0<\/p>\n<p>Sonido est\u00e9reo detallado en el escritorio<\/p>\n<p>Escucha de forma inal\u00e1mbrica desde dispositivos Bluetooth, como tu<br \/>smartphone o tablet, o conecta un dispositivo, como tu ordenador, con una<br \/>conexi\u00f3n con cable, y alterna f\u00e1cilmente entre ambas conexiones para ver<br \/>v\u00eddeos y escuchar m\u00fasica.<br \/>Caracter\u00edsticas principales<br \/>Configuraci\u00f3n vers\u00e1til<\/p>\n<p>Haz streaming de audio sin cables desde dispositivos Bluetooth o conecta un<br \/>dispositivo a trav\u00e9s de la entrada de 3,5 mm. La tecnolog\u00eda Logitech Easy-<br \/>Switch te permite alternar f\u00e1cilmente entre fuentes de audio. Basta con poner<br \/>en pausa el audio en una y pulsar reproducir en la otra.<br \/>Sonido est\u00e9reo detallado<\/p>\n<p>La potencia de 5 vatios RMS\/10 vatios de pico ofrece un sonido intenso del<br \/>dise\u00f1o de cuatro transductores. Dos transductores crean el equilibrio perfecto<br \/>entre los tonos medios y agudos, mientras que los dos radiadores pasivos<br \/>producen los graves.<br \/>Facilidad de uso<\/p>\n<p>Accede f\u00e1cilmente al bot\u00f3n de emparejamiento Bluetooth, encendido, volumen<br \/>y la toma de auriculares situados en el altavoz derecho.<br \/>Especificaciones y detalles<\/p>\n<p>Dimensiones<br \/>Altura x Anchura x Profundidad:<br \/>241 mm x 90 mm x 124 mm<br \/>Peso: 0.99 KG<br \/>Requisitos del sistema<br \/>Funciona con dispositivos Bluetooth y cualquier dispositivo con una<br \/>entrada de 3,5 mm:<br \/>Televisor<br \/>Ordenador<br \/>Smartphone<br \/>Tablet<br \/>Reproductor de m\u00fasica<br \/>Especificaciones<br \/>Total de vatios (pico): 10 W<\/p>\n<p>Total de vatios reales (RMS): 5 W<\/p>\n<p>Bluetooth: 4.1<\/p>\n<p>Fiable radio de acci\u00f3n de 20 metros con l\u00ednea de visi\u00f3n directa<\/p>\n<p>Entrada de 3,5 mm: 1<\/p>\n<p>Toma de auriculares: 1<\/p>\n<p>Emparejamiento Bluetooth y controles de volumen situados en la parte<br \/>frontal del altavoz derecho<br \/>Contenido de la caja<\/p>\n<p>Dos altavoces<br \/>Cable de audio de 3,5 mm<br \/>Documentaci\u00f3n del usuario<br \/>Informaci\u00f3n de garant\u00eda<\/p>\n<p>Dos a\u00f1os de garant\u00eda de hardware limitada<br \/>N\u00famero de referencia<\/p>\n<p>Blanco: N\u00ba de referencia: 980-001292<\/p>\n<p>\u00a0<\/p>\n","protected":false},"excerpt":{"rendered":"<p>Altavoces logitech z207 bluetooth blanco<\/p>\n","protected":false},"featured_media":234110,"comment_status":"closed","ping_status":"open","template":"","meta":{"_et_pb_use_builder":"","_et_pb_old_content":"","_et_gb_content_width":""},"product_brand":[2798],"product_cat":[2822,2799,2058],"product_tag":[2824,2803,2864,2068,2801],"class_list":{"0":"post-234109","1":"product","2":"type-product","3":"status-publish","4":"has-post-thumbnail","6":"product_brand-logitech","7":"product_cat-altavoces","8":"product_cat-altavoces-mp3-y-auriculares","9":"product_cat-dispositivos","10":"product_tag-altavoces","11":"product_tag-altavoces-mp3-y-auriculares","12":"product_tag-altavoces-logitech-z207-bluetooth-blanco","13":"product_tag-dispositivos","14":"product_tag-logitech","15":"product_shipping_class-2088","16":"pa_canon-digital-incluida-0-e-incluidos","18":"first","19":"instock","20":"taxable","21":"shipping-taxable","22":"purchasable","23":"product-type-simple"},"_links":{"self":[{"href":"https:\/\/linkxa.es\/linkshop\/wp-json\/wp\/v2\/product\/234109","targetHints":{"allow":["GET"]}}],"collection":[{"href":"https:\/\/linkxa.es\/linkshop\/wp-json\/wp\/v2\/product"}],"about":[{"href":"https:\/\/linkxa.es\/linkshop\/wp-json\/wp\/v2\/types\/product"}],"replies":[{"embeddable":true,"href":"https:\/\/linkxa.es\/linkshop\/wp-json\/wp\/v2\/comments?post=234109"}],"wp:featuredmedia":[{"embeddable":true,"href":"https:\/\/linkxa.es\/linkshop\/wp-json\/wp\/v2\/media\/234110"}],"wp:attachment":[{"href":"https:\/\/linkxa.es\/linkshop\/wp-json\/wp\/v2\/media?parent=234109"}],"wp:term":[{"taxonomy":"product_brand","embeddable":true,"href":"https:\/\/linkxa.es\/linkshop\/wp-json\/wp\/v2\/product_brand?post=234109"},{"taxonomy":"product_cat","embeddable":true,"href":"https:\/\/linkxa.es\/linkshop\/wp-json\/wp\/v2\/product_cat?post=234109"},{"taxonomy":"product_tag","embeddable":true,"href":"https:\/\/linkxa.es\/linkshop\/wp-json\/wp\/v2\/product_tag?post=234109"}],"curies":[{"name":"wp","href":"https:\/\/api.w.org\/{rel}","templated":true}]}}