{"id":234116,"date":"2025-05-23T11:13:13","date_gmt":"2025-05-23T11:13:13","guid":{"rendered":"https:\/\/linkxa.es\/contratacion\/producto\/auriculares-poly-voyager-focus-2-usb-c-c\/"},"modified":"2025-08-02T02:33:59","modified_gmt":"2025-08-02T02:33:59","slug":"auriculares-poly-voyager-focus-2-usb-c-c","status":"publish","type":"product","link":"https:\/\/linkxa.es\/linkshop\/producto\/auriculares-poly-voyager-focus-2-usb-c-c\/","title":{"rendered":"Auriculares poly voyager focus 2 usb &#8211; c &#8211; c"},"content":{"rendered":"<h3 style=\"text-align: center;\"><strong>Poly\u00a0 |\u00a0 Auriculares<\/strong><\/h3>\n<p>\u00a0<\/p>\n<p>Poly Voyager Focus 2 &#8211; Auricular &#8211; en oreja &#8211; Bluetooth &#8211; inal\u00e1mbrico &#8211; cancelaci\u00f3n de sonido activo &#8211; USB-C a trav\u00e9s de adaptador Bluetooth &#8211; negro &#8211; Certificado para Equipos de Microsoft, Certificado por Zoom<\/p>\n<p>Descripci\u00f3n del producto<br \/>Poly Voyager Focus 2 &#8211; auricular<\/p>\n<p>Tipo de producto<br \/>Auricular &#8211; Bluetooth &#8211; inal\u00e1mbrico &#8211; USB-C a trav\u00e9s de adaptador Bluetooth<\/p>\n<p>Uso recomendado<br \/>Tel\u00e9fono, ordenador<\/p>\n<p>Color<br \/>Negro<\/p>\n<p>Factor de forma de los auriculares<br \/>En oreja<\/p>\n<p>Tecnolog\u00eda de conectividad<br \/>Inal\u00e1mbrico<\/p>\n<p>Tecnolog\u00eda inal\u00e1mbrica<br \/>Bluetooth<\/p>\n<p>Versi\u00f3n Bluetooth<br \/>Bluetooth 5.1<\/p>\n<p>Modo de salida del sonido<br \/>Est\u00e9reo<\/p>\n<p>Eliminaci\u00f3n activa de ruido<br \/>S\u00ed<\/p>\n<p>Tipo de micr\u00f3fono<br \/>Boom<\/p>\n<p>Modo de operaci\u00f3n del micr\u00f3fono<br \/>Omnidireccional x 4<\/p>\n<p>Micr\u00f3fonos incluidos<br \/>6<\/p>\n<p>Controles<br \/>Sin sonido, volumen, encendido\/apagado, responder\/finalizar, modo ANC<\/p>\n<p>Asistente inteligente<br \/>Siri, Asistente de Google<\/p>\n<p>Certificaci\u00f3n de software<br \/>Certificado para Equipos de Microsoft, Certificado por Zoom<\/p>\n<p>Garant\u00eda del fabricante<br \/>2 a\u00f1os de garant\u00eda<\/p>\n<p><\/p>\n<p>\u00a0<\/p>\n","protected":false},"excerpt":{"rendered":"<p>Auriculares poly voyager focus 2 usb &#8211; c &#8211; c con certificaci\u00f3n microsoft teams + adaptador usb &#8211; c &#8211; a + base de carga<\/p>\n","protected":false},"featured_media":234117,"comment_status":"closed","ping_status":"open","template":"","meta":{"_et_pb_use_builder":"","_et_pb_old_content":"","_et_gb_content_width":""},"product_brand":[2858],"product_cat":[2799,2800,2058],"product_tag":[2803,2804,2866,2068,2859],"class_list":{"0":"post-234116","1":"product","2":"type-product","3":"status-publish","4":"has-post-thumbnail","6":"product_brand-poly","7":"product_cat-altavoces-mp3-y-auriculares","8":"product_cat-auriculares","9":"product_cat-dispositivos","10":"product_tag-altavoces-mp3-y-auriculares","11":"product_tag-auriculares","12":"product_tag-auriculares-poly-voyager-focus-2-usb-c-c","13":"product_tag-dispositivos","14":"product_tag-poly","15":"product_shipping_class-2059","16":"pa_canon-digital-incluida-0-e-incluidos","18":"first","19":"instock","20":"taxable","21":"shipping-taxable","22":"purchasable","23":"product-type-simple"},"_links":{"self":[{"href":"https:\/\/linkxa.es\/linkshop\/wp-json\/wp\/v2\/product\/234116","targetHints":{"allow":["GET"]}}],"collection":[{"href":"https:\/\/linkxa.es\/linkshop\/wp-json\/wp\/v2\/product"}],"about":[{"href":"https:\/\/linkxa.es\/linkshop\/wp-json\/wp\/v2\/types\/product"}],"replies":[{"embeddable":true,"href":"https:\/\/linkxa.es\/linkshop\/wp-json\/wp\/v2\/comments?post=234116"}],"wp:featuredmedia":[{"embeddable":true,"href":"https:\/\/linkxa.es\/linkshop\/wp-json\/wp\/v2\/media\/234117"}],"wp:attachment":[{"href":"https:\/\/linkxa.es\/linkshop\/wp-json\/wp\/v2\/media?parent=234116"}],"wp:term":[{"taxonomy":"product_brand","embeddable":true,"href":"https:\/\/linkxa.es\/linkshop\/wp-json\/wp\/v2\/product_brand?post=234116"},{"taxonomy":"product_cat","embeddable":true,"href":"https:\/\/linkxa.es\/linkshop\/wp-json\/wp\/v2\/product_cat?post=234116"},{"taxonomy":"product_tag","embeddable":true,"href":"https:\/\/linkxa.es\/linkshop\/wp-json\/wp\/v2\/product_tag?post=234116"}],"curies":[{"name":"wp","href":"https:\/\/api.w.org\/{rel}","templated":true}]}}