{"id":234136,"date":"2024-12-09T07:25:15","date_gmt":"2024-12-09T07:25:15","guid":{"rendered":"https:\/\/linkxa.es\/contratacion\/producto\/auriculares-natec-bear-2-nsl-1178-con\/"},"modified":"2025-08-02T02:36:21","modified_gmt":"2025-08-02T02:36:21","slug":"auriculares-natec-bear-2-nsl-1178-con","status":"publish","type":"product","link":"https:\/\/linkxa.es\/linkshop\/producto\/auriculares-natec-bear-2-nsl-1178-con\/","title":{"rendered":"Auriculares natec bear 2 nsl &#8211; 1178 con"},"content":{"rendered":"<h3 style=\"text-align: center;\"><strong>Natec\u00a0 |\u00a0 Auriculares<\/strong><\/h3>\n<p>\u00a0<\/p>\n<p>Auriculares<br \/>Audifonos<br \/>Circumaural<br \/>Frecuencia de auricular<br \/>20 &#8211; 20000 Hz<br \/>Obstrucci\u00f3n<br \/>32 O<br \/>Reducci\u00f3n de ruido<br \/>Si<br \/>Sensibilidad de auricular<br \/>102 dB<br \/>Sistema ac\u00fastico<br \/>Cerrado<br \/>Tipo de im\u00e1n<br \/>Neodimio<br \/>Tipo de controlador<br \/>Din\u00e1mico<br \/>Tipo de reducci\u00f3n de ruido<br \/>Pasivo<br \/>Unidad de disco<br \/>4 cm<br \/>Micr\u00f3fono<br \/>Efecto de cancelaci\u00f3n de ruido<br \/>Si<br \/>Frecuencia de micr\u00f3fono<br \/>50 &#8211; 15000 Hz<br \/>Micr\u00f3fono plegable<br \/>Si<br \/>Micr\u00f3fono extra\u00edble<br \/>No<br \/>Sensibilidad de micr\u00f3fono<br \/>-48 dB<br \/>Tipo de micr\u00f3fono<br \/>Integrado<br \/>n\u00famero de micr\u00f3fonos<br \/>1<br \/>Bater\u00eda<br \/>Bater\u00eda<br \/>No<\/p>\n<p>Puertos e Interfaces<br \/>2 conectores de 3,5 mm<br \/>Si<br \/>Conector de 3,5 mm<br \/>No<br \/>Conector de 6,5 mm<br \/>No<br \/>Bluetooth<br \/>No<br \/>Conexi\u00f3n USB<br \/>No<br \/>Micr\u00f3fono, jack de entrada<br \/>Si<br \/>Tecnolog\u00eda de conectividad<br \/>Al\u00e1mbrico<br \/>Desempe\u00f1o<br \/>Cable extra\u00edble<br \/>No<br \/>Color del producto<br \/>Negro<br \/>Color del cable<br \/>Negro<br \/>Control de volumen<br \/>Giratorio<br \/>Dise\u00f1ado para ni\u00f1os<br \/>No<br \/>Estilo de uso<br \/>Diadema<br \/>Longitud de cable<br \/>1,8 m<br \/>Plegable<br \/>No<br \/>Teclas de funcionamiento<br \/>Volume +, Volume &#8211;<br \/>Tipo de producto<br \/>Auriculares<br \/>Tipo de auricular<br \/>Binaural<br \/>Tipo de controles<br \/>Caja de control en cable<br \/>Tipo de control<br \/>Giratorio<br \/>Contenido del embalaje<br \/>Cantidad<br \/>1<br \/>Gu\u00eda de configuraci\u00f3n r\u00e1pida<br \/>Si<\/p>\n<p>\u00a0<\/p>\n","protected":false},"excerpt":{"rendered":"<p>Auriculares natec bear 2 nsl &#8211; 1178 con microfono negros<\/p>\n","protected":false},"featured_media":234137,"comment_status":"closed","ping_status":"open","template":"","meta":{"_et_pb_use_builder":"","_et_pb_old_content":"","_et_gb_content_width":""},"product_brand":[2873],"product_cat":[2799,2800,2058],"product_tag":[2803,2804,2875,2068,2874],"class_list":{"0":"post-234136","1":"product","2":"type-product","3":"status-publish","4":"has-post-thumbnail","6":"product_brand-natec","7":"product_cat-altavoces-mp3-y-auriculares","8":"product_cat-auriculares","9":"product_cat-dispositivos","10":"product_tag-altavoces-mp3-y-auriculares","11":"product_tag-auriculares","12":"product_tag-auriculares-natec-bear-2-nsl-1178-con","13":"product_tag-dispositivos","14":"product_tag-natec","15":"product_shipping_class-2059","16":"pa_canon-digital-incluida-0-e-incluidos","18":"first","19":"instock","20":"taxable","21":"shipping-taxable","22":"purchasable","23":"product-type-simple"},"_links":{"self":[{"href":"https:\/\/linkxa.es\/linkshop\/wp-json\/wp\/v2\/product\/234136","targetHints":{"allow":["GET"]}}],"collection":[{"href":"https:\/\/linkxa.es\/linkshop\/wp-json\/wp\/v2\/product"}],"about":[{"href":"https:\/\/linkxa.es\/linkshop\/wp-json\/wp\/v2\/types\/product"}],"replies":[{"embeddable":true,"href":"https:\/\/linkxa.es\/linkshop\/wp-json\/wp\/v2\/comments?post=234136"}],"wp:featuredmedia":[{"embeddable":true,"href":"https:\/\/linkxa.es\/linkshop\/wp-json\/wp\/v2\/media\/234137"}],"wp:attachment":[{"href":"https:\/\/linkxa.es\/linkshop\/wp-json\/wp\/v2\/media?parent=234136"}],"wp:term":[{"taxonomy":"product_brand","embeddable":true,"href":"https:\/\/linkxa.es\/linkshop\/wp-json\/wp\/v2\/product_brand?post=234136"},{"taxonomy":"product_cat","embeddable":true,"href":"https:\/\/linkxa.es\/linkshop\/wp-json\/wp\/v2\/product_cat?post=234136"},{"taxonomy":"product_tag","embeddable":true,"href":"https:\/\/linkxa.es\/linkshop\/wp-json\/wp\/v2\/product_tag?post=234136"}],"curies":[{"name":"wp","href":"https:\/\/api.w.org\/{rel}","templated":true}]}}