{"id":234143,"date":"2025-04-04T00:22:14","date_gmt":"2025-04-04T00:22:14","guid":{"rendered":"https:\/\/linkxa.es\/contratacion\/producto\/auriculares-micro-energy-sistem-wireless-s2\/"},"modified":"2025-08-02T02:37:34","modified_gmt":"2025-08-02T02:37:34","slug":"auriculares-micro-energy-sistem-wireless-s2","status":"publish","type":"product","link":"https:\/\/linkxa.es\/linkshop\/producto\/auriculares-micro-energy-sistem-wireless-s2\/","title":{"rendered":"Auriculares micro energy sistem wireless s2"},"content":{"rendered":"<h3 style=\"text-align: center;\"><strong>Energy sistem\u00a0 |\u00a0 Auriculares<\/strong><\/h3>\n<p>\u00a0<\/p>\n<p>Earphones True Wireless Style 2 Graphite, 20 h de m\u00fasica con Deep Bass,<br \/>los auriculares que aguantan tu ritmo.<\/p>\n<p>Auriculares True Wireless con 20 horas de autonom\u00eda total gracias al<br \/>Bluetooth 5.0.<br \/>Disfruta del sonido m\u00e1s contundente con Deep Bass. Con estuche de carga<br \/>compacto para llevarlos a cualquier sitio. Llamadas en stereo. Conector de<br \/>carga USB Tipo C.<br \/>Caracter\u00edsticas<\/p>\n<p>Vibra con cada canci\u00f3n Auriculares True Wireless con graves profundos<br \/>y contundentes (Deep Bass) que te har\u00e1n vibrar al ritmo de tus temas<br \/>preferidos.<br \/>Reproduce la m\u00fasica sin perderte ning\u00fan detalle.<br \/>M\u00e1s libertad sin cables Los cascos inal\u00e1mbricos Style 2 se sincronizan<br \/>autom\u00e1ticamente y te ofrecen un control m\u00e1ximo de la reproducci\u00f3n en<br \/>cada momento. \u00a1Disfruta de una experiencia totalmente true Wireless!<br \/>Tambi\u00e9n mientras est\u00e1s en casa: gracias a la tecnolog\u00eda Bluetooth 5.0,<br \/>puedes conectar los auriculares a tu smartphone con hasta 20 metros de<br \/>alcance.<br \/>M\u00fasica non-stop M\u00e1s m\u00fasica, m\u00e1s diversi\u00f3n. Los auriculares True<br \/>Wireless Style 2 siguen tu ritmo en cada momento, con hasta 20 horas de<br \/>autonom\u00eda (5 por cada carga y 15 horas adicionales en el charging case).<br \/>Dise\u00f1o intrauditivo con un estuche de carga compacto que ocupa muy poco<br \/>espacio. \u00a1Ll\u00e9valos contigo a cualquier sitio! Sin ruido en tus llamadas El<br \/>micr\u00f3fono que incorporan los auriculares manos libres Style 2 te permite<br \/>realizar llamadas en est\u00e9reo, con la mejor calidad de sonido.<br \/>Olv\u00eddate de los molestos ruidos mientras hablas y disfruta con la misma<br \/>comodidad de tus conversaciones y de tu m\u00fasica.<\/p>\n<p>Especificaciones<\/p>\n<p>Desempe\u00f1o<br \/>Tipo de producto: Auriculares<br \/>Estilo de uso: Dentro de o\u00eddo<br \/>Uso recomendado: Calls\/Music<br \/>Tipo de auricular: Binaural<br \/>Color del producto: Negro<br \/>Nombre del color: Graphite<br \/>Funciona con el Asistente de Google: Si<br \/>Funciona con Apple Siri: Si<\/p>\n<p>Puertos e Interfaces<br \/>Tecnolog\u00eda de conectividad: True Wireless Stereo (TWS)<br \/>Bluetooth: Si<br \/>Perfiles de Bluetooth: A2DP,AVRCP,HFP,HSP<br \/>Versi\u00f3n de Bluetooth: 5.0<br \/>Frecuencia de banda: 2.4 GHz<br \/>Alcance inal\u00e1mbrico: 20 m<\/p>\n<p>Auriculares<br \/>Potencia m\u00e1xima de entrada: 5 mW<br \/>Audifonos: Intraaural<br \/>Unidad de disco: 8 mm<br \/>Tipo de controlador: Din\u00e1mico<\/p>\n<p>Micr\u00f3fono<br \/>Tipo de micr\u00f3fono: Integrado<br \/>Frecuencia de micr\u00f3fono: 10 &#8211; 10000 Hz<br \/>Sensibilidad de micr\u00f3fono: -42 dB<br \/>Efecto de cancelaci\u00f3n de ruido: Si<\/p>\n<p>Bater\u00eda<br \/>Bater\u00eda: Si<br \/>Tipo de bater\u00eda: Bater\u00eda integrada<br \/>Tecnolog\u00eda de bater\u00eda: Pol\u00edmero de litio<br \/>Capacidad de bater\u00eda de auricular derecho: 30 mAh<br \/>Capacidad de bater\u00eda de auricular izquierdo: 30 mAh<br \/>Tiempo continuo de reproducci\u00f3n de audio: 5 h<br \/>Autonom\u00eda en reproducci\u00f3n continua de audio (con estuche de carga):<br \/>15 h Tecnolog\u00eda de la bater\u00eda (estuche de carga): I\u00f3n de litio<br \/>Capacidad de la bater\u00eda (estuche de carga): 300 mAh<\/p>\n<p>Reproductor de m\u00fasica<br \/>Formatos de audio soportados: AAC,SBC<\/p>\n<p>Peso y dimensiones<br \/>Ancho: 17 mm<br \/>Altura: 32 mm<br \/>Peso: 6 g<br \/>Estuche de carga: 34 g<\/p>\n<p>Contenido del embalaje<br \/>Tipo de estuche de carga: Al\u00e1mbrico<br \/>Tipo de conector del estuche de carga: USB Tipo C<br \/>Gu\u00eda de configuraci\u00f3n r\u00e1pida: Si<br \/>Cables incluidos: USB Tipo C<br \/>Cantidad: 1<\/p>\n<p>Caracter\u00edsticas del proveedor<br \/>Tiempo de carga: 90 min<\/p>\n<p>\u00a0<\/p>\n","protected":false},"excerpt":{"rendered":"<p>Auriculares micro energy sistem wireless s2 grafito bluetooth 5.0 &#8211;  hasta 20h &#8211;  mic. integrado &#8211;  usb tipo c<\/p>\n","protected":false},"featured_media":234149,"comment_status":"closed","ping_status":"open","template":"","meta":{"_et_pb_use_builder":"","_et_pb_old_content":"","_et_gb_content_width":""},"product_brand":[2879],"product_cat":[2799,2800,2058],"product_tag":[2803,2804,2881,2068,2880],"class_list":{"0":"post-234143","1":"product","2":"type-product","3":"status-publish","4":"has-post-thumbnail","6":"product_brand-energy-sistem","7":"product_cat-altavoces-mp3-y-auriculares","8":"product_cat-auriculares","9":"product_cat-dispositivos","10":"product_tag-altavoces-mp3-y-auriculares","11":"product_tag-auriculares","12":"product_tag-auriculares-micro-energy-sistem-wireless-s2","13":"product_tag-dispositivos","14":"product_tag-energy-sistem","15":"product_shipping_class-2059","16":"pa_canon-digital-incluida-0-e-incluidos","18":"first","19":"instock","20":"taxable","21":"shipping-taxable","22":"purchasable","23":"product-type-simple"},"_links":{"self":[{"href":"https:\/\/linkxa.es\/linkshop\/wp-json\/wp\/v2\/product\/234143","targetHints":{"allow":["GET"]}}],"collection":[{"href":"https:\/\/linkxa.es\/linkshop\/wp-json\/wp\/v2\/product"}],"about":[{"href":"https:\/\/linkxa.es\/linkshop\/wp-json\/wp\/v2\/types\/product"}],"replies":[{"embeddable":true,"href":"https:\/\/linkxa.es\/linkshop\/wp-json\/wp\/v2\/comments?post=234143"}],"wp:featuredmedia":[{"embeddable":true,"href":"https:\/\/linkxa.es\/linkshop\/wp-json\/wp\/v2\/media\/234149"}],"wp:attachment":[{"href":"https:\/\/linkxa.es\/linkshop\/wp-json\/wp\/v2\/media?parent=234143"}],"wp:term":[{"taxonomy":"product_brand","embeddable":true,"href":"https:\/\/linkxa.es\/linkshop\/wp-json\/wp\/v2\/product_brand?post=234143"},{"taxonomy":"product_cat","embeddable":true,"href":"https:\/\/linkxa.es\/linkshop\/wp-json\/wp\/v2\/product_cat?post=234143"},{"taxonomy":"product_tag","embeddable":true,"href":"https:\/\/linkxa.es\/linkshop\/wp-json\/wp\/v2\/product_tag?post=234143"}],"curies":[{"name":"wp","href":"https:\/\/api.w.org\/{rel}","templated":true}]}}