{"id":234154,"date":"2025-06-14T19:18:10","date_gmt":"2025-06-14T19:18:10","guid":{"rendered":"https:\/\/linkxa.es\/contratacion\/producto\/auriculares-micro-energy-sistem-style-4\/"},"modified":"2025-08-02T10:07:42","modified_gmt":"2025-08-02T10:07:42","slug":"auriculares-micro-energy-sistem-style-4","status":"publish","type":"product","link":"https:\/\/linkxa.es\/linkshop\/producto\/auriculares-micro-energy-sistem-style-4\/","title":{"rendered":"Auriculares micro energy sistem style 4"},"content":{"rendered":"<h3 style=\"text-align: center;\"><strong>Energy sistem\u00a0 |\u00a0 Auriculares<\/strong><\/h3>\n<p>\u00a0<\/p>\n<p>Auriculares True Wireless, para disfrutar de tu m\u00fasica sin cables<\/p>\n<p>Dise\u00f1o compacto y ergon\u00f3mico. Personaliza tu m\u00fasica y controles gracias a ESmart Connect y Voice Assistant. Con 25 horas de bater\u00eda entre auriculares y charging case.<\/p>\n<p>\u00a0<\/p>\n<p>Tu m\u00fasica siempre en modo on<\/p>\n<p>Auriculares inal\u00e1mbricos con charging case para cargar la bater\u00eda all\u00e1 donde vayas. \u00a1Y que no te falte nunca la m\u00fasica! Hasta 25 horas de autonom\u00eda (5 horas por cada carga de los auriculares y 20 horas<br \/>adicionales en el charging case).<\/p>\n<p>\u00a0<\/p>\n<p>ESmart Connect App<\/p>\n<p>Personaliza la configuraci\u00f3n de tus auriculares con la App ESmart Connect. Con funciones de ecualizaci\u00f3n de sonido y Find my earbuds (para encontrar tus earphones f\u00e1cilmente cuando los pierdas de<br \/>vista). Configura a tu gusto la reproducci\u00f3n con touch control y disfruta de todas las actualizaciones OTA en tu dispositivo.<\/p>\n<p>\u00a0<\/p>\n<p>Ligeros y compactos<\/p>\n<p>Gracias a su dise\u00f1o ergon\u00f3mico, los Earphones True Wireless Style 4 se adaptan perfectamente a tu o\u00eddo, para que escuches tus temas preferidos con total comodidad. El charging case es tan ligero y<br \/>compacto que podr\u00e1s llevarlos contigo en el bolsillo, en tu mochila o un peque\u00f1o rinc\u00f3n de tu bolso.<\/p>\n<p>\u00a0<\/p>\n<p>Asistente de voz y control t\u00e1ctil<\/p>\n<p>Los auriculares inal\u00e1mbricos de Energy Sistem cuentan con Voice Assistant para ayudarte a encontrar f\u00e1cilmente lo buscas, con los comandos de voz. Con Touch Control, tecnolog\u00eda inal\u00e1mbrica Bluetooth<br \/>5.1, True Wireless con sincronizaci\u00f3n autom\u00e1tica y funci\u00f3n manos libres.<\/p>\n<p>ESPECIFICACIONES<\/p>\n<p>General<br \/>Marca: ENERGY SISTEM<br \/>Garant\u00eda: 3<br \/>Part Number: 453504<br \/>Categor\u00edas: SONIDO<br \/>Reacondicionado: No<br \/>Reposici\u00f3n &#8211; Etiqueta: No<br \/>Peso Volumetrico 0.14 Kg.<br \/>Contenido del embalaje<br \/>Almohadillas para oidos: Si<br \/>Material incluido: USB TIPO C<br \/>Detalles t\u00e9cnicos<br \/>Tipolog\u00eda Imagen Sonido: Auriculares<br \/>Alcance Bluetooth: 20 m<br \/>Conexi\u00f3n inal\u00e1mbrica: Si<br \/>Marca compatible: Universal<br \/>Tipo de auricular: Binaurale<br \/>Conectividad<br \/>Interfaz: Bluetooth<br \/>Conectividad del dispositivo: Inal\u00e1mbrico<br \/>Perfiles de Bluetooth: HSP, A2DP, AVRCP, HFP<br \/>Control de energ\u00eda<br \/>Alimentaci\u00f3n: Bater\u00eda<br \/>Carga por USB: Si<br \/>Recargable: Si<br \/>Otras caracter\u00edsticas<br \/>Tecnolog\u00eda inal\u00e1mbrica: Bluetooth<br \/>Versi\u00f3n de Bluetooth: 5.0<br \/>Peso y dimensiones<br \/>Altura: 30 mm<br \/>Ancho: 65 mm<br \/>Peso: 42 g<br \/>Profundidad: 35 mm<br \/>Auriculares<br \/>Tipolog\u00eda Auriculares: Bot\u00f3n, Micr\u00f3fono Incluido<br \/>Auriculares: Bluetooth<br \/>Estilo de uso: Dentro de o\u00eddo<br \/>Frecuencia de auricular: 20 &#8211; 20000 Hz<br \/>Tipo de controlador: Din\u00e1mico<br \/>Unidad de disco: 10 mm<br \/>Bater\u00eda<br \/>Autonom\u00eda: 20h, 5 h<br \/>Auriculares<br \/>Audifonos: Intraaural<br \/>Micr\u00f3fono<br \/>Frecuencia de micr\u00f3fono: 100 &#8211; 10000 Hz<br \/>Sensibilidad de micr\u00f3fono: -42 dB<\/p>\n<p>\u00a0<\/p>\n","protected":false},"excerpt":{"rendered":"<p>Auriculares micro energy sistem style 4 grafito bluetooth 5.0 &#8211; hasta 25h &#8211; mic. integrado &#8211; usb &#8211; c<\/p>\n","protected":false},"featured_media":234998,"comment_status":"closed","ping_status":"open","template":"","meta":{"_et_pb_use_builder":"","_et_pb_old_content":"","_et_gb_content_width":""},"product_brand":[2879],"product_cat":[2799,2800,2058],"product_tag":[2803,2804,2882,2068,2880],"class_list":{"0":"post-234154","1":"product","2":"type-product","3":"status-publish","4":"has-post-thumbnail","6":"product_brand-energy-sistem","7":"product_cat-altavoces-mp3-y-auriculares","8":"product_cat-auriculares","9":"product_cat-dispositivos","10":"product_tag-altavoces-mp3-y-auriculares","11":"product_tag-auriculares","12":"product_tag-auriculares-micro-energy-sistem-style-4","13":"product_tag-dispositivos","14":"product_tag-energy-sistem","15":"product_shipping_class-2059","16":"pa_canon-digital-incluida-0-e-incluidos","18":"first","19":"instock","20":"taxable","21":"shipping-taxable","22":"purchasable","23":"product-type-simple"},"_links":{"self":[{"href":"https:\/\/linkxa.es\/linkshop\/wp-json\/wp\/v2\/product\/234154","targetHints":{"allow":["GET"]}}],"collection":[{"href":"https:\/\/linkxa.es\/linkshop\/wp-json\/wp\/v2\/product"}],"about":[{"href":"https:\/\/linkxa.es\/linkshop\/wp-json\/wp\/v2\/types\/product"}],"replies":[{"embeddable":true,"href":"https:\/\/linkxa.es\/linkshop\/wp-json\/wp\/v2\/comments?post=234154"}],"wp:featuredmedia":[{"embeddable":true,"href":"https:\/\/linkxa.es\/linkshop\/wp-json\/wp\/v2\/media\/234998"}],"wp:attachment":[{"href":"https:\/\/linkxa.es\/linkshop\/wp-json\/wp\/v2\/media?parent=234154"}],"wp:term":[{"taxonomy":"product_brand","embeddable":true,"href":"https:\/\/linkxa.es\/linkshop\/wp-json\/wp\/v2\/product_brand?post=234154"},{"taxonomy":"product_cat","embeddable":true,"href":"https:\/\/linkxa.es\/linkshop\/wp-json\/wp\/v2\/product_cat?post=234154"},{"taxonomy":"product_tag","embeddable":true,"href":"https:\/\/linkxa.es\/linkshop\/wp-json\/wp\/v2\/product_tag?post=234154"}],"curies":[{"name":"wp","href":"https:\/\/api.w.org\/{rel}","templated":true}]}}