{"id":234160,"date":"2025-01-26T14:40:02","date_gmt":"2025-01-26T14:40:02","guid":{"rendered":"https:\/\/linkxa.es\/contratacion\/producto\/auriculares-energy-sistem-bt-style-3\/"},"modified":"2025-08-02T02:38:49","modified_gmt":"2025-08-02T02:38:49","slug":"auriculares-energy-sistem-bt-style-3","status":"publish","type":"product","link":"https:\/\/linkxa.es\/linkshop\/producto\/auriculares-energy-sistem-bt-style-3\/","title":{"rendered":"Auriculares energy sistem bt style 3"},"content":{"rendered":"<h3 style=\"text-align: center;\"><strong>Energy sistem\u00a0 |\u00a0 Auriculares<\/strong><\/h3>\n<p>\u00a0<\/p>\n<p>Late al ritmo de la m\u00fasica<br \/>Vibra con tu m\u00fasica preferida gracias a los graves profundos y contundentes de este auricular inal\u00e1mbrico. Disfruta por mucho m\u00e1s tiempo gracias a su Long Battery Life, hasta 25 horas de autonom\u00eda en<br \/>la bater\u00eda. \u00a1Diversi\u00f3n non-stop!<\/p>\n<p>El mejor audio en tus llamadas<br \/>Gracias a HQ Voice Calls podr\u00e1s conversar con un audio n\u00edtido y claro en tus llamadas. Su dise\u00f1o circumaural, que cubre toda la oreja, te proporciona una mayor sensaci\u00f3n de aislamiento y comodidad.<\/p>\n<p>Olv\u00eddate de los cables<br \/>Auricular con tecnolog\u00eda Bluetooth 5.1, con hasta 20 metros de alcance. Funci\u00f3n manos libres y asistente de voz compatible con Google\/Siri. Mayor libertad sin cables para estar siempre conectado.<\/p>\n<p>Marca tendencia<br \/>Elige el color que va con tu estilo y completa tu outfit con los auriculares Bluetooth Style 3. Una gama de tonalidades que son tendencia y que te har\u00e1n destacar. Los acabados met\u00e1licos, la diadema<br \/>ajustable y su dise\u00f1o plegable marcan la diferencia.<\/p>\n<p>ESPECIFICACIONES<\/p>\n<p>Audio<br \/>&#8211; Di\u00e1metro del driver: 40 mm<br \/>&#8211; Drivers: Din\u00e1mico<br \/>&#8211; Respuesta en frecuencia: 20 Hz ~ 20 kHz<br \/>&#8211; Tipo: Circumaural<br \/>Conectividad<br \/>&#8211; Asistente de voz (Google, Siri): S\u00ed<br \/>&#8211; Bluetooth &#8211; Versi\u00f3n: 5.1<br \/>&#8211; Bluetooth &#8211; Clase: 2<br \/>&#8211; Bluetooth &#8211; Frecuencia de trabajo: 2.4 GHz<br \/>&#8211; Bluetooth &#8211; Perfiles: A2DP \/ AVRCP \/ HFP \/ HSP<br \/>&#8211; Bluetooth &#8211; Alcance: 20 m<br \/>&#8211; Bluetooth &#8211; Codecs de audio soportados: SBC<br \/>&#8211; Bluetooth &#8211; Potencia m\u00e1xima de la se\u00f1al: &#038;lt, 20,00 dBm<br \/>Bater\u00eda<br \/>&#8211; Tipo: LiPo<br \/>&#8211; Capacidad: 400 mAh<br \/>&#8211; Voltaje: 3.7 V<br \/>&#8211; Autonom\u00eda &#8211; Uso normal: 25 h<br \/>&#8211; Sistema de carga: USB tipo C<br \/>&#8211; Tiempo de carga: 2 h<br \/>Micr\u00f3fono<br \/>&#8211; Manos libres: S\u00ed<br \/>&#8211; Tipo: Integrado<br \/>&#8211; Sensibilidad: -38 dB 3 dB (@1 kHz)<br \/>&#8211; Rango de frecuencia: 10 Hz ~ 10 kHz<br \/>Alimentaci\u00f3n<br \/>&#8211; Conectores: USB tipo C<br \/>&#8211; Longitud del cable: 120 cm<br \/>Compatibilidad<br \/>&#8211; MAC \/ PC Windows \/ Smartphone \/ TV<br \/>Otras caracter\u00edsticas<br \/>&#8211; Control de reproducci\u00f3n: S\u00ed<br \/>&#8211; Control de volumen: S\u00ed<br \/>&#8211; Tipo de diadema: Ajustable<br \/>&#8211; Dimensiones y peso<br \/>Alto: 171 mm<br \/>Ancho: 182 mm<br \/>Profundo: 85 mm<br \/>Peso: 176 g<\/p>\n<p>\u00a0<\/p>\n","protected":false},"excerpt":{"rendered":"<p>Auriculares energy sistem bt style 3 lavanda<\/p>\n","protected":false},"featured_media":234161,"comment_status":"closed","ping_status":"open","template":"","meta":{"_et_pb_use_builder":"","_et_pb_old_content":"","_et_gb_content_width":""},"product_brand":[2879],"product_cat":[2799,2800,2058],"product_tag":[2803,2804,2883,2068,2880],"class_list":{"0":"post-234160","1":"product","2":"type-product","3":"status-publish","4":"has-post-thumbnail","6":"product_brand-energy-sistem","7":"product_cat-altavoces-mp3-y-auriculares","8":"product_cat-auriculares","9":"product_cat-dispositivos","10":"product_tag-altavoces-mp3-y-auriculares","11":"product_tag-auriculares","12":"product_tag-auriculares-energy-sistem-bt-style-3","13":"product_tag-dispositivos","14":"product_tag-energy-sistem","15":"product_shipping_class-2059","16":"pa_canon-digital-incluida-0-e-incluidos","18":"first","19":"instock","20":"taxable","21":"shipping-taxable","22":"purchasable","23":"product-type-simple"},"_links":{"self":[{"href":"https:\/\/linkxa.es\/linkshop\/wp-json\/wp\/v2\/product\/234160","targetHints":{"allow":["GET"]}}],"collection":[{"href":"https:\/\/linkxa.es\/linkshop\/wp-json\/wp\/v2\/product"}],"about":[{"href":"https:\/\/linkxa.es\/linkshop\/wp-json\/wp\/v2\/types\/product"}],"replies":[{"embeddable":true,"href":"https:\/\/linkxa.es\/linkshop\/wp-json\/wp\/v2\/comments?post=234160"}],"wp:featuredmedia":[{"embeddable":true,"href":"https:\/\/linkxa.es\/linkshop\/wp-json\/wp\/v2\/media\/234161"}],"wp:attachment":[{"href":"https:\/\/linkxa.es\/linkshop\/wp-json\/wp\/v2\/media?parent=234160"}],"wp:term":[{"taxonomy":"product_brand","embeddable":true,"href":"https:\/\/linkxa.es\/linkshop\/wp-json\/wp\/v2\/product_brand?post=234160"},{"taxonomy":"product_cat","embeddable":true,"href":"https:\/\/linkxa.es\/linkshop\/wp-json\/wp\/v2\/product_cat?post=234160"},{"taxonomy":"product_tag","embeddable":true,"href":"https:\/\/linkxa.es\/linkshop\/wp-json\/wp\/v2\/product_tag?post=234160"}],"curies":[{"name":"wp","href":"https:\/\/api.w.org\/{rel}","templated":true}]}}