{"id":234162,"date":"2024-11-26T17:56:18","date_gmt":"2024-11-26T17:56:18","guid":{"rendered":"https:\/\/linkxa.es\/contratacion\/producto\/auriculares-epos-sennheiser-pc-5-chat\/"},"modified":"2025-08-02T02:39:18","modified_gmt":"2025-08-02T02:39:18","slug":"auriculares-epos-sennheiser-pc-5-chat","status":"publish","type":"product","link":"https:\/\/linkxa.es\/linkshop\/producto\/auriculares-epos-sennheiser-pc-5-chat\/","title":{"rendered":"Auriculares epos sennheiser pc 5 chat"},"content":{"rendered":"<h3 style=\"text-align: center;\"><strong>Epos sennheiser\u00a0 |\u00a0 Auriculares<\/strong><\/h3>\n<p>\u00a0<\/p>\n<p>Disfruta de un sonido est\u00e9reo Sennheiser mientras hablas a trav\u00e9s de internet o escuchas m\u00fasica. Los auriculares con micr\u00f3fono PC 5 CHAT son extremadamente f\u00e1ciles de usar y lo suficientemente resistentes para soportar el uso m\u00e1s<br \/>activo. Su micr\u00f3fono con supresi\u00f3n de ruido de alta calidad asegura conversaciones claras con amigos y familiares en todo el mundo.<\/p>\n<p>Caracter\u00edsticas<\/p>\n<p>Claridad por su supresi\u00f3n de ruido: Gracias a su micr\u00f3fono con supresi\u00f3n de ruido, tu voz es f\u00e1cil de entender sin tener que gritar.<br \/>Sonido est\u00e9reo: Perfecto para una variedad de aplicaciones tales como la m\u00fasica y los juegos.<br \/>Ligeros y c\u00f3modos: Con su diadema de peso ligero, es f\u00e1cil olvidarse de que los est\u00e1s usando.<br \/>F\u00e1cil de usar: Plug-and-play, por lo que es f\u00e1cil de conectar a tu ordenador.<\/p>\n<p>General<br \/>Marca: EPOS SENNHEISER<br \/>Garant\u00eda: 2<br \/>Part Number: 1000445<br \/>Categor\u00edas: SONIDO PC<br \/>Reacondicionado: No<br \/>Reposici\u00f3n &#8211; Etiqueta: No<br \/>Peso Volumetrico 0.34 Kg.<br \/>Detalles t\u00e9cnicos<br \/>Tipolog\u00eda Imagen Sonido: Auriculares<br \/>Marca compatible: Universal<br \/>Plug and Play: Si<br \/>Tipo de auricular: Binaurale<br \/>Conectividad<br \/>Interfaz: 3.5 mm<br \/>Conectividad del dispositivo: Al\u00e1mbrico<br \/>Auriculares<br \/>Tipolog\u00eda Auriculares: Diadema, Micr\u00f3fono Incluido<br \/>Auriculares: 3.5 mm<br \/>Estilo de uso: Diadema<br \/>Frecuencia de auricular: 42 &#8211; 17000 Hz<br \/>Sensibilidad de auricular: 95 dB<br \/>Sistema ac\u00fastico: Abierto<br \/>Tipo de controlador: Din\u00e1mico<br \/>Color<br \/>Color: Negro<br \/>Ports &#038; interfaces<br \/>Conectividad: Al\u00e1mbrico<br \/>Auriculares<br \/>Audifonos: Supraaural<br \/>Micr\u00f3fono<br \/>Micr\u00f3fono incluido: Si<br \/>Frecuencia de micr\u00f3fono: 90 &#8211; 15000 Hz<br \/>Sensibilidad de micr\u00f3fono: -40 dB<\/p>\n<p>\u00a0<\/p>\n","protected":false},"excerpt":{"rendered":"<p>Auriculares epos sennheiser pc 5 chat jack 3.5mm microfono negro<\/p>\n","protected":false},"featured_media":234163,"comment_status":"closed","ping_status":"open","template":"","meta":{"_et_pb_use_builder":"","_et_pb_old_content":"","_et_gb_content_width":""},"product_brand":[2884],"product_cat":[2799,2800,2058],"product_tag":[2803,2804,2886,2068,2885],"class_list":{"0":"post-234162","1":"product","2":"type-product","3":"status-publish","4":"has-post-thumbnail","6":"product_brand-epos-sennheiser","7":"product_cat-altavoces-mp3-y-auriculares","8":"product_cat-auriculares","9":"product_cat-dispositivos","10":"product_tag-altavoces-mp3-y-auriculares","11":"product_tag-auriculares","12":"product_tag-auriculares-epos-sennheiser-pc-5-chat","13":"product_tag-dispositivos","14":"product_tag-epos-sennheiser","15":"product_shipping_class-2059","16":"pa_canon-digital-incluida-0-e-incluidos","18":"first","19":"instock","20":"taxable","21":"shipping-taxable","22":"purchasable","23":"product-type-simple"},"_links":{"self":[{"href":"https:\/\/linkxa.es\/linkshop\/wp-json\/wp\/v2\/product\/234162","targetHints":{"allow":["GET"]}}],"collection":[{"href":"https:\/\/linkxa.es\/linkshop\/wp-json\/wp\/v2\/product"}],"about":[{"href":"https:\/\/linkxa.es\/linkshop\/wp-json\/wp\/v2\/types\/product"}],"replies":[{"embeddable":true,"href":"https:\/\/linkxa.es\/linkshop\/wp-json\/wp\/v2\/comments?post=234162"}],"wp:featuredmedia":[{"embeddable":true,"href":"https:\/\/linkxa.es\/linkshop\/wp-json\/wp\/v2\/media\/234163"}],"wp:attachment":[{"href":"https:\/\/linkxa.es\/linkshop\/wp-json\/wp\/v2\/media?parent=234162"}],"wp:term":[{"taxonomy":"product_brand","embeddable":true,"href":"https:\/\/linkxa.es\/linkshop\/wp-json\/wp\/v2\/product_brand?post=234162"},{"taxonomy":"product_cat","embeddable":true,"href":"https:\/\/linkxa.es\/linkshop\/wp-json\/wp\/v2\/product_cat?post=234162"},{"taxonomy":"product_tag","embeddable":true,"href":"https:\/\/linkxa.es\/linkshop\/wp-json\/wp\/v2\/product_tag?post=234162"}],"curies":[{"name":"wp","href":"https:\/\/api.w.org\/{rel}","templated":true}]}}