{"id":234193,"date":"2025-06-20T12:09:20","date_gmt":"2025-06-20T12:09:20","guid":{"rendered":"https:\/\/linkxa.es\/contratacion\/producto\/auriculares-aiwa-estm-500wt-jack-3-5mm-blanco\/"},"modified":"2025-08-02T02:41:42","modified_gmt":"2025-08-02T02:41:42","slug":"auriculares-aiwa-estm-500wt-jack-3-5mm-blanco","status":"publish","type":"product","link":"https:\/\/linkxa.es\/linkshop\/producto\/auriculares-aiwa-estm-500wt-jack-3-5mm-blanco\/","title":{"rendered":"Auriculares aiwa estm &#8211; 500wt jack 3.5mm blanco"},"content":{"rendered":"<h3 style=\"text-align: center;\"><strong>Aiwa\u00a0 |\u00a0 Auriculares<\/strong><\/h3>\n<p>\u00a0<\/p>\n<p>Aiwa ESTM-500WT. Tipo de producto: Auriculares. Tecnolog\u00eda de conectividad: Al\u00e1mbrico. Uso recomendado: M\u00fasica. Frecuencia de auricular: 10 &#8211; 40000 Hz. Longitud de cable: 1,2 m. Peso: 14,7 g. Color del producto:<br \/>Blanco<br \/>Desempe\u00f1o<br \/>Tipo de producto Auriculares<br \/>Estilo de uso Dentro de o\u00eddo<br \/>Uso recomendado M\u00fasica<br \/>Tipo de auricular Binaural<br \/>Color del producto Blanco<br \/>Longitud de cable 1,2 m<br \/>Color del cable Blanco<br \/>Puertos e Interfaces<br \/>Tecnolog\u00eda de conectividad Al\u00e1mbrico<br \/>Conector de 3,5 mm Si<br \/>Conexi\u00f3n USB No<br \/>Bluetooth No<br \/>Auriculares<br \/>Potencia m\u00e1xima de entrada 5 mW<br \/>Audifonos Intraaural<br \/>Frecuencia de auricular 10 &#8211; 40000 Hz<br \/>Obstrucci\u00f3n 21<br \/>Sensibilidad de auricular 102 dB<br \/>Tipo de im\u00e1n Titanio<br \/>Unidad de disco 1 cm<br \/>Micr\u00f3fono<br \/>Tipo de micr\u00f3fono No disponible<br \/>Peso y dimensiones<br \/>Peso 14,7 g<br \/>Empaquetado<br \/>Ancho del paquete 240 mm<br \/>Profundidad del paquete 110 mm<br \/>Altura del paquete 30 mm<br \/>Peso del paquete 200 g<\/p>\n<p>\u00a0<\/p>\n","protected":false},"excerpt":{"rendered":"<p>Auriculares aiwa estm &#8211; 500wt jack 3.5mm blanco<\/p>\n","protected":false},"featured_media":234194,"comment_status":"closed","ping_status":"open","template":"","meta":{"_et_pb_use_builder":"","_et_pb_old_content":"","_et_gb_content_width":""},"product_brand":[2610],"product_cat":[2799,2800,2058],"product_tag":[2611,2803,2804,2892,2068],"class_list":{"0":"post-234193","1":"product","2":"type-product","3":"status-publish","4":"has-post-thumbnail","6":"product_brand-aiwa","7":"product_cat-altavoces-mp3-y-auriculares","8":"product_cat-auriculares","9":"product_cat-dispositivos","10":"product_tag-aiwa","11":"product_tag-altavoces-mp3-y-auriculares","12":"product_tag-auriculares","13":"product_tag-auriculares-aiwa-estm-500wt-jack-3-5mm-blanco","14":"product_tag-dispositivos","15":"product_shipping_class-2059","16":"pa_canon-digital-incluida-0-e-incluidos","18":"first","19":"instock","20":"taxable","21":"shipping-taxable","22":"purchasable","23":"product-type-simple"},"_links":{"self":[{"href":"https:\/\/linkxa.es\/linkshop\/wp-json\/wp\/v2\/product\/234193","targetHints":{"allow":["GET"]}}],"collection":[{"href":"https:\/\/linkxa.es\/linkshop\/wp-json\/wp\/v2\/product"}],"about":[{"href":"https:\/\/linkxa.es\/linkshop\/wp-json\/wp\/v2\/types\/product"}],"replies":[{"embeddable":true,"href":"https:\/\/linkxa.es\/linkshop\/wp-json\/wp\/v2\/comments?post=234193"}],"wp:featuredmedia":[{"embeddable":true,"href":"https:\/\/linkxa.es\/linkshop\/wp-json\/wp\/v2\/media\/234194"}],"wp:attachment":[{"href":"https:\/\/linkxa.es\/linkshop\/wp-json\/wp\/v2\/media?parent=234193"}],"wp:term":[{"taxonomy":"product_brand","embeddable":true,"href":"https:\/\/linkxa.es\/linkshop\/wp-json\/wp\/v2\/product_brand?post=234193"},{"taxonomy":"product_cat","embeddable":true,"href":"https:\/\/linkxa.es\/linkshop\/wp-json\/wp\/v2\/product_cat?post=234193"},{"taxonomy":"product_tag","embeddable":true,"href":"https:\/\/linkxa.es\/linkshop\/wp-json\/wp\/v2\/product_tag?post=234193"}],"curies":[{"name":"wp","href":"https:\/\/api.w.org\/{rel}","templated":true}]}}