{"id":234219,"date":"2025-03-25T19:54:28","date_gmt":"2025-03-25T19:54:28","guid":{"rendered":"https:\/\/linkxa.es\/contratacion\/producto\/auriculares-conceptronic-polona04b-inalambrico-negro\/"},"modified":"2025-08-02T02:44:42","modified_gmt":"2025-08-02T02:44:42","slug":"auriculares-conceptronic-polona04b-inalambrico-negro","status":"publish","type":"product","link":"https:\/\/linkxa.es\/linkshop\/producto\/auriculares-conceptronic-polona04b-inalambrico-negro\/","title":{"rendered":"Auriculares conceptronic polona04b inalambrico negro"},"content":{"rendered":"<h3 style=\"text-align: center;\"><strong>Conceptronic\u00a0 |\u00a0 Auriculares<\/strong><\/h3>\n<p>\u00a0<\/p>\n<p>El micr\u00f3fono con cancelaci\u00f3n de ruido ofrece un sonido claro y de alta fidelidad durante las llamadas de voz con manos libres.<\/p>\n<p>Duraci\u00f3n de la bater\u00eda para todo el d\u00eda: 40 horas de conversaci\u00f3n o 44 horas de reproducci\u00f3n de m\u00fasica<\/p>\n<p>Conectividad inal\u00e1mbrica Bluetooth 5.3<\/p>\n<p>Perfil Bluetooth: A2DP \/ AVRCP \/ HFP \/ HSP<\/p>\n<p>Micr\u00f3fono giratorio de 270 grados con bot\u00f3n de silencio<\/p>\n<p>Conexi\u00f3n de dispositivo dual para usar dos dispositivos Bluetooth simult\u00e1neamente<\/p>\n<p>Almohadillas de espuma con memoria y diadema ajustable<\/p>\n<p>Entrada de audio de 3,5 mm<\/p>\n<p>El adaptador de audio USB incluido ofrece emparejamiento y conexi\u00f3n autom\u00e1ticos.<\/p>\n<p>General<\/p>\n<p>Color: Negro<\/p>\n<p>EAN: 4015867234334<\/p>\n<p>N\u00famero de modelo: POLONA04B<\/p>\n<p>Miscel\u00e1neas<\/p>\n<p>Modo de conexi\u00f3n: Bluetooth<\/p>\n<p>Otros<\/p>\n<p>Aprobaci\u00f3n y Cumplimiento: CE, RoHS<\/p>\n<p>Temperatura de funcionamiento: 0C ~ 45C<\/p>\n<p>contenidos del paquete: Auriculares est\u00e9reo Bluetooth Cable USB-C a USB-A, Gu\u00eda de instalaci\u00f3n r\u00e1pida multilinge<\/p>\n<p>Tiempo de recarga 20,5 horas<\/p>\n<p>Especificaciones f\u00edsicas<\/p>\n<p>Dimensiones (Ancho x Fondo x Alto): 169,19 x 67,97 x 186,52 mil\u00edmetros<\/p>\n<p>Peso del producto (kg): 0,17<\/p>\n<p>Especificaciones del Sistema<\/p>\n<p>Sensibilidad: -42dB2dB<\/p>\n<p>Sistema de audio: Canal 2.0<\/p>\n<p>Capacidad de la bater\u00eda (mAh): 600<\/p>\n<p>Capacidad de la bater\u00eda (Wh): 2.22<\/p>\n<p>Voltaje de la bater\u00eda: 3,7 V<\/p>\n<p>Versi\u00f3n Bluetooth: 5.3<\/p>\n<p>Banda de frecuencia: 2.402-2.480GHz<\/p>\n<p>Impedancia (ohmios): 32<\/p>\n<p>Potencia de audio en RMS: 10mW<\/p>\n<p>Configuraci\u00f3n del puerto: AUX. de 3,5 mm, USB-C<\/p>\n<p>Entrada de alimentaci\u00f3n: CC 5 V<\/p>\n<p>Relaci\u00f3n se\u00f1al-ruido: 55dB<\/p>\n<p>\u00a0<\/p>\n","protected":false},"excerpt":{"rendered":"<p>Auriculares conceptronic polona04b inalambrico negro<\/p>\n","protected":false},"featured_media":234220,"comment_status":"closed","ping_status":"open","template":"","meta":{"_et_pb_use_builder":"","_et_pb_old_content":"","_et_gb_content_width":""},"product_brand":[2897],"product_cat":[2799,2800,2058],"product_tag":[2803,2804,2899,2898,2068],"class_list":{"0":"post-234219","1":"product","2":"type-product","3":"status-publish","4":"has-post-thumbnail","6":"product_brand-conceptronic","7":"product_cat-altavoces-mp3-y-auriculares","8":"product_cat-auriculares","9":"product_cat-dispositivos","10":"product_tag-altavoces-mp3-y-auriculares","11":"product_tag-auriculares","12":"product_tag-auriculares-conceptronic-polona04b-inalambrico-negro","13":"product_tag-conceptronic","14":"product_tag-dispositivos","15":"product_shipping_class-2059","16":"pa_canon-digital-incluida-0-e-incluidos","18":"first","19":"instock","20":"taxable","21":"shipping-taxable","22":"purchasable","23":"product-type-simple"},"_links":{"self":[{"href":"https:\/\/linkxa.es\/linkshop\/wp-json\/wp\/v2\/product\/234219","targetHints":{"allow":["GET"]}}],"collection":[{"href":"https:\/\/linkxa.es\/linkshop\/wp-json\/wp\/v2\/product"}],"about":[{"href":"https:\/\/linkxa.es\/linkshop\/wp-json\/wp\/v2\/types\/product"}],"replies":[{"embeddable":true,"href":"https:\/\/linkxa.es\/linkshop\/wp-json\/wp\/v2\/comments?post=234219"}],"wp:featuredmedia":[{"embeddable":true,"href":"https:\/\/linkxa.es\/linkshop\/wp-json\/wp\/v2\/media\/234220"}],"wp:attachment":[{"href":"https:\/\/linkxa.es\/linkshop\/wp-json\/wp\/v2\/media?parent=234219"}],"wp:term":[{"taxonomy":"product_brand","embeddable":true,"href":"https:\/\/linkxa.es\/linkshop\/wp-json\/wp\/v2\/product_brand?post=234219"},{"taxonomy":"product_cat","embeddable":true,"href":"https:\/\/linkxa.es\/linkshop\/wp-json\/wp\/v2\/product_cat?post=234219"},{"taxonomy":"product_tag","embeddable":true,"href":"https:\/\/linkxa.es\/linkshop\/wp-json\/wp\/v2\/product_tag?post=234219"}],"curies":[{"name":"wp","href":"https:\/\/api.w.org\/{rel}","templated":true}]}}